{"id":689831,"date":"2025-03-02T20:05:35","date_gmt":"2025-03-02T17:05:35","guid":{"rendered":"https:\/\/nbg.eu\/product\/fox-classic-hunter\/"},"modified":"2026-05-13T15:11:49","modified_gmt":"2026-05-13T12:11:49","slug":"fox-classic-hunter","status":"publish","type":"product","link":"https:\/\/nbg.eu\/hr\/proizvod\/fox-classic-hunter\/","title":{"rendered":"Fox Classic hunter"},"content":{"rendered":"<h2>Fox Classic Hunter metci: Razorno precizni i bez olova performanse<\/h2>\n<p>Dizajnirani kako bi zadovoljili stroge zahtjeve europskog lova, Fox Classic Hunter metci pru\u017eaju nepopustljivu izvedbu i eti\u010dno, bezolovnu lovinu. Izra\u0111eni od legure \u010dvrstog bakra i cinka, ovi premium metci imaju dizajn dvostrukog promjera ekspanzije i visoki balisti\u010dki koeficijent (BC) za ravne putanje i razorna terminalna balistika.<\/p>\n<p>Lovci koji tra\u017ee pouzdanu, bezolovnu opciju municije mogu se pouzdati u Fox Classic Hunter da pru\u017ei duboku penetraciju i maksimalnu retenciju te\u017eine potrebnu za \u010dist, eti\u010dan uboj. Eliminiraju\u0107i kontaminaciju olovom, ovi metci osiguravaju da meso ostaje netaknuto i sigurno za konzumaciju, omogu\u0107uju\u0107i vam da u potpunosti u\u017eivate u plodovima va\u0161eg lova.<\/p>\n<p>Sa svojim naprednim dizajnom i sastavom materijala, Fox Classic Hunter isporu\u010duje performanse koje tra\u017eite bez kompromisa va\u0161ih vrijednosti. Do\u017eivite savr\u0161enu ravnote\u017eu preciznosti, snage i ekolo\u0161ke odgovornosti sa svakim hicem.<\/p>\n","protected":false},"excerpt":{"rendered":"<p>Fox Classic Hunter: Olovne lovne metke koji pru\u017eaju razorne terminalne balistike.<\/p>\n","protected":false},"featured_media":0,"template":"","meta":{"_acf_changed":false},"product_brand":[],"product_cat":[13585],"product_tag":[],"class_list":{"0":"post-689831","1":"product","2":"type-product","3":"status-publish","5":"product_cat-nerazvrstan","7":"first","8":"instock","9":"taxable","10":"shipping-taxable","11":"purchasable","12":"product-type-variable","13":"wvs-archive-product-wrapper"},"acf":[],"_links":{"self":[{"href":"https:\/\/nbg.eu\/hr\/wp-json\/wp\/v2\/product\/689831","targetHints":{"allow":["GET"]}}],"collection":[{"href":"https:\/\/nbg.eu\/hr\/wp-json\/wp\/v2\/product"}],"about":[{"href":"https:\/\/nbg.eu\/hr\/wp-json\/wp\/v2\/types\/product"}],"wp:attachment":[{"href":"https:\/\/nbg.eu\/hr\/wp-json\/wp\/v2\/media?parent=689831"}],"wp:term":[{"taxonomy":"product_brand","embeddable":true,"href":"https:\/\/nbg.eu\/hr\/wp-json\/wp\/v2\/product_brand?post=689831"},{"taxonomy":"product_cat","embeddable":true,"href":"https:\/\/nbg.eu\/hr\/wp-json\/wp\/v2\/product_cat?post=689831"},{"taxonomy":"product_tag","embeddable":true,"href":"https:\/\/nbg.eu\/hr\/wp-json\/wp\/v2\/product_tag?post=689831"}],"curies":[{"name":"wp","href":"https:\/\/api.w.org\/{rel}","templated":true}]}}