{"id":690545,"date":"2025-08-20T18:30:18","date_gmt":"2025-08-20T15:30:18","guid":{"rendered":"https:\/\/nbg.eu\/product\/german-tactical-systems-adjustable-ak-rear-sight\/"},"modified":"2026-05-13T16:48:56","modified_gmt":"2026-05-13T13:48:56","slug":"german-tactical-systems-adjustable-ak-rear-sight","status":"publish","type":"product","link":"https:\/\/nbg.eu\/hr\/proizvod\/german-tactical-systems-adjustable-ak-rear-sight\/","title":{"rendered":"GERMAN TACTICAL SYSTEMS Adjustable AK Rear Sight"},"content":{"rendered":"<h2>NJEMA\u010cKI TAKTI\u010cKI SUSTAVI Podesivi AK stra\u017enji ni\u0161an<\/h2>\n<p>Pobolj\u0161ajte preciznost va\u0161e AK platforme s ovim precizno in\u017eenjeriranim stra\u017enjim ni\u0161anom. Za razliku od tradicionalnih AK ni\u0161ana, ova inovativna konstrukcija nudi prilagodbe za bo\u010dno pomicanje i elevaciju za nenadma\u0161nu pozicioniranje pogodaka.<\/p>\n<ul>\n<li>Dvostruka prilagodba za bo\u010dno pomicanje i elevaciju<\/li>\n<li>Izdr\u017eljiva \u010deli\u010dna konstrukcija<\/li>\n<li>Brze prilagodbe bez alata<\/li>\n<li>Kompatibilno s ve\u0107inom AK varijanti<\/li>\n<li>Nisko-profini dizajn<\/li>\n<\/ul>\n<p>Savr\u0161eno za natjecateljske strijelce, takti\u010dke operativce i ljubitelje AK oru\u017eja. Unaprijedite performanse i estetiku svoje AK pu\u0161ke s ovim svestranim i lako upotrebljivim ni\u0161anom. Postignite vrhunsku preciznost u svim uvjetima, od streljane do terena.<\/p>\n","protected":false},"excerpt":{"rendered":"<p>Podesiva AK stra\u017enja ni\u0161anska sprava: Kontrola skretanja i elevacije, izdr\u017eljiv \u010delik.<\/p>\n","protected":false},"featured_media":471136,"template":"","meta":{"_acf_changed":false},"product_brand":[],"product_cat":[13507,13569,13530],"product_tag":[],"class_list":{"0":"post-690545","1":"product","2":"type-product","3":"status-publish","4":"has-post-thumbnail","6":"product_cat-ak-tuning","7":"product_cat-puska","8":"product_cat-tuning-puske","10":"first","11":"outofstock","12":"taxable","13":"shipping-taxable","14":"purchasable","15":"product-type-simple"},"acf":[],"_links":{"self":[{"href":"https:\/\/nbg.eu\/hr\/wp-json\/wp\/v2\/product\/690545","targetHints":{"allow":["GET"]}}],"collection":[{"href":"https:\/\/nbg.eu\/hr\/wp-json\/wp\/v2\/product"}],"about":[{"href":"https:\/\/nbg.eu\/hr\/wp-json\/wp\/v2\/types\/product"}],"wp:featuredmedia":[{"embeddable":true,"href":"https:\/\/nbg.eu\/hr\/wp-json\/wp\/v2\/media\/471136"}],"wp:attachment":[{"href":"https:\/\/nbg.eu\/hr\/wp-json\/wp\/v2\/media?parent=690545"}],"wp:term":[{"taxonomy":"product_brand","embeddable":true,"href":"https:\/\/nbg.eu\/hr\/wp-json\/wp\/v2\/product_brand?post=690545"},{"taxonomy":"product_cat","embeddable":true,"href":"https:\/\/nbg.eu\/hr\/wp-json\/wp\/v2\/product_cat?post=690545"},{"taxonomy":"product_tag","embeddable":true,"href":"https:\/\/nbg.eu\/hr\/wp-json\/wp\/v2\/product_tag?post=690545"}],"curies":[{"name":"wp","href":"https:\/\/api.w.org\/{rel}","templated":true}]}}