{"id":690548,"date":"2024-11-27T10:37:53","date_gmt":"2024-11-27T07:37:53","guid":{"rendered":"https:\/\/nbg.eu\/product\/geissele-20-round-6mm-arc-magazine-black\/"},"modified":"2026-05-13T16:02:29","modified_gmt":"2026-05-13T13:02:29","slug":"geissele-20-round-6mm-arc-magazine-black","status":"publish","type":"product","link":"https:\/\/nbg.eu\/hr\/proizvod\/geissele-20-round-6mm-arc-magazine-black\/","title":{"rendered":"Geissele Spremnik 6mm ARC 20 Metaka &#8211; Black"},"content":{"rendered":"<h2>Geissele 20 round 6mm ARC Magazine \u2013 Crna<\/h2>\n<p>Do\u017eivite neusporedivu izdr\u017eljivost i pouzdanost s Geisseleovim 6mm ARC spremnikom. Precizno in\u017eenjeriran za 6mm ARC streljivo, ovaj 20-metni spremnik hvali se robusnom jednodijelnom konstrukcijom i laserskim zavarivanjem za bolju \u010dvrsto\u0107u.<\/p>\n<ul>\n<li>Ultra izdr\u017eljivo tijelo od 410 nehr\u0111aju\u0107eg \u010delika s crnim nitridnim premazom<\/li>\n<li>Anti-naginju\u0107i slijednik osigurava glatko punjenje<\/li>\n<li>Konstrukcija otporna na koroziju za dugotrajnost<\/li>\n<li>Opruga od nehr\u0111aju\u0107eg \u010delika za dosljednu u\u010dinkovitost<\/li>\n<li>Ukupna duljina: 6,1 in\u010da<\/li>\n<li>Ponosno proizveden u SAD-u<\/li>\n<\/ul>\n<p>Unaprijedite svoje iskustvo ga\u0111anja Geisseleovom predano\u0161\u0107u kvaliteti i preciznosti. Ovaj spremnik napravljen je da izdr\u017ei napore intenzivne upotrebe, zadr\u017eavaju\u0107i istovremeno besprijekorno funkcioniranje. Odaberite Geissele za nekompromimiraju\u0107u izvedbu u svakom metku.<\/p>\n","protected":false},"excerpt":{"rendered":"<p>Izdr\u017eljiv 20-okvirni 6mm ARC spremnik. Protiv naginjanja, otporan na koroziju. Proizveden u SAD-u.<\/p>\n","protected":false},"featured_media":81836,"template":"","meta":{"_acf_changed":false},"product_brand":[11375],"product_cat":[13569,13576],"product_tag":[],"class_list":{"0":"post-690548","1":"product","2":"type-product","3":"status-publish","4":"has-post-thumbnail","6":"product_brand-geissele","7":"product_cat-puska","8":"product_cat-spremnici-za-puske","10":"first","11":"instock","12":"taxable","13":"shipping-taxable","14":"product-type-simple"},"acf":[],"_links":{"self":[{"href":"https:\/\/nbg.eu\/hr\/wp-json\/wp\/v2\/product\/690548","targetHints":{"allow":["GET"]}}],"collection":[{"href":"https:\/\/nbg.eu\/hr\/wp-json\/wp\/v2\/product"}],"about":[{"href":"https:\/\/nbg.eu\/hr\/wp-json\/wp\/v2\/types\/product"}],"wp:featuredmedia":[{"embeddable":true,"href":"https:\/\/nbg.eu\/hr\/wp-json\/wp\/v2\/media\/81836"}],"wp:attachment":[{"href":"https:\/\/nbg.eu\/hr\/wp-json\/wp\/v2\/media?parent=690548"}],"wp:term":[{"taxonomy":"product_brand","embeddable":true,"href":"https:\/\/nbg.eu\/hr\/wp-json\/wp\/v2\/product_brand?post=690548"},{"taxonomy":"product_cat","embeddable":true,"href":"https:\/\/nbg.eu\/hr\/wp-json\/wp\/v2\/product_cat?post=690548"},{"taxonomy":"product_tag","embeddable":true,"href":"https:\/\/nbg.eu\/hr\/wp-json\/wp\/v2\/product_tag?post=690548"}],"curies":[{"name":"wp","href":"https:\/\/api.w.org\/{rel}","templated":true}]}}