{"id":690613,"date":"2024-08-17T14:52:53","date_gmt":"2024-08-17T11:52:53","guid":{"rendered":"https:\/\/nbg.eu\/product\/fully-adjustable-sight-kmr-black-wide\/"},"modified":"2026-02-27T15:51:02","modified_gmt":"2026-02-27T12:51:02","slug":"fully-adjustable-sight-kmr-black-wide","status":"publish","type":"product","link":"https:\/\/nbg.eu\/hr\/proizvod\/fully-adjustable-sight-kmr-black-wide\/","title":{"rendered":"Potpuno prilagodljivi ni\u0161an KMR Crni-\u0160iroki"},"content":{"rendered":"<h2>Potpuno podesiva vizi\u0161na sprava KMR Black-Wide: Precizno majstorstvo za natjecateljske strijelce<\/h2>\n<p>Potpuno podesiva vizi\u0161na sprava KMR Black-Wide je krajnji dodatak za natjecateljske strijelce koji tra\u017ee neusporedivu preciznost i prilagodljivost. Dizajnirana s fokusom na pode\u0161avanje uzvisine\/vjetra i visoko-kontrastno preuzimanje cilja, ova vizi\u0161na sprava pru\u017ea u\u010dinak potreban za dominaciju na poligonu.<\/p>\n<p>S pode\u0161avanjem mikrometarskim klikom, KMR Black-Wide vam omogu\u0107uje da uravnote\u017eite to\u010dku udara precizno na va\u0161e specifi\u010dno punjenje i udaljenost, osiguravaju\u0107i kompromisnu preciznost. &#8220;\u0160iroka&#8221; stra\u017enja zareza pru\u017ea bolju sliku vizi\u0161ta za brze prijelaze, dok zavr\u0161na mat crna boja bez odsjaja eliminira odsjev sunca za o\u0161tar, crno-na-crno profil.<\/p>\n<p>Bilo da se bavite natjecanjima preciznosti na velikoj udaljenosti ili navigiranjem izazovnim \u010deli\u010dnim preprekama, Potpuno podesiva vizi\u0161na sprava KMR Black-Wide je va\u0161 klju\u010d za otklju\u010davanje va\u0161eg pravog potencijala. Nadogradite svoju opremu i podignite svoje pucanje na nove visine s ovim iznimnim vizi\u0161nim sustavom.<\/p>\n","protected":false},"excerpt":{"rendered":"<p>Potpuno podesiv ni\u0161an KMR Black-Wide &#8211; Precizno pode\u0161avanje elevacije\/bo\u010dnog pomaka i visoki kontrast za preuzimanje meta.<\/p>\n","protected":false},"featured_media":30335,"template":"","meta":{"_acf_changed":false},"product_brand":[11491],"product_cat":[13519],"product_tag":[],"class_list":{"0":"post-690613","1":"product","2":"type-product","3":"status-publish","4":"has-post-thumbnail","6":"product_brand-kmr-precision","7":"product_cat-kmr-dijelovi","9":"first","10":"instock","11":"taxable","12":"shipping-taxable","13":"product-type-simple"},"acf":[],"_links":{"self":[{"href":"https:\/\/nbg.eu\/hr\/wp-json\/wp\/v2\/product\/690613","targetHints":{"allow":["GET"]}}],"collection":[{"href":"https:\/\/nbg.eu\/hr\/wp-json\/wp\/v2\/product"}],"about":[{"href":"https:\/\/nbg.eu\/hr\/wp-json\/wp\/v2\/types\/product"}],"wp:featuredmedia":[{"embeddable":true,"href":"https:\/\/nbg.eu\/hr\/wp-json\/wp\/v2\/media\/30335"}],"wp:attachment":[{"href":"https:\/\/nbg.eu\/hr\/wp-json\/wp\/v2\/media?parent=690613"}],"wp:term":[{"taxonomy":"product_brand","embeddable":true,"href":"https:\/\/nbg.eu\/hr\/wp-json\/wp\/v2\/product_brand?post=690613"},{"taxonomy":"product_cat","embeddable":true,"href":"https:\/\/nbg.eu\/hr\/wp-json\/wp\/v2\/product_cat?post=690613"},{"taxonomy":"product_tag","embeddable":true,"href":"https:\/\/nbg.eu\/hr\/wp-json\/wp\/v2\/product_tag?post=690613"}],"curies":[{"name":"wp","href":"https:\/\/api.w.org\/{rel}","templated":true}]}}