{"id":690883,"date":"2024-09-18T20:49:20","date_gmt":"2024-09-18T17:49:20","guid":{"rendered":"https:\/\/nbg.eu\/product\/holosun-1-63-riser-for-hs510c-red-dot-sight-hs-riser-510c\/"},"modified":"2026-05-13T16:02:31","modified_gmt":"2026-05-13T13:02:31","slug":"holosun-1-63-riser-for-hs510c-red-dot-sight-hs-riser-510c","status":"publish","type":"product","link":"https:\/\/nbg.eu\/hr\/proizvod\/holosun-1-63-riser-for-hs510c-red-dot-sight-hs-riser-510c\/","title":{"rendered":"Holosun 1.63&#8243; Riser for HS510C Red Dot Sight | HS-RISER-510C"},"content":{"rendered":"<h2>Holosun 1.63&#8221; High Riser HS-RISER-510C za HS510C<\/h2>\n<p>Unaprijedite svoje iskustvo pucanja s Holosunovim visokim postoljem, posebno dizajniranim za HS510C. Ovo postolje nudi savr\u0161enu liniju viziranja od 1,63 in\u010da, idealno za vatreno oru\u017eje s ravnim zalihom gdje se rame naslanja na kutiju oru\u017eja.<\/p>\n<h2>Klju\u010dne zna\u010dajke:<\/h2>\n<ul>\n<li>Lako rukovanje i ugradnja<\/li>\n<li>Kompaktni dizajn za optimalnu izvedbu<\/li>\n<li>Ekstremna trajnost s robusnom konstrukcijom od duraluminija<\/li>\n<li>Ponovljiva preciznost za dosljednu pucnjavu<\/li>\n<li>Lagana, ali izdr\u017eljiva konstrukcija<\/li>\n<\/ul>\n<h2>Tehni\u010dke specifikacije:<\/h2>\n<ul>\n<li>Radna temperatura: -30\u00b0C do 60\u00b0C<\/li>\n<li>Temperatura skladi\u0161tenja: -40\u00b0C do 70\u00b0C<\/li>\n<li>Dimenzije: 80,5 x 40 x 5,5 mm<\/li>\n<li>Materijal: Aluminij<\/li>\n<li>Boja: Crna<\/li>\n<li>Te\u017eina: 44 g<\/li>\n<\/ul>\n<p>Nadogradite svoj Holosun HS510C ovim visokokvalitetnim postoljem, konstruiranim za preciznost i pouzdanost u razli\u010ditim uvjetima pucanja. Bilo da ste profesionalac ili entuzijast, HS-RISER-510C je savr\u0161eno dodatak za pobolj\u0161anje performansi va\u0161eg vatrenog oru\u017eja.<\/p>\n","protected":false},"excerpt":{"rendered":"<p>Uzdignite svoj HS510C s ovim izdr\u017eljivim 1,63-in\u010dnim nosa\u010dem.<\/p>\n","protected":false},"featured_media":64723,"template":"","meta":{"_acf_changed":false},"product_brand":[11422],"product_cat":[14918],"product_tag":[],"class_list":{"0":"post-690883","1":"product","2":"type-product","3":"status-publish","4":"has-post-thumbnail","6":"product_brand-holosun","7":"product_cat-red-dot-sights-mounts-hr","9":"first","10":"instock","11":"taxable","12":"shipping-taxable","13":"purchasable","14":"product-type-simple"},"acf":[],"_links":{"self":[{"href":"https:\/\/nbg.eu\/hr\/wp-json\/wp\/v2\/product\/690883","targetHints":{"allow":["GET"]}}],"collection":[{"href":"https:\/\/nbg.eu\/hr\/wp-json\/wp\/v2\/product"}],"about":[{"href":"https:\/\/nbg.eu\/hr\/wp-json\/wp\/v2\/types\/product"}],"wp:featuredmedia":[{"embeddable":true,"href":"https:\/\/nbg.eu\/hr\/wp-json\/wp\/v2\/media\/64723"}],"wp:attachment":[{"href":"https:\/\/nbg.eu\/hr\/wp-json\/wp\/v2\/media?parent=690883"}],"wp:term":[{"taxonomy":"product_brand","embeddable":true,"href":"https:\/\/nbg.eu\/hr\/wp-json\/wp\/v2\/product_brand?post=690883"},{"taxonomy":"product_cat","embeddable":true,"href":"https:\/\/nbg.eu\/hr\/wp-json\/wp\/v2\/product_cat?post=690883"},{"taxonomy":"product_tag","embeddable":true,"href":"https:\/\/nbg.eu\/hr\/wp-json\/wp\/v2\/product_tag?post=690883"}],"curies":[{"name":"wp","href":"https:\/\/api.w.org\/{rel}","templated":true}]}}