{"id":691112,"date":"2025-03-04T21:24:07","date_gmt":"2025-03-04T18:24:07","guid":{"rendered":"https:\/\/nbg.eu\/product\/kmr-hand-stop-set-m-lok-alu-black\/"},"modified":"2026-05-13T15:56:48","modified_gmt":"2026-05-13T12:56:48","slug":"kmr-hand-stop-set-m-lok-alu-black","status":"publish","type":"product","link":"https:\/\/nbg.eu\/hr\/proizvod\/kmr-hand-stop-set-m-lok-alu-black\/","title":{"rendered":"KMR Hand Stop Komplet M-LOK ALU Crni"},"content":{"rendered":"<h2>KMR Set ru\u010dne prepreke (M-LOK) \u2013 Aluminij, crna<\/h2>\n<p>Unaprijedite svoje iskustvo pucanja s KMR setom ru\u010dne prepreke, svestranim dodatkom dizajniranim za pobolj\u0161anje upravljanja trzajem, pozicioniranja ruke i ukupne kontrole oru\u017eja. Izra\u0111en od lakog, CNC-obra\u0111enog aluminija s mat crnom anodiziranom zavr\u0161nom obradom, ovaj set ru\u010dne prepreke besprijekorno se integrira s va\u0161\u00edm vatrenim oru\u017ejem kompatibilnim s M-LOK-om.<\/p>\n<p>Modularni dizajn u dva dijela ili teksturirana izvedba pru\u017eaju dosljednu fizi\u010dku referentnu to\u010dku za va\u0161u potpornu ruku, osiguravaju\u0107i ponovljivost hvata i spre\u010davaju\u0107i klizanje ruke prema cijevi. Omogu\u0107uju\u0107i vam &#8220;povla\u010denje&#8221; pu\u0161ke u svoje rame, KMR set ru\u010dne prepreke osigurava zna\u010dajno ravnije pucanje i br\u017ee sljede\u0107e hitce, pobolj\u0161avaju\u0107i va\u0161u ukupnu to\u010dnost i izvedbu pucanja.<\/p>\n<p>Bilo da ste iskusni strijelac ili strastveni hobi-strelac, KMR set ru\u010dne prepreke je nu\u017eno unaprje\u0111enje za va\u0161e vatreno oru\u017eje. Unaprijedite svoje iskustvo pucanja i podignite svoje vje\u0161tine na novu razinu s ovim inovativnim i pouzdanim dodatkom.<\/p>\n","protected":false},"excerpt":{"rendered":"<p>KMR RU\u010cNA STOP POSTAVKA, M-LOK, ALU, CRNA &#8211; Pobolj\u0161ano upravljanje trzajem i kontrola oru\u017eja.<\/p>\n","protected":false},"featured_media":236511,"template":"","meta":{"_acf_changed":false},"product_brand":[11491],"product_cat":[13519,13569,13527,13530],"product_tag":[],"class_list":{"0":"post-691112","1":"product","2":"type-product","3":"status-publish","4":"has-post-thumbnail","6":"product_brand-kmr-precision","7":"product_cat-kmr-dijelovi","8":"product_cat-puska","9":"product_cat-rucke-za-puske","10":"product_cat-tuning-puske","12":"first","13":"instock","14":"taxable","15":"shipping-taxable","16":"purchasable","17":"product-type-simple"},"acf":[],"_links":{"self":[{"href":"https:\/\/nbg.eu\/hr\/wp-json\/wp\/v2\/product\/691112","targetHints":{"allow":["GET"]}}],"collection":[{"href":"https:\/\/nbg.eu\/hr\/wp-json\/wp\/v2\/product"}],"about":[{"href":"https:\/\/nbg.eu\/hr\/wp-json\/wp\/v2\/types\/product"}],"wp:featuredmedia":[{"embeddable":true,"href":"https:\/\/nbg.eu\/hr\/wp-json\/wp\/v2\/media\/236511"}],"wp:attachment":[{"href":"https:\/\/nbg.eu\/hr\/wp-json\/wp\/v2\/media?parent=691112"}],"wp:term":[{"taxonomy":"product_brand","embeddable":true,"href":"https:\/\/nbg.eu\/hr\/wp-json\/wp\/v2\/product_brand?post=691112"},{"taxonomy":"product_cat","embeddable":true,"href":"https:\/\/nbg.eu\/hr\/wp-json\/wp\/v2\/product_cat?post=691112"},{"taxonomy":"product_tag","embeddable":true,"href":"https:\/\/nbg.eu\/hr\/wp-json\/wp\/v2\/product_tag?post=691112"}],"curies":[{"name":"wp","href":"https:\/\/api.w.org\/{rel}","templated":true}]}}