{"id":691137,"date":"2025-03-07T13:06:11","date_gmt":"2025-03-07T10:06:11","guid":{"rendered":"https:\/\/nbg.eu\/product\/kmr-or-aimpoint-acro-mounting-kit-for-l-02-w-02-steel-black\/"},"modified":"2026-05-13T16:48:14","modified_gmt":"2026-05-13T13:48:14","slug":"kmr-or-aimpoint-acro-mounting-kit-for-l-02-w-02-steel-black","status":"publish","type":"product","link":"https:\/\/nbg.eu\/hr\/proizvod\/kmr-or-aimpoint-acro-mounting-kit-for-l-02-w-02-steel-black\/","title":{"rendered":"KMR OR Aimpoint Acro Monta\u017eni Komplet za L-02, W-02 \u010celik Crni"},"content":{"rendered":"<h2>KMR &#8211; ILI AIMPOINT ACRO KOMPLET ZA MONTA\u017dU NA L-02, W-02, CRNI \u010cELIK<\/h2>\n<p>Komplet za monta\u017eu Aimpoint ACRO na KMR Optic Ready (OR) je ultimativno rje\u0161enje za \u010dvrstu integraciju optike i savr\u0161eno poravnanje viziranja na va\u0161im KMR L-02 i W-02 pi\u0161toljima. Precizno obra\u0111en od \u010delika visoke \u010dvrsto\u0107e, ovaj komplet za monta\u017eu ima specifi\u010dan otisak Aimpoint ACRO, dizajn niske profile i antikorozivnu crnu mat zavr\u0161nu obradu za elegantan i izdr\u017eljiv izgled.<\/p>\n<p>\u010celi\u010dna konstrukcija KMR OR Aimpoint ACRO kompleta za monta\u017eu osigurava nulto pomicanje pri jakom trzanju, pru\u017eaju\u0107i najzavisnije rje\u0161enje za monta\u017eu zatvorenih emitora. Precizno prianjanje jam\u010di da \u0107e va\u0161a optika ostati usmjerena \u010dak i tijekom visoko-volumne natjecateljske ili slu\u017ebene uporabe, \u010dine\u0107i ga ultimativnim izborom za KMR OR-seriju pi\u0161tolja.<\/p>\n","protected":false},"excerpt":{"rendered":"<p>KMR &#8211; ILI AIMPOINT ACRO MONTA\u017dNI KOMPLET ZA L-02, W-02, \u010cELIK CRNE BOJE. \u010cvrsta integracija optike i savr\u0161eno poravnanje sa ni\u0161anskim oznakama za modele L-02 i W-02. Precizno obra\u0111eno od visoko\u010dvrstog \u010delika, specifi\u010dan Aimpoint ACRO otisak, dizajn niskog profila, mat crna antikorozivna zavr\u0161na obrada. Pru\u017ea najotpornija rje\u0161enje za monta\u017eu zatvorenih emisionih ciljnika; \u010deli\u010dna konstrukcija osigurava nulti pomak pod jakim udarcima, dok precizno uklapanje jam\u010di da optika ostaje to\u010dno ciljana \u010dak i tijekom natjecanja velikog intenziteta ili uporabe na slu\u017ebenim KMR OR-serijskim pi\u0161toljima.<\/p>\n","protected":false},"featured_media":246138,"template":"","meta":{"_acf_changed":false},"product_brand":[11491],"product_cat":[13515,13519,13551,14918],"product_tag":[],"class_list":{"0":"post-691137","1":"product","2":"type-product","3":"status-publish","4":"has-post-thumbnail","6":"product_brand-kmr-precision","7":"product_cat-dijelovi-za-pistolje","8":"product_cat-kmr-dijelovi","9":"product_cat-opticki-nisani-za-pistolje","10":"product_cat-red-dot-sights-mounts-hr","12":"first","13":"instock","14":"taxable","15":"shipping-taxable","16":"purchasable","17":"product-type-simple"},"acf":[],"_links":{"self":[{"href":"https:\/\/nbg.eu\/hr\/wp-json\/wp\/v2\/product\/691137","targetHints":{"allow":["GET"]}}],"collection":[{"href":"https:\/\/nbg.eu\/hr\/wp-json\/wp\/v2\/product"}],"about":[{"href":"https:\/\/nbg.eu\/hr\/wp-json\/wp\/v2\/types\/product"}],"wp:featuredmedia":[{"embeddable":true,"href":"https:\/\/nbg.eu\/hr\/wp-json\/wp\/v2\/media\/246138"}],"wp:attachment":[{"href":"https:\/\/nbg.eu\/hr\/wp-json\/wp\/v2\/media?parent=691137"}],"wp:term":[{"taxonomy":"product_brand","embeddable":true,"href":"https:\/\/nbg.eu\/hr\/wp-json\/wp\/v2\/product_brand?post=691137"},{"taxonomy":"product_cat","embeddable":true,"href":"https:\/\/nbg.eu\/hr\/wp-json\/wp\/v2\/product_cat?post=691137"},{"taxonomy":"product_tag","embeddable":true,"href":"https:\/\/nbg.eu\/hr\/wp-json\/wp\/v2\/product_tag?post=691137"}],"curies":[{"name":"wp","href":"https:\/\/api.w.org\/{rel}","templated":true}]}}