{"id":691164,"date":"2025-03-04T21:40:08","date_gmt":"2025-03-04T18:40:08","guid":{"rendered":"https:\/\/nbg.eu\/product\/kmr-qd-sling-swivel\/"},"modified":"2026-05-13T15:10:54","modified_gmt":"2026-05-13T12:10:54","slug":"kmr-qd-sling-swivel","status":"publish","type":"product","link":"https:\/\/nbg.eu\/hr\/proizvod\/kmr-qd-sling-swivel\/","title":{"rendered":"KMR QD Kop\u010da za Remen"},"content":{"rendered":"<h2>Brzo pri\u010dvr\u0161\u0107ivanje, pouzdanost te\u0161ke opreme: KMR Quick Detach (QD) okretni ure\u0111aj za remen<\/h2>\n<p>Dizajniran za brzo pri\u010dvr\u0161\u0107ivanje i pouzdanost te\u0161ke opreme, KMR QD okretni ure\u0111aj za remen savr\u0161en je pratitelj za va\u0161e vatreno oru\u017eje. Izra\u0111en od \u010delika visoke \u010dvrsto\u0107e, ovaj okretni ure\u0111aj ima mehanizam za otpu\u0161tanje pritiskom gumba i 360-stupanjsku rotaciju, omogu\u0107uju\u0107i gotovo trenutno pri\u010dvr\u0161\u0107ivanje ili uklanjanje remena s bilo kojeg utora kompatibilnog s QD, bilo da se radi o M-LOK-u, kundaku ili \u0161tittniku cijevi.<\/p>\n<p>Dizajniran da izdr\u017ei velike sile povla\u010denja i te\u0161ke terenske uvjete, KMR QD okretni ure\u0111aj za remen osigurava da va\u0161a pu\u0161ka ostane sigurno obje\u0161ena tijekom dinami\u010dkog kretanja. Crna zavr\u0161na obrada dodatno pobolj\u0161ava trajnost okretnog ure\u0111aja, \u010dine\u0107i ga pouzdanim izborom za sve va\u0161e potrebe pri\u010dvr\u0161\u0107ivanja remena.<\/p>\n","protected":false},"excerpt":{"rendered":"<p>KMR QD SLING SWIVEL, STANDART: Brzo pri\u010dvr\u0161\u0107ivanje\/odvajanje.<\/p>\n","protected":false},"featured_media":236785,"template":"","meta":{"_acf_changed":false},"product_brand":[11491],"product_cat":[13505,14930,13530],"product_tag":[],"class_list":{"0":"post-691164","1":"product","2":"type-product","3":"status-publish","4":"has-post-thumbnail","6":"product_brand-kmr-precision","7":"product_cat-remeni","8":"product_cat-sling-swivels-hr","9":"product_cat-tuning-puske","11":"first","12":"instock","13":"taxable","14":"shipping-taxable","15":"purchasable","16":"product-type-simple"},"acf":[],"_links":{"self":[{"href":"https:\/\/nbg.eu\/hr\/wp-json\/wp\/v2\/product\/691164","targetHints":{"allow":["GET"]}}],"collection":[{"href":"https:\/\/nbg.eu\/hr\/wp-json\/wp\/v2\/product"}],"about":[{"href":"https:\/\/nbg.eu\/hr\/wp-json\/wp\/v2\/types\/product"}],"wp:featuredmedia":[{"embeddable":true,"href":"https:\/\/nbg.eu\/hr\/wp-json\/wp\/v2\/media\/236785"}],"wp:attachment":[{"href":"https:\/\/nbg.eu\/hr\/wp-json\/wp\/v2\/media?parent=691164"}],"wp:term":[{"taxonomy":"product_brand","embeddable":true,"href":"https:\/\/nbg.eu\/hr\/wp-json\/wp\/v2\/product_brand?post=691164"},{"taxonomy":"product_cat","embeddable":true,"href":"https:\/\/nbg.eu\/hr\/wp-json\/wp\/v2\/product_cat?post=691164"},{"taxonomy":"product_tag","embeddable":true,"href":"https:\/\/nbg.eu\/hr\/wp-json\/wp\/v2\/product_tag?post=691164"}],"curies":[{"name":"wp","href":"https:\/\/api.w.org\/{rel}","templated":true}]}}