{"id":691182,"date":"2025-03-04T21:26:30","date_gmt":"2025-03-04T18:26:30","guid":{"rendered":"https:\/\/nbg.eu\/product\/kmr-rail-set-m-lok-alu\/"},"modified":"2026-05-13T16:01:26","modified_gmt":"2026-05-13T13:01:26","slug":"kmr-rail-set-m-lok-alu","status":"publish","type":"product","link":"https:\/\/nbg.eu\/hr\/proizvod\/kmr-rail-set-m-lok-alu\/","title":{"rendered":"KMR Komplet Picatinny Tra\u010dnica M-LOK ALU"},"content":{"rendered":"<h2>KMR RAIL SET, M-LOK, ALU<\/h2>\n<p>Pobolj\u0161ajte raznovrsnost svojeg M-LOK ru\u010dnog \u0161titnika s KMR RAIL SET-om, izdr\u017eljivim i laganim dodatkom za monta\u017eu pribora. Izra\u0111en od visokokvalitetne aluminijske legure 6061-T6 uz preciznu CNC obradu, ovaj set \u0161ina nudi standardno Picatinny\/Mil-Std 1913 su\u010delje, omogu\u0107uju\u0107i vam sigurno pri\u010dvr\u0161\u0107ivanje \u0161irokog raspona takti\u010dkog pribora poput svjetla, lasera, ru\u010dki i bipoda.<\/p>\n<p>Niskoprofilna, anodizirano crna zavr\u0161na obrada osigurava maksimalnu izdr\u017eljivost bez nepotrebnog dodavanja te\u017eine ili veli\u010dine na prednji dio va\u0161eg vatrenog oru\u017eja. Uz uklju\u010deni M-LOK monta\u017eni hardver, ovu \u0161inu mo\u017eete lako integrirati u svoj postoje\u0107i M-LOK ru\u010dni \u0161titnik, stvaraju\u0107i modularnu i prilagodljivu platformu koja \u0107e odgovarati va\u0161im specifi\u010dnim potrebama.<\/p>\n<p>Bilo da tra\u017eite na\u010din za pove\u0107anje funkcionalnosti va\u0161eg oru\u017eja ili samo pouzdan na\u010din za montiranje va\u0161eg omiljenog pribora, KMR RAIL SET, M-LOK, ALU je savr\u0161eno rje\u0161enje. Projektiran za izvedbu i izdr\u017eljivost, ovaj \u0107e pribor pomo\u0107i da povedete svoje iskustvo pucanja na vi\u0161u razinu.<\/p>\n","protected":false},"excerpt":{"rendered":"<p>Modularan M-LOK komplet \u0161ina od laganog, trajnog aluminija s Picatinny su\u010deljem.<\/p>\n","protected":false},"featured_media":236674,"template":"","meta":{"_acf_changed":false},"product_brand":[11491],"product_cat":[14948,13569,13505,13583,13530],"product_tag":[],"class_list":{"0":"post-691182","1":"product","2":"type-product","3":"status-publish","4":"has-post-thumbnail","6":"product_brand-kmr-precision","7":"product_cat-m-lok-rail-systems-hr","8":"product_cat-puska","9":"product_cat-remeni","10":"product_cat-tracnice","11":"product_cat-tuning-puske","13":"first","14":"instock","15":"taxable","16":"shipping-taxable","17":"purchasable","18":"product-type-variable","19":"wvs-archive-product-wrapper"},"acf":[],"_links":{"self":[{"href":"https:\/\/nbg.eu\/hr\/wp-json\/wp\/v2\/product\/691182","targetHints":{"allow":["GET"]}}],"collection":[{"href":"https:\/\/nbg.eu\/hr\/wp-json\/wp\/v2\/product"}],"about":[{"href":"https:\/\/nbg.eu\/hr\/wp-json\/wp\/v2\/types\/product"}],"wp:featuredmedia":[{"embeddable":true,"href":"https:\/\/nbg.eu\/hr\/wp-json\/wp\/v2\/media\/236674"}],"wp:attachment":[{"href":"https:\/\/nbg.eu\/hr\/wp-json\/wp\/v2\/media?parent=691182"}],"wp:term":[{"taxonomy":"product_brand","embeddable":true,"href":"https:\/\/nbg.eu\/hr\/wp-json\/wp\/v2\/product_brand?post=691182"},{"taxonomy":"product_cat","embeddable":true,"href":"https:\/\/nbg.eu\/hr\/wp-json\/wp\/v2\/product_cat?post=691182"},{"taxonomy":"product_tag","embeddable":true,"href":"https:\/\/nbg.eu\/hr\/wp-json\/wp\/v2\/product_tag?post=691182"}],"curies":[{"name":"wp","href":"https:\/\/api.w.org\/{rel}","templated":true}]}}