{"id":692137,"date":"2025-03-04T21:42:27","date_gmt":"2025-03-04T18:42:27","guid":{"rendered":"https:\/\/nbg.eu\/product\/kmr-qd-sling-swivel-small-25-mm\/"},"modified":"2026-05-13T16:02:05","modified_gmt":"2026-05-13T13:02:05","slug":"kmr-qd-sling-swivel-small-25-mm","status":"publish","type":"product","link":"https:\/\/nbg.eu\/hr\/proizvod\/kmr-qd-sling-swivel-small-25-mm\/","title":{"rendered":"KMR QD Kop\u010da za Remen Mali 25mm"},"content":{"rendered":"<h2>KMR QD SLING SWIVEL, MALI 25 mm<\/h2>\n<p>Konstruiran za brzo pri\u010dvr\u0161\u0107ivanje, izdr\u017eljivost visoke izdr\u017eljivosti, KMR QD Sling Swivel savr\u0161en je pratitelj za va\u0161e vatreno oru\u017eje. Izra\u0111en od \u010delika visoke vla\u010dne \u010dvrsto\u0107e, ovaj okretni mehanizam ima mehanizam za otpu\u0161tanje pritiskom na gumb i rotaciju od 360 stupnjeva, omogu\u0107uju\u0107i gotovo trenutno pri\u010dvr\u0161\u0107ivanje ili uklanjanje remena s bilo kojeg utora kompatibilnog s QD, bilo da je to M-LOK, kundak ili \u0161titnik ruke.<\/p>\n<p>Dizajniran da izdr\u017ei velike vla\u010dne sile i te\u0161ke terenske uvjete, KMR QD Sling Swivel osigurava da va\u0161a pu\u0161ka ostane sigurno obje\u0161ena tijekom dinami\u010dnog kretanja. Crna zavr\u0161na obrada dodatno pobolj\u0161ava trajnost okretnog mehanizma, \u010dine\u0107i ga pouzdanim izborom za sve va\u0161e potrebe pri\u010dvr\u0161\u0107ivanja remena.<\/p>\n","protected":false},"excerpt":{"rendered":"<p>KMR QD SLING SWIVEL, MALI 25 mm: Brzo pri\u010dvr\u0161\u0107ivanje\/odvajanje<\/p>\n","protected":false},"featured_media":236809,"template":"","meta":{"_acf_changed":false},"product_brand":[11491],"product_cat":[13505,14930,13530],"product_tag":[],"class_list":{"0":"post-692137","1":"product","2":"type-product","3":"status-publish","4":"has-post-thumbnail","6":"product_brand-kmr-precision","7":"product_cat-remeni","8":"product_cat-sling-swivels-hr","9":"product_cat-tuning-puske","11":"first","12":"instock","13":"taxable","14":"shipping-taxable","15":"purchasable","16":"product-type-simple"},"acf":[],"_links":{"self":[{"href":"https:\/\/nbg.eu\/hr\/wp-json\/wp\/v2\/product\/692137","targetHints":{"allow":["GET"]}}],"collection":[{"href":"https:\/\/nbg.eu\/hr\/wp-json\/wp\/v2\/product"}],"about":[{"href":"https:\/\/nbg.eu\/hr\/wp-json\/wp\/v2\/types\/product"}],"wp:featuredmedia":[{"embeddable":true,"href":"https:\/\/nbg.eu\/hr\/wp-json\/wp\/v2\/media\/236809"}],"wp:attachment":[{"href":"https:\/\/nbg.eu\/hr\/wp-json\/wp\/v2\/media?parent=692137"}],"wp:term":[{"taxonomy":"product_brand","embeddable":true,"href":"https:\/\/nbg.eu\/hr\/wp-json\/wp\/v2\/product_brand?post=692137"},{"taxonomy":"product_cat","embeddable":true,"href":"https:\/\/nbg.eu\/hr\/wp-json\/wp\/v2\/product_cat?post=692137"},{"taxonomy":"product_tag","embeddable":true,"href":"https:\/\/nbg.eu\/hr\/wp-json\/wp\/v2\/product_tag?post=692137"}],"curies":[{"name":"wp","href":"https:\/\/api.w.org\/{rel}","templated":true}]}}