{"id":692226,"date":"2024-08-17T18:04:12","date_gmt":"2024-08-17T15:04:12","guid":{"rendered":"https:\/\/nbg.eu\/product\/magazine-catch-spring-kmr\/"},"modified":"2026-05-13T16:04:49","modified_gmt":"2026-05-13T13:04:49","slug":"magazine-catch-spring-kmr","status":"publish","type":"product","link":"https:\/\/nbg.eu\/hr\/proizvod\/magazine-catch-spring-kmr\/","title":{"rendered":"KMR Opruga Zasuna Spremnika"},"content":{"rendered":"<h2>Magazine Catch Spring KMR<\/h2>\n<p>Izra\u0111en s precizno\u0161\u0107u i izdr\u017eljivosti na umu, Magazine Catch Spring osigurava siguran i pouzdan otpu\u0161tanje spremnika, pru\u017eaju\u0107i besprijekornu i u\u010dinkovitu korisni\u010dko iskustvo za korisnike oru\u017eja. Njegova robusna konstrukcija i pouzdane performanse ga \u010dine esencijalnim dodatkom za odr\u017eavanje funkcionalnosti i performansi va\u0161e Weapons KMR platforme.<\/p>\n<p>Magazine Catch Spring KMR je svestran i bitan dodatak za \u0161iroki raspon Weapons KMR modela. Dizajniran da pru\u017ei siguran i pouzdan mehanizam za hvatanje spremnika<\/p>\n<p>Za Weapons KMR:<\/p>\n<p>KMR L-02 EMIQ<\/p>\n<p>KMR L-02 EMIQ (OR)<\/p>\n<p>KMR L-02 ORCA OD 2024<\/p>\n<p>KMR L-02 ORCA DO 2023<\/p>\n<p>KMR L-02 SPECTRA OD 2024<\/p>\n<p>KMR L-02 SPECTRA DO 2023<\/p>\n<p>KMR L-02 UMBRA (OR) SR<\/p>\n<p>KMR S-02 OD 2024<\/p>\n<p>KMR S-02 DO 2023<\/p>\n<p>KMR W-02 CUDA (OR)<\/p>\n<p>KMR W-02 UMBRA<\/p>\n<p>KMR W-02 UMBRA (OR)<\/p>\n","protected":false},"excerpt":{"rendered":"<p>Magazin Catch Spring KMR za oru\u017eje serije KMR.<\/p>\n","protected":false},"featured_media":24845,"template":"","meta":{"_acf_changed":false},"product_brand":[11491],"product_cat":[13519,14732],"product_tag":[],"class_list":{"0":"post-692226","1":"product","2":"type-product","3":"status-publish","4":"has-post-thumbnail","6":"product_brand-kmr-precision","7":"product_cat-kmr-dijelovi","8":"product_cat-opruge","10":"first","11":"instock","12":"taxable","13":"shipping-taxable","14":"product-type-simple"},"acf":[],"_links":{"self":[{"href":"https:\/\/nbg.eu\/hr\/wp-json\/wp\/v2\/product\/692226","targetHints":{"allow":["GET"]}}],"collection":[{"href":"https:\/\/nbg.eu\/hr\/wp-json\/wp\/v2\/product"}],"about":[{"href":"https:\/\/nbg.eu\/hr\/wp-json\/wp\/v2\/types\/product"}],"wp:featuredmedia":[{"embeddable":true,"href":"https:\/\/nbg.eu\/hr\/wp-json\/wp\/v2\/media\/24845"}],"wp:attachment":[{"href":"https:\/\/nbg.eu\/hr\/wp-json\/wp\/v2\/media?parent=692226"}],"wp:term":[{"taxonomy":"product_brand","embeddable":true,"href":"https:\/\/nbg.eu\/hr\/wp-json\/wp\/v2\/product_brand?post=692226"},{"taxonomy":"product_cat","embeddable":true,"href":"https:\/\/nbg.eu\/hr\/wp-json\/wp\/v2\/product_cat?post=692226"},{"taxonomy":"product_tag","embeddable":true,"href":"https:\/\/nbg.eu\/hr\/wp-json\/wp\/v2\/product_tag?post=692226"}],"curies":[{"name":"wp","href":"https:\/\/api.w.org\/{rel}","templated":true}]}}