{"id":692286,"date":"2025-05-21T16:01:25","date_gmt":"2025-05-21T13:01:25","guid":{"rendered":"https:\/\/nbg.eu\/product\/magazine-kmr-l-02-orca-cal-9x19-19-rnds\/"},"modified":"2026-05-13T15:09:56","modified_gmt":"2026-05-13T12:09:56","slug":"magazine-kmr-l-02-orca-cal-9x19-19-rnds","status":"publish","type":"product","link":"https:\/\/nbg.eu\/hr\/proizvod\/magazine-kmr-l-02-orca-cal-9x19-19-rnds\/","title":{"rendered":"KMR Spremnik L-02 ORCA 9&#215;19 19 Met."},"content":{"rendered":"<h2>\u010cASOPIS KMR L-02 ORCA cal. 9&#215;19 19 METAKA<\/h2>\n<p>Pobolj\u0161ajte u\u010dinkovitost svojeg pi\u0161tolja KMR L-02 ORCA s ovim spremnikom velikog kapaciteta. Dr\u017ei 19 metaka 9x19mm municije, osiguravaju\u0107i pouzdano punjenje i glatko rukovanje, \u010dine\u0107i ga savr\u0161enim pratiteljem za va\u0161e vatreno oru\u017eje. Kompatibilan s modelima KMR L-02 EMIQ i EMIQ (OR), ovaj spremnik je neophodno imati za one koji tra\u017ee pove\u0107ani kapacitet i pobolj\u0161anu funkcionalnost.<\/p>\n<p>Broj dijela: 1152-02402-0001<\/p>\n<p>Kompatibilno s:<\/p>\n<ul>\n<li>KMR L-02 EMIQ<\/li>\n<li>KMR L-02 EMIQ (OR)<\/li>\n<li>KMR L-02 ORCA DO 2023<\/li>\n<\/ul>\n","protected":false},"excerpt":{"rendered":"<p>Visokog kapaciteta 19-metni spremnik za KMR L-02 ORCA 9&#215;19 pi\u0161tolje. Pouzdano napajanje i glatki rad.<\/p>\n","protected":false},"featured_media":365235,"template":"","meta":{"_acf_changed":false},"product_brand":[11491],"product_cat":[13515,13519],"product_tag":[],"class_list":{"0":"post-692286","1":"product","2":"type-product","3":"status-publish","4":"has-post-thumbnail","6":"product_brand-kmr-precision","7":"product_cat-dijelovi-za-pistolje","8":"product_cat-kmr-dijelovi","10":"first","11":"instock","12":"taxable","13":"shipping-taxable","14":"product-type-simple"},"acf":[],"_links":{"self":[{"href":"https:\/\/nbg.eu\/hr\/wp-json\/wp\/v2\/product\/692286","targetHints":{"allow":["GET"]}}],"collection":[{"href":"https:\/\/nbg.eu\/hr\/wp-json\/wp\/v2\/product"}],"about":[{"href":"https:\/\/nbg.eu\/hr\/wp-json\/wp\/v2\/types\/product"}],"wp:featuredmedia":[{"embeddable":true,"href":"https:\/\/nbg.eu\/hr\/wp-json\/wp\/v2\/media\/365235"}],"wp:attachment":[{"href":"https:\/\/nbg.eu\/hr\/wp-json\/wp\/v2\/media?parent=692286"}],"wp:term":[{"taxonomy":"product_brand","embeddable":true,"href":"https:\/\/nbg.eu\/hr\/wp-json\/wp\/v2\/product_brand?post=692286"},{"taxonomy":"product_cat","embeddable":true,"href":"https:\/\/nbg.eu\/hr\/wp-json\/wp\/v2\/product_cat?post=692286"},{"taxonomy":"product_tag","embeddable":true,"href":"https:\/\/nbg.eu\/hr\/wp-json\/wp\/v2\/product_tag?post=692286"}],"curies":[{"name":"wp","href":"https:\/\/api.w.org\/{rel}","templated":true}]}}