{"id":692317,"date":"2025-05-20T23:13:22","date_gmt":"2025-05-20T20:13:22","guid":{"rendered":"https:\/\/nbg.eu\/product\/magazine-mec-gar-cal-9x19-17-rnds\/"},"modified":"2026-05-13T16:02:54","modified_gmt":"2026-05-13T13:02:54","slug":"magazine-mec-gar-cal-9x19-17-rnds","status":"publish","type":"product","link":"https:\/\/nbg.eu\/hr\/proizvod\/magazine-mec-gar-cal-9x19-17-rnds\/","title":{"rendered":"KMR Spremnik MEC-GAR 9&#215;19 17 Met."},"content":{"rendered":"<h2>SPREMNIK MEC-GAR kal. 9&#215;19 s 17 metaka<\/h2>\n<p>Referenca: 1152-01901-0000<\/p>\n<p>Spremnik velikog kapaciteta s 17 metaka za pi\u0161tolje 9x19mm. Kompatibilan s razli\u010ditim KMR modelima, uklju\u010duju\u0107i SPECTRA, UMBRA i CUDA (verzije 2023. i 2024.). Tako\u0111er odgovara pistoljima CZ SHADOW 1, SHADOW 2 i SP-01. Pouzdano punjenje i trajna konstrukcija jam\u010de optimalne performanse va\u0161eg vatrenog oru\u017eja.<\/p>\n","protected":false},"excerpt":{"rendered":"<p>Visokokapacitetna 9mm patrona za KMR i CZ pi\u0161tolje. 17 metaka.<\/p>\n","protected":false},"featured_media":365183,"template":"","meta":{"_acf_changed":false},"product_brand":[11491],"product_cat":[13515,13519],"product_tag":[],"class_list":{"0":"post-692317","1":"product","2":"type-product","3":"status-publish","4":"has-post-thumbnail","6":"product_brand-kmr-precision","7":"product_cat-dijelovi-za-pistolje","8":"product_cat-kmr-dijelovi","10":"first","11":"instock","12":"taxable","13":"shipping-taxable","14":"product-type-simple"},"acf":[],"_links":{"self":[{"href":"https:\/\/nbg.eu\/hr\/wp-json\/wp\/v2\/product\/692317","targetHints":{"allow":["GET"]}}],"collection":[{"href":"https:\/\/nbg.eu\/hr\/wp-json\/wp\/v2\/product"}],"about":[{"href":"https:\/\/nbg.eu\/hr\/wp-json\/wp\/v2\/types\/product"}],"wp:featuredmedia":[{"embeddable":true,"href":"https:\/\/nbg.eu\/hr\/wp-json\/wp\/v2\/media\/365183"}],"wp:attachment":[{"href":"https:\/\/nbg.eu\/hr\/wp-json\/wp\/v2\/media?parent=692317"}],"wp:term":[{"taxonomy":"product_brand","embeddable":true,"href":"https:\/\/nbg.eu\/hr\/wp-json\/wp\/v2\/product_brand?post=692317"},{"taxonomy":"product_cat","embeddable":true,"href":"https:\/\/nbg.eu\/hr\/wp-json\/wp\/v2\/product_cat?post=692317"},{"taxonomy":"product_tag","embeddable":true,"href":"https:\/\/nbg.eu\/hr\/wp-json\/wp\/v2\/product_tag?post=692317"}],"curies":[{"name":"wp","href":"https:\/\/api.w.org\/{rel}","templated":true}]}}