{"id":692338,"date":"2024-08-18T11:13:19","date_gmt":"2024-08-18T08:13:19","guid":{"rendered":"https:\/\/nbg.eu\/product\/magwell-screw-m4x8-din-915-kmr\/"},"modified":"2026-05-13T15:11:13","modified_gmt":"2026-05-13T12:11:13","slug":"magwell-screw-m4x8-din-915-kmr","status":"publish","type":"product","link":"https:\/\/nbg.eu\/hr\/proizvod\/magwell-screw-m4x8-din-915-kmr\/","title":{"rendered":"KMR Vijak za Magwell M4x8 DIN 915"},"content":{"rendered":"<h2>Vijak za magwell M4X8 Din 915 KMR &#8211; Sigurno pri\u010dvr\u0161\u0107ivanje dodataka za KMR modele<\/h2>\n<p>Vijak za magwell je klju\u010dna komponenta za sigurno pri\u010dvr\u0161\u0107ivanje dodataka i pribora na va\u0161 KMR sustav oru\u017eja.<\/p>\n<p>Izra\u0111en od kvalitetnih materijala i konstruiran da izdr\u017ei takti\u010dku upotrebu, vijak za magwell osigurava \u010dvrst i siguran dosjed, sprje\u010davaju\u0107i labavljenje ili odvajanje va\u0161ih dodataka tijekom upotrebe. Njegova M4x8 Din 915 navoj pru\u017ea robustan i pouzdan spoj, omogu\u0107uju\u0107i vam da sigurno montirate ciljnike, lasere, svjetla i ostalu osnovnu opremu na va\u0161u KMR platformu.<\/p>\n<p>Vijak za magwell je neophodan dodatak za pobolj\u0161anje funkcionalnosti i prilagodbe va\u0161eg sustava oru\u017eja. Osigurajte da va\u0161i dodaci ostanu \u010dvrsto na mjestu i odr\u017eavajte optimalnu u\u010dinkovitost s ovim pouzdanim i izdr\u017eljivim vijkom.<\/p>\n","protected":false},"excerpt":{"rendered":"<p>Vijak magneta M4x8 Din 915 za KMR L-02 EMIQ, ORCA modele.<\/p>\n","protected":false},"featured_media":25421,"template":"","meta":{"_acf_changed":false},"product_brand":[11491],"product_cat":[13515,14978,13539],"product_tag":[],"class_list":{"0":"post-692338","1":"product","2":"type-product","3":"status-publish","4":"has-post-thumbnail","6":"product_brand-kmr-precision","7":"product_cat-dijelovi-za-pistolje","8":"product_cat-pistol-magwells-hr","9":"product_cat-pistolj","11":"first","12":"instock","13":"taxable","14":"shipping-taxable","15":"product-type-simple"},"acf":[],"_links":{"self":[{"href":"https:\/\/nbg.eu\/hr\/wp-json\/wp\/v2\/product\/692338","targetHints":{"allow":["GET"]}}],"collection":[{"href":"https:\/\/nbg.eu\/hr\/wp-json\/wp\/v2\/product"}],"about":[{"href":"https:\/\/nbg.eu\/hr\/wp-json\/wp\/v2\/types\/product"}],"wp:featuredmedia":[{"embeddable":true,"href":"https:\/\/nbg.eu\/hr\/wp-json\/wp\/v2\/media\/25421"}],"wp:attachment":[{"href":"https:\/\/nbg.eu\/hr\/wp-json\/wp\/v2\/media?parent=692338"}],"wp:term":[{"taxonomy":"product_brand","embeddable":true,"href":"https:\/\/nbg.eu\/hr\/wp-json\/wp\/v2\/product_brand?post=692338"},{"taxonomy":"product_cat","embeddable":true,"href":"https:\/\/nbg.eu\/hr\/wp-json\/wp\/v2\/product_cat?post=692338"},{"taxonomy":"product_tag","embeddable":true,"href":"https:\/\/nbg.eu\/hr\/wp-json\/wp\/v2\/product_tag?post=692338"}],"curies":[{"name":"wp","href":"https:\/\/api.w.org\/{rel}","templated":true}]}}