{"id":692360,"date":"2024-08-17T15:42:34","date_gmt":"2024-08-17T12:42:34","guid":{"rendered":"https:\/\/nbg.eu\/product\/magwell-kmr-l-02-alu-brass\/"},"modified":"2026-05-13T15:10:44","modified_gmt":"2026-05-13T12:10:44","slug":"magwell-kmr-l-02-alu-brass","status":"publish","type":"product","link":"https:\/\/nbg.eu\/hr\/proizvod\/magwell-kmr-l-02-alu-brass\/","title":{"rendered":"KMR Magwell L-02 Mjed"},"content":{"rendered":"<h2>Magwell KMR L-02 Brass: Nadogradnja oru\u017eja preciznosti za KMR platforme<\/h2>\n<p>Predstavljamo Magwell KMR L-02 Brass, premium proizvod dizajniran za pobolj\u0161anje performansi i funkcionalnosti va\u0161eg oru\u017eja kompatibilnog s KMR-om. Izra\u0111en s precizno\u0161\u0107u i pa\u017enjom do detalja, ova mosing komponenta je in\u017eenjerski osmi\u0161ljena da se besprijekorno uklapa u va\u0161u KMR platformu, pru\u017eaju\u0107i ugla\u0111en i izdr\u017eljiv nadogradnju.<\/p>\n<p>Izra\u0111en od visokokvalitetnog mosing materijala, Magwell KMR L-02 Brass pru\u017ea iznimnu izdr\u017eljivost i premium estetiku koja \u0107e unaprijediti izgled va\u0161eg oru\u017eja. Njegov ugla\u0111en dizajn i besprijekorna integracija osiguravaju glatku i nenametljivu nadogradnju, omogu\u0107uju\u0107i vam zadr\u017eavanje performansi i karakteristika rukovanja na koje ste navikli na va\u0161oj KMR platformi.<\/p>\n<p>Za oru\u017eje KMR<\/p>\n<p>KMR L-02 EMIQ<\/p>\n<p>KMR L-02 EMIQ (OR)<\/p>\n<p>KMR L-02 ORCA DO 2023<\/p>\n<p>KMR L-02 SPECTRA DO 2023<\/p>\n<p>Referenca 0531-01101-0316<\/p>\n","protected":false},"excerpt":{"rendered":"<p>Magwell KMR L-02 Bakrena za Oru\u017eje KMR<\/p>\n","protected":false},"featured_media":720249,"template":"","meta":{"_acf_changed":false},"product_brand":[11491],"product_cat":[13515,14978,13539],"product_tag":[],"class_list":{"0":"post-692360","1":"product","2":"type-product","3":"status-publish","4":"has-post-thumbnail","6":"product_brand-kmr-precision","7":"product_cat-dijelovi-za-pistolje","8":"product_cat-pistol-magwells-hr","9":"product_cat-pistolj","11":"first","12":"outofstock","13":"taxable","14":"shipping-taxable","15":"product-type-simple"},"acf":[],"_links":{"self":[{"href":"https:\/\/nbg.eu\/hr\/wp-json\/wp\/v2\/product\/692360","targetHints":{"allow":["GET"]}}],"collection":[{"href":"https:\/\/nbg.eu\/hr\/wp-json\/wp\/v2\/product"}],"about":[{"href":"https:\/\/nbg.eu\/hr\/wp-json\/wp\/v2\/types\/product"}],"wp:featuredmedia":[{"embeddable":true,"href":"https:\/\/nbg.eu\/hr\/wp-json\/wp\/v2\/media\/720249"}],"wp:attachment":[{"href":"https:\/\/nbg.eu\/hr\/wp-json\/wp\/v2\/media?parent=692360"}],"wp:term":[{"taxonomy":"product_brand","embeddable":true,"href":"https:\/\/nbg.eu\/hr\/wp-json\/wp\/v2\/product_brand?post=692360"},{"taxonomy":"product_cat","embeddable":true,"href":"https:\/\/nbg.eu\/hr\/wp-json\/wp\/v2\/product_cat?post=692360"},{"taxonomy":"product_tag","embeddable":true,"href":"https:\/\/nbg.eu\/hr\/wp-json\/wp\/v2\/product_tag?post=692360"}],"curies":[{"name":"wp","href":"https:\/\/api.w.org\/{rel}","templated":true}]}}