{"id":692421,"date":"2024-09-17T08:06:19","date_gmt":"2024-09-17T05:06:19","guid":{"rendered":"https:\/\/nbg.eu\/product\/main-spring-strut-kmr-l\/"},"modified":"2026-05-13T16:04:34","modified_gmt":"2026-05-13T13:04:34","slug":"main-spring-strut-kmr-l","status":"publish","type":"product","link":"https:\/\/nbg.eu\/hr\/proizvod\/main-spring-strut-kmr-l\/","title":{"rendered":"KMR Potporanj Udarne Opruge L"},"content":{"rendered":"<h2>Main Spring Strut KMR L &#8211; Pouzdano unapre\u0111enje ovjesa za Weapons KMR<\/h2>\n<p>Main Spring Strut KMR L je visokokvalitetna komponenta ovjesa dizajnirana da pru\u017ei gladak i pouzdan hod za Weapons KMR platforme. Odlikuje se izdr\u017eljivom konstrukcijom i naprednim in\u017eenjeringom, a ovaj je amortizer klju\u010dno unapre\u0111enje za korisnike koji tra\u017ee pobolj\u0161ane performanse i stabilnost.<\/p>\n<p>Precizno in\u017eenjerstvo: In\u017eenjerski precizno, Main Spring Strut KMR L pru\u017ea dosljedne i pouzdane performanse, osiguravaju\u0107i stabilnu i kontroliranu vo\u017enju \u010dak i u zahtjevnim uvjetima. Napredni dizajn amortizera i visokokvalitetni materijali \u010dine ga izdr\u017eljivim i dugoro\u010dnim rje\u0161enjem za va\u0161u Weapons KMR platformu.<\/p>\n<p>Za Weapons KMR<\/p>\n<p>KMR L-02 EMIQ<\/p>\n<p>KMR L-02 EMIQ (ILI)<\/p>\n<p>KMR L-02 ORCA OD 2024.<\/p>\n<p>KMR L-02 ORCA DO 2023.<\/p>\n<p>KMR L-02 SPECTRA OD 2024.<\/p>\n<p>KMR L-02 SPECTRA DO 2023.<\/p>\n<p>KMR L-02 UMBRA (ILI) SR<\/p>\n","protected":false},"excerpt":{"rendered":"<p>Glavni opruga Strut KMR L za KMR-serija oru\u017eja<\/p>\n","protected":false},"featured_media":25583,"template":"","meta":{"_acf_changed":false},"product_brand":[11491],"product_cat":[13519,14732],"product_tag":[],"class_list":{"0":"post-692421","1":"product","2":"type-product","3":"status-publish","4":"has-post-thumbnail","6":"product_brand-kmr-precision","7":"product_cat-kmr-dijelovi","8":"product_cat-opruge","10":"first","11":"instock","12":"taxable","13":"shipping-taxable","14":"product-type-simple"},"acf":[],"_links":{"self":[{"href":"https:\/\/nbg.eu\/hr\/wp-json\/wp\/v2\/product\/692421","targetHints":{"allow":["GET"]}}],"collection":[{"href":"https:\/\/nbg.eu\/hr\/wp-json\/wp\/v2\/product"}],"about":[{"href":"https:\/\/nbg.eu\/hr\/wp-json\/wp\/v2\/types\/product"}],"wp:featuredmedia":[{"embeddable":true,"href":"https:\/\/nbg.eu\/hr\/wp-json\/wp\/v2\/media\/25583"}],"wp:attachment":[{"href":"https:\/\/nbg.eu\/hr\/wp-json\/wp\/v2\/media?parent=692421"}],"wp:term":[{"taxonomy":"product_brand","embeddable":true,"href":"https:\/\/nbg.eu\/hr\/wp-json\/wp\/v2\/product_brand?post=692421"},{"taxonomy":"product_cat","embeddable":true,"href":"https:\/\/nbg.eu\/hr\/wp-json\/wp\/v2\/product_cat?post=692421"},{"taxonomy":"product_tag","embeddable":true,"href":"https:\/\/nbg.eu\/hr\/wp-json\/wp\/v2\/product_tag?post=692421"}],"curies":[{"name":"wp","href":"https:\/\/api.w.org\/{rel}","templated":true}]}}