{"id":692524,"date":"2024-08-18T12:21:09","date_gmt":"2024-08-18T09:21:09","guid":{"rendered":"https:\/\/nbg.eu\/product\/main-spring-plug-kmr\/"},"modified":"2026-05-13T16:01:03","modified_gmt":"2026-05-13T13:01:03","slug":"main-spring-plug-kmr","status":"publish","type":"product","link":"https:\/\/nbg.eu\/hr\/proizvod\/main-spring-plug-kmr\/","title":{"rendered":"KMR \u010cep Udarne Opruge"},"content":{"rendered":"<h2>Glavni oprugasti ulo\u017eak KMR<\/h2>\n<p>Izra\u0111en s precizno\u0161\u0107u i pa\u017enjom na detalje, Glavni oprugasti ulo\u017eak KMR osigurava glatko djelovanje i preciznu funkcionalnost unutar mehanizama oru\u017eja. Njegova kompatibilnost sa \u0161irokim rasponom KMR modela, kako iz trenutne tako i iz prethodnih generacija, \u010dini ga svestranom i klju\u010dnom komponentom za vlasnike oru\u017eja i profesionalce za odr\u017eavanje.<\/p>\n<p>Bilo da nadogra\u0111ujete, servisirate ili zamjenjujete komponentu u va\u0161em oru\u017eju opremljenom s KMR-om, Glavni oprugasti ulo\u017eak KMR je kriti\u010dni dio koji treba uzeti u obzir. S njegovom pouzdanom konstrukcijom i besprijekornom integracijom, ovaj ulo\u017eak poma\u017ee u odr\u017eavanju optimalnih performansi i pouzdanosti va\u0161eg oru\u017enog sustava, osiguravaju\u0107i konzistentno i pouzdano korisni\u010dko iskustvo.<\/p>\n<p>Za oru\u017eja KMR:<\/p>\n<p>KMR L-02 EMIQ<\/p>\n<p>KMR L-02 EMIQ (OR)<\/p>\n<p>KMR L-02 ORCA OD 2024.<\/p>\n<p>KMR L-02 ORCA DO 2023.<\/p>\n<p>KMR L-02 SPECTRA OD 2024.<\/p>\n<p>KMR L-02 SPECTRA DO 2023.<\/p>\n<p>KMR S-01 LANCE (OR)<\/p>\n<p>KMR S-02 OD 2024.<\/p>\n<p>KMR S-02 DO 2023.<\/p>\n<p>KMR W-02 CUDA (OR)<\/p>\n<p>KMR W-02 UMBRA<\/p>\n<p>KMR W-02 UMBRA (OR)<\/p>\n<p>Referentni broj: 1160-00108-0401<\/p>\n","protected":false},"excerpt":{"rendered":"<p>Glavni opru\u017eni utika\u010d KMR za oru\u017eje KMR.<\/p>\n","protected":false},"featured_media":25952,"template":"","meta":{"_acf_changed":false},"product_brand":[11491],"product_cat":[13519,14732],"product_tag":[],"class_list":{"0":"post-692524","1":"product","2":"type-product","3":"status-publish","4":"has-post-thumbnail","6":"product_brand-kmr-precision","7":"product_cat-kmr-dijelovi","8":"product_cat-opruge","10":"first","11":"instock","12":"taxable","13":"shipping-taxable","14":"product-type-simple"},"acf":[],"_links":{"self":[{"href":"https:\/\/nbg.eu\/hr\/wp-json\/wp\/v2\/product\/692524","targetHints":{"allow":["GET"]}}],"collection":[{"href":"https:\/\/nbg.eu\/hr\/wp-json\/wp\/v2\/product"}],"about":[{"href":"https:\/\/nbg.eu\/hr\/wp-json\/wp\/v2\/types\/product"}],"wp:featuredmedia":[{"embeddable":true,"href":"https:\/\/nbg.eu\/hr\/wp-json\/wp\/v2\/media\/25952"}],"wp:attachment":[{"href":"https:\/\/nbg.eu\/hr\/wp-json\/wp\/v2\/media?parent=692524"}],"wp:term":[{"taxonomy":"product_brand","embeddable":true,"href":"https:\/\/nbg.eu\/hr\/wp-json\/wp\/v2\/product_brand?post=692524"},{"taxonomy":"product_cat","embeddable":true,"href":"https:\/\/nbg.eu\/hr\/wp-json\/wp\/v2\/product_cat?post=692524"},{"taxonomy":"product_tag","embeddable":true,"href":"https:\/\/nbg.eu\/hr\/wp-json\/wp\/v2\/product_tag?post=692524"}],"curies":[{"name":"wp","href":"https:\/\/api.w.org\/{rel}","templated":true}]}}