{"id":692555,"date":"2024-08-17T14:54:00","date_gmt":"2024-08-17T11:54:00","guid":{"rendered":"https:\/\/nbg.eu\/product\/mag-release-button-wide-kmr-alu-black\/"},"modified":"2026-05-13T15:58:16","modified_gmt":"2026-05-13T12:58:16","slug":"mag-release-button-wide-kmr-alu-black","status":"publish","type":"product","link":"https:\/\/nbg.eu\/hr\/proizvod\/mag-release-button-wide-kmr-alu-black\/","title":{"rendered":"KMR Tipka za Spremnik \u0160iroki ALU Crni"},"content":{"rendered":"<h2>Mag Release Button Wide \u2013 KMR Aluminij, crno<\/h2>\n<p>Otklju\u010dajte brze promjene magazina s Mag Release Button Wide od KMR Aluminija. Izra\u0111en od laganog zrakoplovnog aluminija i s velikom kontaktnom povr\u0161inom, ovaj gumb za otpu\u0161tanje magazina maksimalizira kontakt za Va\u0161 palac, osiguravaju\u0107i pozitivnu aktivaciju \u010dak i u najzahtjevnijim uvjetima.<\/p>\n<p>Agresivna, neklizaju\u0107a tekstura pru\u017ea sigurni hvat, dok matirani crni anodiziran zavr\u0161ni sloj pru\u017ea ugla\u0111en, takti\u010dki izgled. Osmi\u0161ljen za minimiziranje vremena tranzicije za natjecateljsko IPSC\/USPSA ga\u0111anje, \u0161iroki profil omogu\u0107uje strijelcima bacanje magazina bez pomicanja glavnog hvata, zna\u010dajno pobolj\u0161avaju\u0107i brzinu nadopunjavanja.<\/p>\n<p>Bilo da trenirate za natjecanje ili bru\u0161ite svoje obrambene vje\u0161tine, Mag Release Button Wide od KMR Aluminija je krajnje unapre\u0111enje za Va\u0161e vatreno oru\u017eje, pru\u017eaju\u0107i pobolj\u0161anu ergonomsku dohvatljivost i neprevladanu izvedbu kada je to najva\u017enije.<\/p>\n","protected":false},"excerpt":{"rendered":"<p>Prevelika gumb za otpu\u0161tanje spremnika za brze izmjene spremnika.<\/p>\n","protected":false},"featured_media":23841,"template":"","meta":{"_acf_changed":false},"product_brand":[11491],"product_cat":[13519],"product_tag":[],"class_list":{"0":"post-692555","1":"product","2":"type-product","3":"status-publish","4":"has-post-thumbnail","6":"product_brand-kmr-precision","7":"product_cat-kmr-dijelovi","9":"first","10":"instock","11":"taxable","12":"shipping-taxable","13":"product-type-simple"},"acf":[],"_links":{"self":[{"href":"https:\/\/nbg.eu\/hr\/wp-json\/wp\/v2\/product\/692555","targetHints":{"allow":["GET"]}}],"collection":[{"href":"https:\/\/nbg.eu\/hr\/wp-json\/wp\/v2\/product"}],"about":[{"href":"https:\/\/nbg.eu\/hr\/wp-json\/wp\/v2\/types\/product"}],"wp:featuredmedia":[{"embeddable":true,"href":"https:\/\/nbg.eu\/hr\/wp-json\/wp\/v2\/media\/23841"}],"wp:attachment":[{"href":"https:\/\/nbg.eu\/hr\/wp-json\/wp\/v2\/media?parent=692555"}],"wp:term":[{"taxonomy":"product_brand","embeddable":true,"href":"https:\/\/nbg.eu\/hr\/wp-json\/wp\/v2\/product_brand?post=692555"},{"taxonomy":"product_cat","embeddable":true,"href":"https:\/\/nbg.eu\/hr\/wp-json\/wp\/v2\/product_cat?post=692555"},{"taxonomy":"product_tag","embeddable":true,"href":"https:\/\/nbg.eu\/hr\/wp-json\/wp\/v2\/product_tag?post=692555"}],"curies":[{"name":"wp","href":"https:\/\/api.w.org\/{rel}","templated":true}]}}