{"id":692613,"date":"2024-11-03T10:02:34","date_gmt":"2024-11-03T07:02:34","guid":{"rendered":"https:\/\/nbg.eu\/product\/norma-cal-6-5-creedmoore-target-match-8-4g-130gr\/"},"modified":"2026-05-13T16:04:50","modified_gmt":"2026-05-13T13:04:50","slug":"norma-cal-6-5-creedmoore-target-match-8-4g-130gr","status":"publish","type":"product","link":"https:\/\/nbg.eu\/hr\/proizvod\/norma-cal-6-5-creedmoore-target-match-8-4g-130gr\/","title":{"rendered":"NORMA cal. 6.5 Creedmoore Target Match 8.4g\/130gr."},"content":{"rendered":"<h2>NORMA cal. 6.5 Creedmoore Target Match 8.4g\/130gr<\/h2>\n<p>Iskusite preciznost s NORMA 6.5 Creedmoor Target Match streljivom. Razvijeno 2007. godine, ovaj metak izvrsno funkcionira u dugometnim ciljnim pucanjima i lovu. Metak od 6.5 mm ima odli\u010dne sekcijske gusto\u0107e i balisti\u010dki koeficijent, osiguravaju\u0107i izvrsne performanse na produ\u017eenim udaljenostima.<\/p>\n<h3>Zna\u010dajke:<\/h3>\n<ul>\n<li>Kalibar: 6.5 Creedmoor<\/li>\n<li>Masa: 8.4g\/130gr<\/li>\n<li>Balisti\u010dki koeficijent: G1 0.548 \/ G7 0.294<\/li>\n<li>Vrsta: Golden Target<\/li>\n<li>Paljenje: Sredi\u0161nje paljenje<\/li>\n<\/ul>\n<h3>Brzina:<\/h3>\n<ul>\n<li>V0: 869 m\/s<\/li>\n<li>V100: 813 m\/s<\/li>\n<li>V200: 759 m\/s<\/li>\n<li>V300: 708 m\/s<\/li>\n<\/ul>\n","protected":false},"excerpt":{"rendered":"<p>Precizna 6.5 Creedmoor streljivo za ga\u0111anje na velike udaljenosti.<\/p>\n","protected":false},"featured_media":76689,"template":"","meta":{"_acf_changed":false},"product_brand":[14466],"product_cat":[13582],"product_tag":[],"class_list":{"0":"post-692613","1":"product","2":"type-product","3":"status-publish","4":"has-post-thumbnail","6":"product_brand-norma-precision","7":"product_cat-streljivo-za-puske","9":"first","10":"instock","11":"taxable","12":"shipping-taxable","13":"purchasable","14":"product-type-simple"},"acf":[],"_links":{"self":[{"href":"https:\/\/nbg.eu\/hr\/wp-json\/wp\/v2\/product\/692613","targetHints":{"allow":["GET"]}}],"collection":[{"href":"https:\/\/nbg.eu\/hr\/wp-json\/wp\/v2\/product"}],"about":[{"href":"https:\/\/nbg.eu\/hr\/wp-json\/wp\/v2\/types\/product"}],"wp:featuredmedia":[{"embeddable":true,"href":"https:\/\/nbg.eu\/hr\/wp-json\/wp\/v2\/media\/76689"}],"wp:attachment":[{"href":"https:\/\/nbg.eu\/hr\/wp-json\/wp\/v2\/media?parent=692613"}],"wp:term":[{"taxonomy":"product_brand","embeddable":true,"href":"https:\/\/nbg.eu\/hr\/wp-json\/wp\/v2\/product_brand?post=692613"},{"taxonomy":"product_cat","embeddable":true,"href":"https:\/\/nbg.eu\/hr\/wp-json\/wp\/v2\/product_cat?post=692613"},{"taxonomy":"product_tag","embeddable":true,"href":"https:\/\/nbg.eu\/hr\/wp-json\/wp\/v2\/product_tag?post=692613"}],"curies":[{"name":"wp","href":"https:\/\/api.w.org\/{rel}","templated":true}]}}