{"id":692649,"date":"2024-08-17T14:49:07","date_gmt":"2024-08-17T11:49:07","guid":{"rendered":"https:\/\/nbg.eu\/product\/mounting-kit-for-l-02-w-02-steel-black\/"},"modified":"2026-05-13T16:01:41","modified_gmt":"2026-05-13T13:01:41","slug":"mounting-kit-for-l-02-w-02-steel-black","status":"publish","type":"product","link":"https:\/\/nbg.eu\/hr\/proizvod\/mounting-kit-for-l-02-w-02-steel-black\/","title":{"rendered":"KMR Monta\u017eni Komplet for L-02, W-02 \u010celik Crni"},"content":{"rendered":"<h2>KMR Optic Ready (OR) Monta\u017eni komplet \u2013 \u010celik, Crna<\/h2>\n<p>Podignite svoje L-02 i W-02 KMR platforme s KMR Optic Ready (OR) monta\u017enim kompletom. Obra\u0111en od visoko\u010dvrstog \u010delika, ovo rje\u0161enje za monta\u017eu pru\u017ea neprikosnovu izdr\u017eljivost i krutost kako bi osiguralo da va\u0161 opti\u010dki ni\u0161an zadr\u017ei nulu, \u010dak i pod intenzivnim silama trzaja natjecateljskog pucanja.<\/p>\n<p>Karakterizira ga model-specifi\u010dna povr\u0161ina, OR monta\u017eni komplet osmi\u0161ljen je da sigurno pristaje na Trijicon RMR, Leupold DeltaPoint Pro ili Shield opti\u010dke ni\u0161ane, pru\u017eaju\u0107i \u010dvrstu podlogu za va\u0161 sustav ni\u0161anjenja. Za razliku od standardnih aluminijskih plo\u010da, \u010deli\u010dna konstrukcija sprje\u010dava deformiranje navoja i odr\u017eava savr\u0161en dosjed za L-02 i W-02 opti\u010dke ni\u0161ane, \u010duvaju\u0107i va\u0161e ulaganje.<\/p>\n<p>Zavr\u0161en u mat crnoj, antikorozivnoj prevlaci, ovaj monta\u017eni komplet ne samo da izgleda prikladno, ve\u0107 i mo\u017ee podnijeti vremenske utjecaje, osiguravaju\u0107i pouzdanu izvedbu u svakom stanju. Nadogradite svoju KMR platformu s KMR Optic Ready (OR) monta\u017enim kompletom \u2013 krajnjim rje\u0161enjem za visokoodr\u017eivu integraciju opti\u010dkih ni\u0161ana.<\/p>\n","protected":false},"excerpt":{"rendered":"<p>Komplet za monta\u017eu od visoko\u010dvrstog \u010delika za integraciju optike L-02, W-02 KMR.<\/p>\n","protected":false},"featured_media":30360,"template":"","meta":{"_acf_changed":false},"product_brand":[],"product_cat":[13515,13519,13551,14918],"product_tag":[],"class_list":{"0":"post-692649","1":"product","2":"type-product","3":"status-publish","4":"has-post-thumbnail","6":"product_cat-dijelovi-za-pistolje","7":"product_cat-kmr-dijelovi","8":"product_cat-opticki-nisani-za-pistolje","9":"product_cat-red-dot-sights-mounts-hr","11":"first","12":"instock","13":"taxable","14":"shipping-taxable","15":"purchasable","16":"product-type-variable","17":"wvs-archive-product-wrapper"},"acf":[],"_links":{"self":[{"href":"https:\/\/nbg.eu\/hr\/wp-json\/wp\/v2\/product\/692649","targetHints":{"allow":["GET"]}}],"collection":[{"href":"https:\/\/nbg.eu\/hr\/wp-json\/wp\/v2\/product"}],"about":[{"href":"https:\/\/nbg.eu\/hr\/wp-json\/wp\/v2\/types\/product"}],"wp:featuredmedia":[{"embeddable":true,"href":"https:\/\/nbg.eu\/hr\/wp-json\/wp\/v2\/media\/30360"}],"wp:attachment":[{"href":"https:\/\/nbg.eu\/hr\/wp-json\/wp\/v2\/media?parent=692649"}],"wp:term":[{"taxonomy":"product_brand","embeddable":true,"href":"https:\/\/nbg.eu\/hr\/wp-json\/wp\/v2\/product_brand?post=692649"},{"taxonomy":"product_cat","embeddable":true,"href":"https:\/\/nbg.eu\/hr\/wp-json\/wp\/v2\/product_cat?post=692649"},{"taxonomy":"product_tag","embeddable":true,"href":"https:\/\/nbg.eu\/hr\/wp-json\/wp\/v2\/product_tag?post=692649"}],"curies":[{"name":"wp","href":"https:\/\/api.w.org\/{rel}","templated":true}]}}