{"id":693124,"date":"2024-09-02T13:32:58","date_gmt":"2024-09-02T10:32:58","guid":{"rendered":"https:\/\/nbg.eu\/product\/pelican-1015-micro-case\/"},"modified":"2026-05-13T15:09:55","modified_gmt":"2026-05-13T12:09:55","slug":"pelican-1015-micro-case","status":"publish","type":"product","link":"https:\/\/nbg.eu\/hr\/proizvod\/pelican-1015-micro-case\/","title":{"rendered":"Pelican 1015 Micro Case"},"content":{"rendered":"<div class=\"product-description\">\n<h2>Pelican 1015 Micro Case<\/h2>\n<p>Za\u0161titite svoje vrijedne male elektroni\u010dke ure\u0111aje s Pelican 1015 Micro ku\u0107i\u0161tem. Ovo nerazorivo, vodootporno i nepropusno ku\u0107i\u0161te idealno je za pametne telefone, kamere i drugu osjetljivu opremu.<\/p>\n<h2>Klju\u010dne zna\u010dajke:<\/h2>\n<ul>\n<li>Izdr\u017eljivo polikarbonatno tijelo<\/li>\n<li>Vodootporan i nepropustan dizajn<\/li>\n<li>Gumeni ulo\u017eak za dodatnu za\u0161titu i O-prsten<\/li>\n<li>Jednostavno otvaraju\u0107i zasun i nehr\u0111aju\u0107i \u010deli\u010dni hardver<\/li>\n<li>Aktivna sportska karabinska kop\u010da za sigurno pri\u010dvr\u0161\u0107ivanje<\/li>\n<li>Unutarnje dimenzije: 5,14&#8243; x 2,64&#8243; x 1,37&#8243;<\/li>\n<li>Vanjske dimenzije: 6,68&#8243; x 3,88&#8243; x 1,86&#8243;<\/li>\n<li>Lagano samo 0,46 lbs<\/li>\n<\/ul>\n<p>Uz Pelicanovo do\u017eivotno jamstvo izvrsnosti, ovo mikro ku\u0107i\u0161te nudi nenadma\u0161nu za\u0161titu za va\u0161u opremu u svakom okru\u017eenju.<\/p>\n<\/div>\n","protected":false},"excerpt":{"rendered":"<p>Izdr\u017eljiv, vodootporan etui za male elektroni\u010dke ure\u0111aje. Za\u0161tita od gnjje\u010denja.<\/p>\n","protected":false},"featured_media":35236,"template":"","meta":{"_acf_changed":false},"product_brand":[11607],"product_cat":[13535],"product_tag":[],"class_list":{"0":"post-693124","1":"product","2":"type-product","3":"status-publish","4":"has-post-thumbnail","6":"product_brand-pelican","7":"product_cat-torbe-za-nosenje","9":"first","10":"outofstock","11":"taxable","12":"shipping-taxable","13":"purchasable","14":"product-type-simple"},"acf":[],"_links":{"self":[{"href":"https:\/\/nbg.eu\/hr\/wp-json\/wp\/v2\/product\/693124","targetHints":{"allow":["GET"]}}],"collection":[{"href":"https:\/\/nbg.eu\/hr\/wp-json\/wp\/v2\/product"}],"about":[{"href":"https:\/\/nbg.eu\/hr\/wp-json\/wp\/v2\/types\/product"}],"wp:featuredmedia":[{"embeddable":true,"href":"https:\/\/nbg.eu\/hr\/wp-json\/wp\/v2\/media\/35236"}],"wp:attachment":[{"href":"https:\/\/nbg.eu\/hr\/wp-json\/wp\/v2\/media?parent=693124"}],"wp:term":[{"taxonomy":"product_brand","embeddable":true,"href":"https:\/\/nbg.eu\/hr\/wp-json\/wp\/v2\/product_brand?post=693124"},{"taxonomy":"product_cat","embeddable":true,"href":"https:\/\/nbg.eu\/hr\/wp-json\/wp\/v2\/product_cat?post=693124"},{"taxonomy":"product_tag","embeddable":true,"href":"https:\/\/nbg.eu\/hr\/wp-json\/wp\/v2\/product_tag?post=693124"}],"curies":[{"name":"wp","href":"https:\/\/api.w.org\/{rel}","templated":true}]}}