{"id":693147,"date":"2024-08-18T11:29:17","date_gmt":"2024-08-18T08:29:17","guid":{"rendered":"https:\/\/nbg.eu\/product\/recoil-spring-guide-kmr-45-stainless\/"},"modified":"2026-02-06T18:00:05","modified_gmt":"2026-02-06T15:00:05","slug":"recoil-spring-guide-kmr-45-stainless","status":"publish","type":"product","link":"https:\/\/nbg.eu\/hr\/proizvod\/recoil-spring-guide-kmr-45-stainless\/","title":{"rendered":"Vodi\u010d opruge za udar KMR 4,5&#8243; Nehr\u0111aju\u0107i \u010delik"},"content":{"rendered":"<h2>Vodilica povratne opruge KMR 4,5&#8243; od nehr\u0111aju\u0107eg \u010delika<\/h2>\n<p>Vodilica povratne opruge KMR 4,5&#8243; od nehr\u0111aju\u0107eg \u010delika je premium dodatak namijenjen oru\u017ejima iz KMR serije. Ovaj izdr\u017eljivi komponent od nehr\u0111aju\u0107eg \u010delika neophodan je za odr\u017eavanje glatkog rada i pouzdanosti va\u0161eg vatrenog oru\u017eja.<\/p>\n<p>Izdr\u017eljivost: Izra\u0111ena od visokokvalitetnog nehr\u0111aju\u0107eg \u010delika, ova vodilica povratne opruge gra\u0111ena je da izdr\u017ei napore redovne uporabe. Otporna je na koroziju i izgra\u0111ena da traje, \u0161to osigurava da va\u0161e vatreno oru\u017eje nastavi funkcionirati na najbolji na\u010din.<\/p>\n<p>Jednostavna ugradnja: Nadogradnja va\u0161eg KMR oru\u017eja vodilicom povratne opruge KMR 4,5&#8243; od nehr\u0111aju\u0107eg \u010delika jednostavan je proces, \u0161to ga \u010dini prakti\u010dnim izborom za iskusne i po\u010detne vlasnike vatrenog oru\u017eja.<\/p>\n<p>Za oru\u017eja KMR:<\/p>\n<p>KMR L-02 UMBRA OD 2024.<\/p>\n<p>KMR L-02 UMBRA DO 2023.<\/p>\n<p>KMR W-02 UMBRA<\/p>\n<p>KMR W-02 UMBRA (OR)<\/p>\n","protected":false},"excerpt":{"rendered":"<p>Povratna opruga KMR 4,5&#8243; nehr\u0111aju\u0107i \u010delik za oru\u017eje KMR L-02 UMBRA, KMR W-02 UMBRA.<\/p>\n","protected":false},"featured_media":25630,"template":"","meta":{"_acf_changed":false},"product_brand":[11491],"product_cat":[13519,14732],"product_tag":[],"class_list":{"0":"post-693147","1":"product","2":"type-product","3":"status-publish","4":"has-post-thumbnail","6":"product_brand-kmr-precision","7":"product_cat-kmr-dijelovi","8":"product_cat-opruge","10":"first","11":"instock","12":"taxable","13":"shipping-taxable","14":"product-type-simple"},"acf":[],"_links":{"self":[{"href":"https:\/\/nbg.eu\/hr\/wp-json\/wp\/v2\/product\/693147","targetHints":{"allow":["GET"]}}],"collection":[{"href":"https:\/\/nbg.eu\/hr\/wp-json\/wp\/v2\/product"}],"about":[{"href":"https:\/\/nbg.eu\/hr\/wp-json\/wp\/v2\/types\/product"}],"wp:featuredmedia":[{"embeddable":true,"href":"https:\/\/nbg.eu\/hr\/wp-json\/wp\/v2\/media\/25630"}],"wp:attachment":[{"href":"https:\/\/nbg.eu\/hr\/wp-json\/wp\/v2\/media?parent=693147"}],"wp:term":[{"taxonomy":"product_brand","embeddable":true,"href":"https:\/\/nbg.eu\/hr\/wp-json\/wp\/v2\/product_brand?post=693147"},{"taxonomy":"product_cat","embeddable":true,"href":"https:\/\/nbg.eu\/hr\/wp-json\/wp\/v2\/product_cat?post=693147"},{"taxonomy":"product_tag","embeddable":true,"href":"https:\/\/nbg.eu\/hr\/wp-json\/wp\/v2\/product_tag?post=693147"}],"curies":[{"name":"wp","href":"https:\/\/api.w.org\/{rel}","templated":true}]}}