{"id":693566,"date":"2025-03-07T20:56:56","date_gmt":"2025-03-07T17:56:56","guid":{"rendered":"https:\/\/nbg.eu\/product\/rusan-modular-qr-adapter-for-guide-arta435\/"},"modified":"2026-05-13T16:01:23","modified_gmt":"2026-05-13T13:01:23","slug":"rusan-modular-qr-adapter-for-guide-arta435","status":"publish","type":"product","link":"https:\/\/nbg.eu\/hr\/proizvod\/rusan-modular-qr-adapter-for-guide-arta435\/","title":{"rendered":"Rusan Modular QR Adapter for Guide | ARTA435"},"content":{"rendered":"<h2>Rusan modularni QR adapter za Guide | ARTA435<\/h2>\n<p>Unaprijedite svoju preciznu puca\u010dku izvedbu s Rusan modularnim QR adapterom za Guide (ARTA435). Dizajniran za besprijekornu integraciju s Guide termi\u010dkim dodacima, ovo rje\u0161enje za brzo osloba\u0111anje (QR) monta\u017ee nudi nenadma\u0161nu prakti\u010dnost i ponovljivost.<\/p>\n<p>S M52x0.75 unutarnjim navojem, adapter koristi robustan QR sustav poluge koji omogu\u0107uje gotovo trenuta\u010dno pri\u010dvr\u0161\u0107ivanje i uklanjanje va\u0161eg termi\u010dkog nastavka bez naru\u0161avanja nule va\u0161eg oru\u017eja. Modularni dizajn osigurava sigurnu, napeto\u0161\u0107u podestivu blokadu, odr\u017eavaju\u0107i preciznost \u010dak i u najzahtjevnijim uvjetima.<\/p>\n<p>Izra\u0111en od visokokvalitetnog aluminija, Rusan modularni QR adapter dizajniran je da izdr\u017ei napore na terenu. Njegova kompatibilnost s Rusan ARADA prstenovima dodatno pove\u0107ava svestranost sustava, omogu\u0107uju\u0107i prilago\u0111eno rje\u0161enje za va\u0161e specifi\u010dne potrebe.<\/p>\n<p>Iskusite vrhunac u be\u0161umnom, bez-alata radu s Rusan modularnim QR adapterom. Unaprijedite svoju puca\u010dku izvedbu i otklju\u010dajte puni potencijal svojih Guide termi\u010dkih dodataka s ovim inovativnim rje\u0161enjem za monta\u017eu.<\/p>\n","protected":false},"excerpt":{"rendered":"<p>Precizna QR monta\u017ea za termalnu opremu Guide. M52x0.75 navoj, modularna, visokokvalitetna aluminijska konstrukcija.<\/p>\n","protected":false},"featured_media":248589,"template":"","meta":{"_acf_changed":false},"product_brand":[11675],"product_cat":[13545,13520,13540],"product_tag":[],"class_list":{"0":"post-693566","1":"product","2":"type-product","3":"status-publish","4":"has-post-thumbnail","6":"product_brand-rusan","7":"product_cat-dodaci-za-nisanjenje","8":"product_cat-nisanjenje","9":"product_cat-termovizija","11":"first","12":"instock","13":"taxable","14":"shipping-taxable","15":"purchasable","16":"product-type-variable","17":"wvs-archive-product-wrapper"},"acf":[],"_links":{"self":[{"href":"https:\/\/nbg.eu\/hr\/wp-json\/wp\/v2\/product\/693566","targetHints":{"allow":["GET"]}}],"collection":[{"href":"https:\/\/nbg.eu\/hr\/wp-json\/wp\/v2\/product"}],"about":[{"href":"https:\/\/nbg.eu\/hr\/wp-json\/wp\/v2\/types\/product"}],"wp:featuredmedia":[{"embeddable":true,"href":"https:\/\/nbg.eu\/hr\/wp-json\/wp\/v2\/media\/248589"}],"wp:attachment":[{"href":"https:\/\/nbg.eu\/hr\/wp-json\/wp\/v2\/media?parent=693566"}],"wp:term":[{"taxonomy":"product_brand","embeddable":true,"href":"https:\/\/nbg.eu\/hr\/wp-json\/wp\/v2\/product_brand?post=693566"},{"taxonomy":"product_cat","embeddable":true,"href":"https:\/\/nbg.eu\/hr\/wp-json\/wp\/v2\/product_cat?post=693566"},{"taxonomy":"product_tag","embeddable":true,"href":"https:\/\/nbg.eu\/hr\/wp-json\/wp\/v2\/product_tag?post=693566"}],"curies":[{"name":"wp","href":"https:\/\/api.w.org\/{rel}","templated":true}]}}