{"id":694124,"date":"2024-08-17T18:11:52","date_gmt":"2024-08-17T15:11:52","guid":{"rendered":"https:\/\/nbg.eu\/product\/safety-detent-plunger-spring-kmr\/"},"modified":"2026-05-13T16:03:31","modified_gmt":"2026-05-13T13:03:31","slug":"safety-detent-plunger-spring-kmr","status":"publish","type":"product","link":"https:\/\/nbg.eu\/hr\/proizvod\/safety-detent-plunger-spring-kmr\/","title":{"rendered":"KMR Opruga Plun\u017eera Osigura\u010da"},"content":{"rendered":"<h2>Sigurnosna opruga za detent Plunger KMR<\/h2>\n<p>Osigurajte pouzdano i sigurno djelovanje oru\u017eja sa Sigurnosnom oprugom za detent Plunger KMR.<\/p>\n<p>Izra\u0111ena s precizno\u0161\u0107u i izdr\u017eljivo\u0161\u0107u na umu, Sigurnosna opruga za detent Plunger KMR poma\u017ee odr\u017eati pravilno funkcioniranje sigurnosnog mehanizma va\u0161eg oru\u017eja. Njezin pouzdani dizajn osigurava glatki, dosljedni rad, smanjuju\u0107i rizik od slu\u010dajnog ispu\u0161tanja i pobolj\u0161avaju\u0107i ukupnu sigurnost tijekom upotrebe.<\/p>\n<p>Bilo da nadogra\u0111ujete svoje postoje\u0107e KMR oru\u017eje ili zamjenjujete istro\u0161enu komponentu, Sigurnosna opruga za detent Plunger KMR je klju\u010dni dodatak za odr\u017eavanje integriteta i performansi va\u0161eg vatrenog oru\u017eja. Investirajte u ovu pouzdanu komponentu kako biste osigurali da sigurnost i funkcionalnost va\u0161eg oru\u017eja ostanu na najvi\u0161oj razini.<\/p>\n<p>Za oru\u017eja KMR:<\/p>\n<p>KMR L-02 EMIQ<\/p>\n<p>KMR L-02 EMIQ (OR)<\/p>\n<p>KMR L-02 ORCA OD 2024<\/p>\n<p>KMR L-02 ORCA DO 2023<\/p>\n<p>KMR L-02 SPECTRA OD 2024<\/p>\n<p>KMR L-02 SPECTRA DO 2023<\/p>\n<p>KMR L-02 UMBRA (OR) SR<\/p>\n<p>KMR S-01 LANCE (OR)<\/p>\n<p>KMR S-02 OD 2024<\/p>\n<p>KMR S-02 DO 2023<\/p>\n<p>KMR W-02 CUDA (OR)<\/p>\n<p>KMR W-02 UMBRA<\/p>\n<p>KMR W-02 UMBRA (OR)<\/p>\n","protected":false},"excerpt":{"rendered":"<p>Sigurnosna opruga za izbaciva\u010d za oru\u017eje KMR.<\/p>\n","protected":false},"featured_media":24914,"template":"","meta":{"_acf_changed":false},"product_brand":[11491],"product_cat":[13519,14732],"product_tag":[],"class_list":{"0":"post-694124","1":"product","2":"type-product","3":"status-publish","4":"has-post-thumbnail","6":"product_brand-kmr-precision","7":"product_cat-kmr-dijelovi","8":"product_cat-opruge","10":"first","11":"instock","12":"taxable","13":"shipping-taxable","14":"product-type-simple"},"acf":[],"_links":{"self":[{"href":"https:\/\/nbg.eu\/hr\/wp-json\/wp\/v2\/product\/694124","targetHints":{"allow":["GET"]}}],"collection":[{"href":"https:\/\/nbg.eu\/hr\/wp-json\/wp\/v2\/product"}],"about":[{"href":"https:\/\/nbg.eu\/hr\/wp-json\/wp\/v2\/types\/product"}],"wp:featuredmedia":[{"embeddable":true,"href":"https:\/\/nbg.eu\/hr\/wp-json\/wp\/v2\/media\/24914"}],"wp:attachment":[{"href":"https:\/\/nbg.eu\/hr\/wp-json\/wp\/v2\/media?parent=694124"}],"wp:term":[{"taxonomy":"product_brand","embeddable":true,"href":"https:\/\/nbg.eu\/hr\/wp-json\/wp\/v2\/product_brand?post=694124"},{"taxonomy":"product_cat","embeddable":true,"href":"https:\/\/nbg.eu\/hr\/wp-json\/wp\/v2\/product_cat?post=694124"},{"taxonomy":"product_tag","embeddable":true,"href":"https:\/\/nbg.eu\/hr\/wp-json\/wp\/v2\/product_tag?post=694124"}],"curies":[{"name":"wp","href":"https:\/\/api.w.org\/{rel}","templated":true}]}}