{"id":694151,"date":"2024-09-16T12:35:24","date_gmt":"2024-09-16T09:35:24","guid":{"rendered":"https:\/\/nbg.eu\/product\/safety-detent-plunger-right-kmr\/"},"modified":"2026-05-13T16:03:36","modified_gmt":"2026-05-13T13:03:36","slug":"safety-detent-plunger-right-kmr","status":"publish","type":"product","link":"https:\/\/nbg.eu\/hr\/proizvod\/safety-detent-plunger-right-kmr\/","title":{"rendered":"KMR Plun\u017eer Osigura\u010da Desni"},"content":{"rendered":"<h2>Sigurnosna udarna \u010dahura &#8211; Desno KMR<\/h2>\n<p>Pobolj\u0161ajte sigurnost i funkcionalnost va\u0161eg KMR sustava oru\u017eja s Sigurnosnom udarnom \u010dahurom &#8211; Desno. Dizajniran za besprijekornu integraciju, ova \u010dahura pru\u017ea siguran mehanizam zaklju\u010davanja kako bi se sprije\u010dilo slu\u010dajno pra\u017enjenje. Izra\u0111en s precizno\u0161\u0107u, \u010dahura je kompatibilna sa \u0161irokim rasponom KMR modela.<\/p>\n<p>Za oru\u017eje KMR<\/p>\n<p>KMR L-02 EMIQ<\/p>\n<p>KMR L-02 EMIQ (OR)<\/p>\n<p>KMR L-02 ORCA DO 2023.<\/p>\n<p>KMR L-02 SPECTRA DO 2023.<\/p>\n<p>KMR L-02 UMBRA (OR) SR<\/p>\n<p>KMR S-01 LANCE (OR)<\/p>\n<p>KMR S-02 DO 2023.<\/p>\n<p>KMR W-02 CUDA (OR)<\/p>\n<p>KMR W-02 UMBRA<\/p>\n<p>KMR W-02 UMBRA (OR)<\/p>\n<p>Referenca 1130-00302-0401<\/p>\n","protected":false},"excerpt":{"rendered":"<p>Sigurnosni detent klip &#8211; Desni KMR za oru\u017eje KMR<\/p>\n","protected":false},"featured_media":25906,"template":"","meta":{"_acf_changed":false},"product_brand":[11491],"product_cat":[13519],"product_tag":[],"class_list":{"0":"post-694151","1":"product","2":"type-product","3":"status-publish","4":"has-post-thumbnail","6":"product_brand-kmr-precision","7":"product_cat-kmr-dijelovi","9":"first","10":"instock","11":"taxable","12":"shipping-taxable","13":"product-type-simple"},"acf":[],"_links":{"self":[{"href":"https:\/\/nbg.eu\/hr\/wp-json\/wp\/v2\/product\/694151","targetHints":{"allow":["GET"]}}],"collection":[{"href":"https:\/\/nbg.eu\/hr\/wp-json\/wp\/v2\/product"}],"about":[{"href":"https:\/\/nbg.eu\/hr\/wp-json\/wp\/v2\/types\/product"}],"wp:featuredmedia":[{"embeddable":true,"href":"https:\/\/nbg.eu\/hr\/wp-json\/wp\/v2\/media\/25906"}],"wp:attachment":[{"href":"https:\/\/nbg.eu\/hr\/wp-json\/wp\/v2\/media?parent=694151"}],"wp:term":[{"taxonomy":"product_brand","embeddable":true,"href":"https:\/\/nbg.eu\/hr\/wp-json\/wp\/v2\/product_brand?post=694151"},{"taxonomy":"product_cat","embeddable":true,"href":"https:\/\/nbg.eu\/hr\/wp-json\/wp\/v2\/product_cat?post=694151"},{"taxonomy":"product_tag","embeddable":true,"href":"https:\/\/nbg.eu\/hr\/wp-json\/wp\/v2\/product_tag?post=694151"}],"curies":[{"name":"wp","href":"https:\/\/api.w.org\/{rel}","templated":true}]}}