{"id":694183,"date":"2024-08-18T12:14:07","date_gmt":"2024-08-18T09:14:07","guid":{"rendered":"https:\/\/nbg.eu\/product\/safety-detent-plunger-left-kmr\/"},"modified":"2026-05-13T16:02:59","modified_gmt":"2026-05-13T13:02:59","slug":"safety-detent-plunger-left-kmr","status":"publish","type":"product","link":"https:\/\/nbg.eu\/hr\/proizvod\/safety-detent-plunger-left-kmr\/","title":{"rendered":"KMR Plun\u017eer Osigura\u010da Lijevi"},"content":{"rendered":"<h2>Sigurnosni Detent Klip &#8211; Lijevo KMR<\/h2>\n<p>Dizajniran za upotrebu s razli\u010ditim modelima KMR oru\u017eja, Sigurnosni Detent Klip &#8211; Lijevo KMR je klju\u010dna komponenta koja poma\u017ee u osiguravanju sigurnog i pouzdanog rada va\u0161eg vatrenog oru\u017eja. Ovaj klip igra klju\u010dnu ulogu u sigurnosnim mehanizmima oru\u017eja.<\/p>\n<p>Izra\u0111en s naglaskom na preciznost i trajnost, Sigurnosni Detent Klip &#8211; Lijevo KMR osigurava sigurnu i pouzdanu vezu, pru\u017eaju\u0107i mir tijekom rada.<\/p>\n<p>Za oru\u017eja KMR<\/p>\n<p>KMR L-02 EMIQ<\/p>\n<p>KMR L-02 EMIQ (OR)<\/p>\n<p>KMR L-02 ORCA DO 2023<\/p>\n<p>KMR L-02 SPECTRA DO 2023<\/p>\n<p>KMR L-02 UMBRA (OR) SR<\/p>\n<p>KMR S-01 LANCE (OR)<\/p>\n<p>KMR S-02 DO 2023<\/p>\n<p>KMR W-02 CUDA (OR)<\/p>\n<p>KMR W-02 UMBRA<\/p>\n<p>KMR W-02 UMBRA (OR)<\/p>\n<p>Referenca 1130-00302-0401<\/p>\n","protected":false},"excerpt":{"rendered":"<p>Sigurnosni detent klip &#8211; lijevi KMR za oru\u017eje KMR, kompatibilan s razli\u010ditim modelima.<\/p>\n","protected":false},"featured_media":25906,"template":"","meta":{"_acf_changed":false},"product_brand":[11491],"product_cat":[13519],"product_tag":[],"class_list":{"0":"post-694183","1":"product","2":"type-product","3":"status-publish","4":"has-post-thumbnail","6":"product_brand-kmr-precision","7":"product_cat-kmr-dijelovi","9":"first","10":"instock","11":"taxable","12":"shipping-taxable","13":"product-type-simple"},"acf":[],"_links":{"self":[{"href":"https:\/\/nbg.eu\/hr\/wp-json\/wp\/v2\/product\/694183","targetHints":{"allow":["GET"]}}],"collection":[{"href":"https:\/\/nbg.eu\/hr\/wp-json\/wp\/v2\/product"}],"about":[{"href":"https:\/\/nbg.eu\/hr\/wp-json\/wp\/v2\/types\/product"}],"wp:featuredmedia":[{"embeddable":true,"href":"https:\/\/nbg.eu\/hr\/wp-json\/wp\/v2\/media\/25906"}],"wp:attachment":[{"href":"https:\/\/nbg.eu\/hr\/wp-json\/wp\/v2\/media?parent=694183"}],"wp:term":[{"taxonomy":"product_brand","embeddable":true,"href":"https:\/\/nbg.eu\/hr\/wp-json\/wp\/v2\/product_brand?post=694183"},{"taxonomy":"product_cat","embeddable":true,"href":"https:\/\/nbg.eu\/hr\/wp-json\/wp\/v2\/product_cat?post=694183"},{"taxonomy":"product_tag","embeddable":true,"href":"https:\/\/nbg.eu\/hr\/wp-json\/wp\/v2\/product_tag?post=694183"}],"curies":[{"name":"wp","href":"https:\/\/api.w.org\/{rel}","templated":true}]}}