{"id":694454,"date":"2024-09-16T14:36:57","date_gmt":"2024-09-16T11:36:57","guid":{"rendered":"https:\/\/nbg.eu\/product\/slide-stop-27-kmr\/"},"modified":"2026-02-02T18:40:58","modified_gmt":"2026-02-02T15:40:58","slug":"slide-stop-27-kmr","status":"publish","type":"product","link":"https:\/\/nbg.eu\/hr\/proizvod\/slide-stop-27-kmr\/","title":{"rendered":"KLIZNA STOPA 27 KMR"},"content":{"rendered":"<h2>SLIDE STOP 27 KMR &#8211; Pouzdan pokazatelj sigurnosti i ponovnog punjenja vatrenog oru\u017eja<\/h2>\n<p>SLIDE STOP 27 KMR je klju\u010dna zna\u010dajka koja pobolj\u0161ava sigurnost i funkcionalnost va\u0161eg vatrenog oru\u017eja. Kada je spremnik prazan, hvata\u010d zatvara\u010da automatski zaklju\u010dava zatvara\u010d u stra\u017enjem polo\u017eaju, pru\u017eaju\u0107i jasnu vizualnu naznaku da spremnik treba zamijeniti.<\/p>\n<p>Ova zna\u010dajka omogu\u0107uje jednostavno ponovno punjenje, jer strijelac jednostavno mo\u017ee pritisnuti hvata\u010d zatvara\u010da kako bi oslobodio zatvara\u010d i u\u010ditao prvi metak u cijev kada se umetne novi spremnik. SLIDE STOP 27 KMR djeluje kao pouzdan sigurnosni mehanizam, sprje\u010davaju\u0107i slu\u010dajno pra\u017enjenje sve dok spremnik nije pravilno pri\u010dvr\u0161\u0107en i oru\u017eje nije spremno za uporabu.<\/p>\n<p>Izra\u0111en s precizno\u0161\u0107u i pa\u017enjom na detalje, SLIDE STOP 27 KMR je dragocjen dodatak svakom vatrenom oru\u017eju, osiguravaju\u0107i sigurniji i u\u010dinkovitiji do\u017eivljaj pucanja. Bilo da ste iskusni strijelac ili po\u010detnik, ova \u0107e vam zna\u010dajka pru\u017eiti mir i povjerenje potrebno na poligonu ili na terenu.<\/p>\n<p>Za oru\u017eje KMR<br \/>\nKMR L-02 SPECTRA DO 2023.<br \/>\nKMR W-02 CUDA (ILI)<br \/>\nKMR W-02 UMBRA<br \/>\nKMR W-02 UMBRA (ILI)<\/p>\n","protected":false},"excerpt":{"rendered":"<p>Zna\u010dajka kliznog zaklju\u010davanja automatski zaklju\u010dava kliza\u010d kada je spremnik prazan, omogu\u0107uje punjenje novog streljiva i sprje\u010dava slu\u010dajno pra\u017enjenje.<\/p>\n","protected":false},"featured_media":25860,"template":"","meta":{"_acf_changed":false},"product_brand":[11491],"product_cat":[13519],"product_tag":[],"class_list":{"0":"post-694454","1":"product","2":"type-product","3":"status-publish","4":"has-post-thumbnail","6":"product_brand-kmr-precision","7":"product_cat-kmr-dijelovi","9":"first","10":"instock","11":"taxable","12":"shipping-taxable","13":"product-type-simple"},"acf":[],"_links":{"self":[{"href":"https:\/\/nbg.eu\/hr\/wp-json\/wp\/v2\/product\/694454","targetHints":{"allow":["GET"]}}],"collection":[{"href":"https:\/\/nbg.eu\/hr\/wp-json\/wp\/v2\/product"}],"about":[{"href":"https:\/\/nbg.eu\/hr\/wp-json\/wp\/v2\/types\/product"}],"wp:featuredmedia":[{"embeddable":true,"href":"https:\/\/nbg.eu\/hr\/wp-json\/wp\/v2\/media\/25860"}],"wp:attachment":[{"href":"https:\/\/nbg.eu\/hr\/wp-json\/wp\/v2\/media?parent=694454"}],"wp:term":[{"taxonomy":"product_brand","embeddable":true,"href":"https:\/\/nbg.eu\/hr\/wp-json\/wp\/v2\/product_brand?post=694454"},{"taxonomy":"product_cat","embeddable":true,"href":"https:\/\/nbg.eu\/hr\/wp-json\/wp\/v2\/product_cat?post=694454"},{"taxonomy":"product_tag","embeddable":true,"href":"https:\/\/nbg.eu\/hr\/wp-json\/wp\/v2\/product_tag?post=694454"}],"curies":[{"name":"wp","href":"https:\/\/api.w.org\/{rel}","templated":true}]}}