{"id":694480,"date":"2024-09-17T22:47:08","date_gmt":"2024-09-17T19:47:08","guid":{"rendered":"https:\/\/nbg.eu\/product\/slide-stop-spring-22-lr-kmr\/"},"modified":"2026-02-13T18:49:51","modified_gmt":"2026-02-13T15:49:51","slug":"slide-stop-spring-22-lr-kmr","status":"publish","type":"product","link":"https:\/\/nbg.eu\/hr\/proizvod\/slide-stop-spring-22-lr-kmr\/","title":{"rendered":"OPRUGA ZA ZAUSTAVLJANJE KLIZA\u010cA 22 LR KMR"},"content":{"rendered":"<h2>SLIDE STOP SPRING 22 LR KMR za oru\u017eje KMR<\/h2>\n<p>Dizajniran za kori\u0161tenje s oru\u017ejima serije KMR, SLIDE STOP SPRING 22 LR KMR je izdr\u017eljiv i pouzdan dodatak koji osigurava glatko rukovanje i pobolj\u0161anu funkcionalnost.<\/p>\n<p>Izra\u0111en s precizno\u0161\u0107u i pa\u017enjom na detalje, SLIDE STOP SPRING 22 LR KMR osigurava pouzdane performanse i produ\u017eeni vijek trajanja, \u010dine\u0107i ga klju\u010dnom komponentom za entuzijaste i profesionalce KMR oru\u017eja. Ova je opruga kompatibilna sa svim KMR modelima do 2023. godine, pru\u017eaju\u0107i izdr\u017eljivo rje\u0161enje za potrebe odr\u017eavanja i unapre\u0111enja va\u0161eg vatrenog oru\u017eja.<\/p>\n<p>Za oru\u017eje KMR<\/p>\n<p>KMR S-01 LANCE (OR)<\/p>\n<p>KMR S-02 10 (OR) SR ADA<\/p>\n<p>KMR S-02 75 (OR) SR ADA<\/p>\n<p>KMR S-02 SH1 (OR) SR ADA<\/p>\n<p>KMR S-02 SH2 (OR) SR ADA<\/p>\n<p>KMR S-02 TS (OR) SR ADA<\/p>\n<p>KMR S-02 DO 2023<\/p>\n","protected":false},"excerpt":{"rendered":"<p>Zamjenska opruga za zaustavljanje kliza\u010da na oru\u017eju KMR.<\/p>\n","protected":false},"featured_media":24891,"template":"","meta":{"_acf_changed":false},"product_brand":[11491],"product_cat":[13519,14732],"product_tag":[],"class_list":{"0":"post-694480","1":"product","2":"type-product","3":"status-publish","4":"has-post-thumbnail","6":"product_brand-kmr-precision","7":"product_cat-kmr-dijelovi","8":"product_cat-opruge","10":"first","11":"instock","12":"taxable","13":"shipping-taxable","14":"product-type-simple"},"acf":[],"_links":{"self":[{"href":"https:\/\/nbg.eu\/hr\/wp-json\/wp\/v2\/product\/694480","targetHints":{"allow":["GET"]}}],"collection":[{"href":"https:\/\/nbg.eu\/hr\/wp-json\/wp\/v2\/product"}],"about":[{"href":"https:\/\/nbg.eu\/hr\/wp-json\/wp\/v2\/types\/product"}],"wp:featuredmedia":[{"embeddable":true,"href":"https:\/\/nbg.eu\/hr\/wp-json\/wp\/v2\/media\/24891"}],"wp:attachment":[{"href":"https:\/\/nbg.eu\/hr\/wp-json\/wp\/v2\/media?parent=694480"}],"wp:term":[{"taxonomy":"product_brand","embeddable":true,"href":"https:\/\/nbg.eu\/hr\/wp-json\/wp\/v2\/product_brand?post=694480"},{"taxonomy":"product_cat","embeddable":true,"href":"https:\/\/nbg.eu\/hr\/wp-json\/wp\/v2\/product_cat?post=694480"},{"taxonomy":"product_tag","embeddable":true,"href":"https:\/\/nbg.eu\/hr\/wp-json\/wp\/v2\/product_tag?post=694480"}],"curies":[{"name":"wp","href":"https:\/\/api.w.org\/{rel}","templated":true}]}}