{"id":694515,"date":"2024-08-17T15:15:43","date_gmt":"2024-08-17T12:15:43","guid":{"rendered":"https:\/\/nbg.eu\/product\/slide-stop-spring-pin-22-lr-15x6-kmr\/"},"modified":"2026-05-13T15:09:58","modified_gmt":"2026-05-13T12:09:58","slug":"slide-stop-spring-pin-22-lr-15x6-kmr","status":"publish","type":"product","link":"https:\/\/nbg.eu\/hr\/proizvod\/slide-stop-spring-pin-22-lr-15x6-kmr\/","title":{"rendered":"KMR Os Opruge Zasuna Zatvara\u010da .22 LR 1.5&#215;6"},"content":{"rendered":"<h2>Opruga kliza\u010da 22 Lr 1,5X6 KMR<\/h2>\n<p>Opruga kliza\u010da 22 Lr 1,5X6 KMR je klju\u010dna komponenta za odr\u017eavanje pravilnog rada va\u0161eg oru\u017eja. Dizajnirana specifi\u010dno za oru\u017eje kalibra 22 Lr, ova opruga osigurava sigurnu i pouzdanu funkciju zaustavljanja kliza\u010da, sprje\u010davaju\u0107i nepravilno pucanje i osiguravaju\u0107i glatki rad.<\/p>\n<p>Izra\u0111ena od visokokvalitetnih materijala, Opruga kliza\u010da 22 Lr 1,5X6 KMR napravljena je da izdr\u017ei napore redovne upotrebe. Njezina kompaktna veli\u010dina 1,5 mm x 6 mm \u010dini je savr\u0161enim dodatkom za razne vatrene oru\u017eje kalibra 22 Lr, osiguravaju\u0107i besprijekornu integraciju s unutarnjim komponentama va\u0161eg oru\u017eja.<\/p>\n<p>Bilo da ste natjecateljski strijelac, rekreativni entuzijast ili odgovorni vlasnik oru\u017eja, Opruga kliza\u010da 22 Lr 1,5X6 KMR je klju\u010dan dodatak za odr\u017eavanje optimalne u\u010dinkovitosti i pouzdanosti va\u0161eg vatrenog oru\u017eja kalibra 22 Lr. Njezina precizna izrada i izdr\u017eljiva konstrukcija jam\u010de dugotrajan rad, omogu\u0107uju\u0107i vam da se usredoto\u010dite na va\u0161e iskustvo pucanja s pouzdanjem.<\/p>\n","protected":false},"excerpt":{"rendered":"<p>Izdr\u017eljivi oprugasti klin osigurava zaustavljanje kliza\u010da na pi\u0161toljima 22 LR.<\/p>\n","protected":false},"featured_media":24032,"template":"","meta":{"_acf_changed":false},"product_brand":[11491],"product_cat":[13519],"product_tag":[],"class_list":{"0":"post-694515","1":"product","2":"type-product","3":"status-publish","4":"has-post-thumbnail","6":"product_brand-kmr-precision","7":"product_cat-kmr-dijelovi","9":"first","10":"instock","11":"taxable","12":"shipping-taxable","13":"product-type-simple"},"acf":[],"_links":{"self":[{"href":"https:\/\/nbg.eu\/hr\/wp-json\/wp\/v2\/product\/694515","targetHints":{"allow":["GET"]}}],"collection":[{"href":"https:\/\/nbg.eu\/hr\/wp-json\/wp\/v2\/product"}],"about":[{"href":"https:\/\/nbg.eu\/hr\/wp-json\/wp\/v2\/types\/product"}],"wp:featuredmedia":[{"embeddable":true,"href":"https:\/\/nbg.eu\/hr\/wp-json\/wp\/v2\/media\/24032"}],"wp:attachment":[{"href":"https:\/\/nbg.eu\/hr\/wp-json\/wp\/v2\/media?parent=694515"}],"wp:term":[{"taxonomy":"product_brand","embeddable":true,"href":"https:\/\/nbg.eu\/hr\/wp-json\/wp\/v2\/product_brand?post=694515"},{"taxonomy":"product_cat","embeddable":true,"href":"https:\/\/nbg.eu\/hr\/wp-json\/wp\/v2\/product_cat?post=694515"},{"taxonomy":"product_tag","embeddable":true,"href":"https:\/\/nbg.eu\/hr\/wp-json\/wp\/v2\/product_tag?post=694515"}],"curies":[{"name":"wp","href":"https:\/\/api.w.org\/{rel}","templated":true}]}}