{"id":694524,"date":"2024-08-18T12:10:35","date_gmt":"2024-08-18T09:10:35","guid":{"rendered":"https:\/\/nbg.eu\/product\/slide-stop-26-recessed-kmr\/"},"modified":"2026-05-13T16:02:08","modified_gmt":"2026-05-13T13:02:08","slug":"slide-stop-26-recessed-kmr","status":"publish","type":"product","link":"https:\/\/nbg.eu\/hr\/proizvod\/slide-stop-26-recessed-kmr\/","title":{"rendered":"KMR Zasun Zatvara\u010da 26 Udubljeni"},"content":{"rendered":"<h2>KLIZNI ZAUSTAVLJA 26 UGRADENO KMR<\/h2>\n<p>Klizni zaustavlja je dizajniran kako bi bio lako dostupan i jednostavan za kori\u0161tenje tijekom pucanja i promjene okvira.<\/p>\n<p>Koristi se za osiguravanje kliza\u010da u stra\u017enjem polo\u017eaju, obi\u010dno nakon \u0161to je okvir ispra\u017enjen. Ova zna\u010dajka uklju\u010dena je u ve\u0107inu modernih samoubojitih pi\u0161tolja.<\/p>\n<p>Blokada kliza\u010da u stra\u017enjem polo\u017eaju &#8211; kada je okvir prazan, hvata\u010d kliza\u010da automatski zaklju\u010dava kliza\u010d u stra\u017enjem polo\u017eaju, signaliziraju\u0107i strijelcu da je potrebno zamijeniti okvir.<\/p>\n<p>Omogu\u0107avanje punjenja novog streljiva &#8211; nakon \u0161to se umetne novi okvir, strijelac \u0107e obi\u010dno pritisnuti hvata\u010d zatvara\u010da, \u0161to \u0107e omogu\u0107iti zatvara\u010du da se pokrene prema naprijed kako bi u\u010ditao prvi metak u cijev.<\/p>\n<p>Sigurnosna zna\u010dajka &#8211; Zaustavka kliza\u010da mo\u017ee tako\u0111er biti sigurnosna zna\u010dajka koja sprje\u010dava slu\u010dajno pra\u017enjenje dok okvir nije pravilno umetnut i oru\u017eje nije spremno za uporabu.<\/p>\n<p>Za oru\u017eje KMR<br \/>KMR L-02 UMBRA DO 2023<\/p>\n","protected":false},"excerpt":{"rendered":"<p>\u010cvrsto i sigurno aktiviranje zatvara\u010da dizajnirano za moderne poluautomatske pi\u0161tolje, olak\u0161ava zamjenu \u0161ar\u017eera i osigurava siguran rad.<\/p>\n","protected":false},"featured_media":25837,"template":"","meta":{"_acf_changed":false},"product_brand":[11491],"product_cat":[13519],"product_tag":[],"class_list":{"0":"post-694524","1":"product","2":"type-product","3":"status-publish","4":"has-post-thumbnail","6":"product_brand-kmr-precision","7":"product_cat-kmr-dijelovi","9":"first","10":"instock","11":"taxable","12":"shipping-taxable","13":"product-type-simple"},"acf":[],"_links":{"self":[{"href":"https:\/\/nbg.eu\/hr\/wp-json\/wp\/v2\/product\/694524","targetHints":{"allow":["GET"]}}],"collection":[{"href":"https:\/\/nbg.eu\/hr\/wp-json\/wp\/v2\/product"}],"about":[{"href":"https:\/\/nbg.eu\/hr\/wp-json\/wp\/v2\/types\/product"}],"wp:featuredmedia":[{"embeddable":true,"href":"https:\/\/nbg.eu\/hr\/wp-json\/wp\/v2\/media\/25837"}],"wp:attachment":[{"href":"https:\/\/nbg.eu\/hr\/wp-json\/wp\/v2\/media?parent=694524"}],"wp:term":[{"taxonomy":"product_brand","embeddable":true,"href":"https:\/\/nbg.eu\/hr\/wp-json\/wp\/v2\/product_brand?post=694524"},{"taxonomy":"product_cat","embeddable":true,"href":"https:\/\/nbg.eu\/hr\/wp-json\/wp\/v2\/product_cat?post=694524"},{"taxonomy":"product_tag","embeddable":true,"href":"https:\/\/nbg.eu\/hr\/wp-json\/wp\/v2\/product_tag?post=694524"}],"curies":[{"name":"wp","href":"https:\/\/api.w.org\/{rel}","templated":true}]}}