{"id":694724,"date":"2024-08-17T15:43:53","date_gmt":"2024-08-17T12:43:53","guid":{"rendered":"https:\/\/nbg.eu\/product\/thumbrest-4-48-alu-black-kmr\/"},"modified":"2026-05-13T16:03:17","modified_gmt":"2026-05-13T13:03:17","slug":"thumbrest-4-48-alu-black-kmr","status":"publish","type":"product","link":"https:\/\/nbg.eu\/hr\/proizvod\/thumbrest-4-48-alu-black-kmr\/","title":{"rendered":"KMR Oslonac za Palac 4-48\u00b0 ALU Crni za Orca 2023"},"content":{"rendered":"<h2>OSLONAC ZA PALAC 4-48\u00b0 ALU CRNI KMR<\/h2>\n<p>Unaprijedite svoje iskustvo pucanja s OSLONCEM ZA PALAC 4-48\u00b0 ALU CRNI KMR. Ovaj inovativni dodatak pru\u017ea ugodan i stabilan hvat na va\u0161em oru\u017eju, omogu\u0107uju\u0107i vam bolju kontrolu i preciznost prilikom pucanja.<\/p>\n<p>Dizajniran za uporabu s oru\u017ejem KMR, to\u010dnije s modelom KMR L-02 ORCA do 2023. godine, oslonac za palac ima raspon pode\u0161avanja kuta od 4-48\u00b0. Ova prilagodljivost osigurava prilago\u0111eni polo\u017eaj koji odgovara va\u0161em osobnom stilu i \u017eeljama pri pucanju.<\/p>\n<p>Unaprijedite svoje performanse u pucanju i pove\u0107ajte kontrolu s OSLONCEM ZA PALAC 4-48\u00b0 ALU CRNI KMR. Podignite svoje iskustvo pucanja i povedite svoje vje\u0161tine na sljede\u0107u razinu.<\/p>\n","protected":false},"excerpt":{"rendered":"<p>Ugodna dr\u0161ka, stabilizirana pu\u0161ka, bolja kontrola za KMR L-02 ORCA.<\/p>\n","protected":false},"featured_media":24239,"template":"","meta":{"_acf_changed":false},"product_brand":[11491],"product_cat":[13519],"product_tag":[],"class_list":{"0":"post-694724","1":"product","2":"type-product","3":"status-publish","4":"has-post-thumbnail","6":"product_brand-kmr-precision","7":"product_cat-kmr-dijelovi","9":"first","10":"instock","11":"taxable","12":"shipping-taxable","13":"product-type-simple"},"acf":[],"_links":{"self":[{"href":"https:\/\/nbg.eu\/hr\/wp-json\/wp\/v2\/product\/694724","targetHints":{"allow":["GET"]}}],"collection":[{"href":"https:\/\/nbg.eu\/hr\/wp-json\/wp\/v2\/product"}],"about":[{"href":"https:\/\/nbg.eu\/hr\/wp-json\/wp\/v2\/types\/product"}],"wp:featuredmedia":[{"embeddable":true,"href":"https:\/\/nbg.eu\/hr\/wp-json\/wp\/v2\/media\/24239"}],"wp:attachment":[{"href":"https:\/\/nbg.eu\/hr\/wp-json\/wp\/v2\/media?parent=694724"}],"wp:term":[{"taxonomy":"product_brand","embeddable":true,"href":"https:\/\/nbg.eu\/hr\/wp-json\/wp\/v2\/product_brand?post=694724"},{"taxonomy":"product_cat","embeddable":true,"href":"https:\/\/nbg.eu\/hr\/wp-json\/wp\/v2\/product_cat?post=694724"},{"taxonomy":"product_tag","embeddable":true,"href":"https:\/\/nbg.eu\/hr\/wp-json\/wp\/v2\/product_tag?post=694724"}],"curies":[{"name":"wp","href":"https:\/\/api.w.org\/{rel}","templated":true}]}}