{"id":694747,"date":"2024-08-18T11:09:22","date_gmt":"2024-08-18T08:09:22","guid":{"rendered":"https:\/\/nbg.eu\/product\/thumbrest-screw-m4x8-din-965-kmr\/"},"modified":"2026-05-13T16:01:00","modified_gmt":"2026-05-13T13:01:00","slug":"thumbrest-screw-m4x8-din-965-kmr","status":"publish","type":"product","link":"https:\/\/nbg.eu\/hr\/proizvod\/thumbrest-screw-m4x8-din-965-kmr\/","title":{"rendered":"KMR Vijak Oslonca za Palac M4x8 DIN 965"},"content":{"rendered":"<h2>Vijak za pal\u010danu ru\u010dku M4X8 Din 965 KMR<\/h2>\n<p>Vijak za pal\u010danu ru\u010dku M4X8 Din 965 KMR je klju\u010dna komponenta za kompatibilne KMR modele oru\u017eja.<\/p>\n<p>Izra\u0111en od izdr\u017eljivih materijala, Vijak za pal\u010danu ru\u010dku M4X8 Din 965 KMR je konstruiran da izdr\u017ei zahtjeve takti\u010dkih okru\u017eenja. Njegova otpornost na koroziju i \u010dvrsta konstrukcija \u010dine ga pouzdanim izborom za prilagodbu i pobolj\u0161anje oru\u017eja. Bilo da nadogra\u0111ujete svoj KMR vatreni stroj ili jednostavno zamjenjujete istro\u0161eni vijak, ova komponenta je neophodna za odr\u017eavanje optimalne u\u010dinkovitosti i funkcionalnosti va\u0161eg oru\u017eja.<\/p>\n<p>Za oru\u017eja KMR:<\/p>\n<p>KMR L-02 EMIQ<\/p>\n<p>KMR L-02 EMIQ (OR)<\/p>\n<p>KMR L-02 ORCA OD 2024<\/p>\n<p>KMR L-02 ORCA DO 2023<\/p>\n","protected":false},"excerpt":{"rendered":"<p>Vijak za oslonac za palac M4x8 DIN 965 za oru\u017eje KMR L-02 EMIQ i ORCA.<\/p>\n","protected":false},"featured_media":25306,"template":"","meta":{"_acf_changed":false},"product_brand":[11491],"product_cat":[13519],"product_tag":[],"class_list":{"0":"post-694747","1":"product","2":"type-product","3":"status-publish","4":"has-post-thumbnail","6":"product_brand-kmr-precision","7":"product_cat-kmr-dijelovi","9":"first","10":"instock","11":"taxable","12":"shipping-taxable","13":"product-type-simple"},"acf":[],"_links":{"self":[{"href":"https:\/\/nbg.eu\/hr\/wp-json\/wp\/v2\/product\/694747","targetHints":{"allow":["GET"]}}],"collection":[{"href":"https:\/\/nbg.eu\/hr\/wp-json\/wp\/v2\/product"}],"about":[{"href":"https:\/\/nbg.eu\/hr\/wp-json\/wp\/v2\/types\/product"}],"wp:featuredmedia":[{"embeddable":true,"href":"https:\/\/nbg.eu\/hr\/wp-json\/wp\/v2\/media\/25306"}],"wp:attachment":[{"href":"https:\/\/nbg.eu\/hr\/wp-json\/wp\/v2\/media?parent=694747"}],"wp:term":[{"taxonomy":"product_brand","embeddable":true,"href":"https:\/\/nbg.eu\/hr\/wp-json\/wp\/v2\/product_brand?post=694747"},{"taxonomy":"product_cat","embeddable":true,"href":"https:\/\/nbg.eu\/hr\/wp-json\/wp\/v2\/product_cat?post=694747"},{"taxonomy":"product_tag","embeddable":true,"href":"https:\/\/nbg.eu\/hr\/wp-json\/wp\/v2\/product_tag?post=694747"}],"curies":[{"name":"wp","href":"https:\/\/api.w.org\/{rel}","templated":true}]}}