{"id":694773,"date":"2024-08-17T16:53:09","date_gmt":"2024-08-17T13:53:09","guid":{"rendered":"https:\/\/nbg.eu\/product\/thumbrest-for-kmr-red-dot-sight-frame-mount-alu-black\/"},"modified":"2026-04-16T16:06:38","modified_gmt":"2026-04-16T13:06:38","slug":"thumbrest-for-kmr-red-dot-sight-frame-mount-alu-black","status":"publish","type":"product","link":"https:\/\/nbg.eu\/hr\/proizvod\/thumbrest-for-kmr-red-dot-sight-frame-mount-alu-black\/","title":{"rendered":"KMR Oslonac za Palac for Red Dot Sight Frame-Mount ALU Crni"},"content":{"rendered":"<h2>Oslonac za palac za KMR Red Dot Sight monta\u017eni okvir &#8211; crno<\/h2>\n<p>Postignite superior upravljanje trzajem i dosljednu indeksaciju ruke za svoje opti\u010dke sustave monta\u017ene na okvir s Osloncem za palac za KMR Red Dot Sight monta\u017eni okvir &#8211; crno. Izra\u0111en od visokokvalitetnog CNC-obra\u0111enog aluminija, ovaj dodatak dizajniran je posebno za KMR uzorke okvira, s agresivnom teksturom &#8220;gas pedala&#8221; i mat crnom anodiziranom zavr\u0161nom obradom.<\/p>\n<p>Oslonac za palac pru\u017ea namjensku to\u010dku poluge za palac ruke za potporu, \u0161to vam omogu\u0107uje da suprotstavite podizanje cijevi primjenom silaznog pritiska izravno na okvir, neovisno o kliza\u010du. Ova inovativna konstrukcija omogu\u0107uje znatno br\u017eu ponovnu akviziciju cilja i poma\u017ee vam da odr\u017eite pli\u0107i profil pucanja tijekom brzih nizova pucanja.<\/p>\n","protected":false},"excerpt":{"rendered":"<p>Potporanj za ciljnik KMR Red Dot Frame-Mount Alu &#8211; crni. Pru\u017ea odli\u010dnu kontrolu trzanja i ujedna\u010deno namje\u0161tanje ruke za sustave opti\u010dkog ciljanja pri\u010dvr\u0161\u0107ene na okvir.<\/p>\n","protected":false},"featured_media":24262,"template":"","meta":{"_acf_changed":false},"product_brand":[11491],"product_cat":[13519],"product_tag":[],"class_list":{"0":"post-694773","1":"product","2":"type-product","3":"status-publish","4":"has-post-thumbnail","6":"product_brand-kmr-precision","7":"product_cat-kmr-dijelovi","9":"first","10":"instock","11":"taxable","12":"shipping-taxable","13":"product-type-simple"},"acf":[],"_links":{"self":[{"href":"https:\/\/nbg.eu\/hr\/wp-json\/wp\/v2\/product\/694773","targetHints":{"allow":["GET"]}}],"collection":[{"href":"https:\/\/nbg.eu\/hr\/wp-json\/wp\/v2\/product"}],"about":[{"href":"https:\/\/nbg.eu\/hr\/wp-json\/wp\/v2\/types\/product"}],"wp:featuredmedia":[{"embeddable":true,"href":"https:\/\/nbg.eu\/hr\/wp-json\/wp\/v2\/media\/24262"}],"wp:attachment":[{"href":"https:\/\/nbg.eu\/hr\/wp-json\/wp\/v2\/media?parent=694773"}],"wp:term":[{"taxonomy":"product_brand","embeddable":true,"href":"https:\/\/nbg.eu\/hr\/wp-json\/wp\/v2\/product_brand?post=694773"},{"taxonomy":"product_cat","embeddable":true,"href":"https:\/\/nbg.eu\/hr\/wp-json\/wp\/v2\/product_cat?post=694773"},{"taxonomy":"product_tag","embeddable":true,"href":"https:\/\/nbg.eu\/hr\/wp-json\/wp\/v2\/product_tag?post=694773"}],"curies":[{"name":"wp","href":"https:\/\/api.w.org\/{rel}","templated":true}]}}