{"id":694847,"date":"2024-08-17T17:23:25","date_gmt":"2024-08-17T14:23:25","guid":{"rendered":"https:\/\/nbg.eu\/product\/trigger-bar-spring-kmr\/"},"modified":"2026-02-26T12:13:56","modified_gmt":"2026-02-26T09:13:56","slug":"trigger-bar-spring-kmr","status":"publish","type":"product","link":"https:\/\/nbg.eu\/hr\/proizvod\/trigger-bar-spring-kmr\/","title":{"rendered":"Opruga zatezne poluge KMR"},"content":{"rendered":"<h2>Opruga okida\u010da KMR za oru\u017eje KMR<\/h2>\n<p>In\u017eenjerski projektirana s precizno\u0161\u0107u i trajno\u0161\u0107u, ova opruga osigurava glatko i pouzdano funkcioniranje okida\u010da za ove napredne sustave oru\u017eja. Njezina robusna konstrukcija i pa\u017eljiv dizajn pru\u017eaju dosljedne performanse, \u010dak i u najzahtjevnijim uvjetima.<\/p>\n<p>Bilo da ste profesionalni strijelac ili strastveni entuzijast, ovaj dio je klju\u010dni zamjenski dio za odr\u017eavanje optimalne funkcionalnosti va\u0161eg oru\u017eja KMR. Investirajte u ovu visokokvalitetnu komponentu kako biste odr\u017eali va\u0161e vatreno oru\u017eje u vr\u0161nim performansama.<\/p>\n<p>Za oru\u017eje KMR:<\/p>\n<p>KMR L-02 SPECTRA OD 2024.<\/p>\n<p>KMR L-02 SPECTRA DO 2023.<\/p>\n<p>KMR L-02 UMBRA (ILI) SR<\/p>\n<p>KMR S-01 LANCE (ILI)<\/p>\n<p>KMR S-02 OD 2024.<\/p>\n<p>KMR S-02 DO 2023.<\/p>\n<p>KMR W-02 CUDA (ILI)<\/p>\n<p>KMR W-02 UMBRA<\/p>\n<p>KMR W-02 UMBRA (ILI)<\/p>\n","protected":false},"excerpt":{"rendered":"<p>Okida\u010d opruge za KMR modele.<\/p>\n","protected":false},"featured_media":24632,"template":"","meta":{"_acf_changed":false},"product_brand":[11491],"product_cat":[13519,14732],"product_tag":[],"class_list":{"0":"post-694847","1":"product","2":"type-product","3":"status-publish","4":"has-post-thumbnail","6":"product_brand-kmr-precision","7":"product_cat-kmr-dijelovi","8":"product_cat-opruge","10":"first","11":"instock","12":"taxable","13":"shipping-taxable","14":"product-type-simple"},"acf":[],"_links":{"self":[{"href":"https:\/\/nbg.eu\/hr\/wp-json\/wp\/v2\/product\/694847","targetHints":{"allow":["GET"]}}],"collection":[{"href":"https:\/\/nbg.eu\/hr\/wp-json\/wp\/v2\/product"}],"about":[{"href":"https:\/\/nbg.eu\/hr\/wp-json\/wp\/v2\/types\/product"}],"wp:featuredmedia":[{"embeddable":true,"href":"https:\/\/nbg.eu\/hr\/wp-json\/wp\/v2\/media\/24632"}],"wp:attachment":[{"href":"https:\/\/nbg.eu\/hr\/wp-json\/wp\/v2\/media?parent=694847"}],"wp:term":[{"taxonomy":"product_brand","embeddable":true,"href":"https:\/\/nbg.eu\/hr\/wp-json\/wp\/v2\/product_brand?post=694847"},{"taxonomy":"product_cat","embeddable":true,"href":"https:\/\/nbg.eu\/hr\/wp-json\/wp\/v2\/product_cat?post=694847"},{"taxonomy":"product_tag","embeddable":true,"href":"https:\/\/nbg.eu\/hr\/wp-json\/wp\/v2\/product_tag?post=694847"}],"curies":[{"name":"wp","href":"https:\/\/api.w.org\/{rel}","templated":true}]}}