{"id":694863,"date":"2025-03-09T15:43:31","date_gmt":"2025-03-09T12:43:31","guid":{"rendered":"https:\/\/nbg.eu\/product\/blue-force-gear-trauma-kit-now-medium-medical-supplies\/"},"modified":"2026-05-13T16:43:13","modified_gmt":"2026-05-13T13:43:13","slug":"blue-force-gear-trauma-kit-now-medium-medical-supplies","status":"publish","type":"product","link":"https:\/\/nbg.eu\/hr\/proizvod\/blue-force-gear-trauma-kit-now-medium-medical-supplies\/","title":{"rendered":"Blue Force Gear Trauma Kit NOW! Medium Medical Supplies"},"content":{"rendered":"<h2>Blue Force Gear Trauma Kit NOW! (Medium)<\/h2>\n<p>Brzo pristupite klju\u010dnoj medicinskoj opremi za spa\u0161avanje \u017eivota s Blue Force Gear Trauma Kit NOW! (Medium). Dizajniran za &#8220;trenutnu akciju&#8221; u medicinskim hitnim slu\u010dajevima, ovaj komplet ima pristup brzine velike brzine jednom rukom. Dizajn s poteznom ru\u010dkom omogu\u0107uje da se cijelo medicinsko umetanje mo\u017ee aktivirati jednim pokretom bilo koje ruke, osiguravaju\u0107i da klju\u010dne zalihe poput zatega\u010da, prsnih pe\u010data i hemostatskih sredstava budu dostupne u samo nekoliko sekundi kada svaki trenutak ima zna\u010daj.<\/p>\n<p>Izra\u0111en s BLIP (Ballistic Line Integrated Pull) tehnologijom ru\u010dke, Helium Whisper sustavom pri\u010dvr\u0161\u0107ivanja i MIL-SPEC 500D Cordura konstrukcijom, Trauma Kit NOW! (Medium) je trajno i pouzdano rje\u0161enje za va\u0161e medicinske potrebe. Njegov dizajn s dva dijela, s vanjskom torbom i uklonjivim unutarnjim nosa\u010dem, pru\u017ea fleksibilnost i organizaciju, poma\u017eu\u0107i vam da budete spremni za bilo koju hitnu situaciju.<\/p>\n","protected":false},"excerpt":{"rendered":"<p>Komplet brze pomo\u0107i s osnovnom opremom za spa\u0161avanje \u017eivota.<\/p>\n","protected":false},"featured_media":251675,"template":"","meta":{"_acf_changed":false},"product_brand":[11122],"product_cat":[13526],"product_tag":[],"class_list":{"0":"post-694863","1":"product","2":"type-product","3":"status-publish","4":"has-post-thumbnail","6":"product_brand-blue-force-gear","7":"product_cat-medicinska-oprema","9":"first","10":"instock","11":"taxable","12":"shipping-taxable","13":"purchasable","14":"product-type-variable","15":"wvs-archive-product-wrapper"},"acf":[],"_links":{"self":[{"href":"https:\/\/nbg.eu\/hr\/wp-json\/wp\/v2\/product\/694863","targetHints":{"allow":["GET"]}}],"collection":[{"href":"https:\/\/nbg.eu\/hr\/wp-json\/wp\/v2\/product"}],"about":[{"href":"https:\/\/nbg.eu\/hr\/wp-json\/wp\/v2\/types\/product"}],"wp:featuredmedia":[{"embeddable":true,"href":"https:\/\/nbg.eu\/hr\/wp-json\/wp\/v2\/media\/251675"}],"wp:attachment":[{"href":"https:\/\/nbg.eu\/hr\/wp-json\/wp\/v2\/media?parent=694863"}],"wp:term":[{"taxonomy":"product_brand","embeddable":true,"href":"https:\/\/nbg.eu\/hr\/wp-json\/wp\/v2\/product_brand?post=694863"},{"taxonomy":"product_cat","embeddable":true,"href":"https:\/\/nbg.eu\/hr\/wp-json\/wp\/v2\/product_cat?post=694863"},{"taxonomy":"product_tag","embeddable":true,"href":"https:\/\/nbg.eu\/hr\/wp-json\/wp\/v2\/product_tag?post=694863"}],"curies":[{"name":"wp","href":"https:\/\/api.w.org\/{rel}","templated":true}]}}