{"id":694892,"date":"2024-08-18T11:20:42","date_gmt":"2024-08-18T08:20:42","guid":{"rendered":"https:\/\/nbg.eu\/product\/trigger-bar-sa-da-kmr-l\/"},"modified":"2026-05-13T16:02:51","modified_gmt":"2026-05-13T13:02:51","slug":"trigger-bar-sa-da-kmr-l","status":"publish","type":"product","link":"https:\/\/nbg.eu\/hr\/proizvod\/trigger-bar-sa-da-kmr-l\/","title":{"rendered":"KMR Obara\u010dka Poluga SA\/DA L"},"content":{"rendered":"<h2>Trigger Bar SA\/DA KMR L<\/h2>\n<p>Trigger Bar SA\/DA KMR L je klju\u010dna unutarnja komponenta za KMR L model, omogu\u0107uju\u0107i rad u jednoradnjom (SA) i dvoradnjom (DA) na\u010dinu. Ova komponenta prenosi pomak okida\u010da na mehanizam okidanja, osiguravaju\u0107i pouzdano i precizno paljenje u oba na\u010dina rada.<\/p>\n<p>Za oru\u017eje KMR:<\/p>\n<p>KMR L-02 SPECTRA OD 2024<\/p>\n<p>KMR L-02 SPECTRA DO 2023<\/p>\n<p>KMR L-02 UMBRA OD 2024<\/p>\n<p>KMR L-02 UMBRA DO 2023<\/p>\n","protected":false},"excerpt":{"rendered":"<p>Prenosi aktiviraju kretanje u SA\/DA za KMR L modele<\/p>\n","protected":false},"featured_media":25537,"template":"","meta":{"_acf_changed":false},"product_brand":[11491],"product_cat":[13519],"product_tag":[],"class_list":{"0":"post-694892","1":"product","2":"type-product","3":"status-publish","4":"has-post-thumbnail","6":"product_brand-kmr-precision","7":"product_cat-kmr-dijelovi","9":"first","10":"instock","11":"taxable","12":"shipping-taxable","13":"product-type-simple"},"acf":[],"_links":{"self":[{"href":"https:\/\/nbg.eu\/hr\/wp-json\/wp\/v2\/product\/694892","targetHints":{"allow":["GET"]}}],"collection":[{"href":"https:\/\/nbg.eu\/hr\/wp-json\/wp\/v2\/product"}],"about":[{"href":"https:\/\/nbg.eu\/hr\/wp-json\/wp\/v2\/types\/product"}],"wp:featuredmedia":[{"embeddable":true,"href":"https:\/\/nbg.eu\/hr\/wp-json\/wp\/v2\/media\/25537"}],"wp:attachment":[{"href":"https:\/\/nbg.eu\/hr\/wp-json\/wp\/v2\/media?parent=694892"}],"wp:term":[{"taxonomy":"product_brand","embeddable":true,"href":"https:\/\/nbg.eu\/hr\/wp-json\/wp\/v2\/product_brand?post=694892"},{"taxonomy":"product_cat","embeddable":true,"href":"https:\/\/nbg.eu\/hr\/wp-json\/wp\/v2\/product_cat?post=694892"},{"taxonomy":"product_tag","embeddable":true,"href":"https:\/\/nbg.eu\/hr\/wp-json\/wp\/v2\/product_tag?post=694892"}],"curies":[{"name":"wp","href":"https:\/\/api.w.org\/{rel}","templated":true}]}}