{"id":695138,"date":"2024-08-16T23:17:10","date_gmt":"2024-08-16T20:17:10","guid":{"rendered":"https:\/\/nbg.eu\/product\/trigger-hammer-pin-kmr\/"},"modified":"2026-05-13T16:02:03","modified_gmt":"2026-05-13T13:02:03","slug":"trigger-hammer-pin-kmr","status":"publish","type":"product","link":"https:\/\/nbg.eu\/hr\/proizvod\/trigger-hammer-pin-kmr\/","title":{"rendered":"KMR Obara\u010d &amp; Hammer Pin"},"content":{"rendered":"<h2>OBARA\u010c I ALATKA ZA MEHANIZAM ZATVARA\u010cA<\/h2>\n<p>Nadogradite performanse svog vatrenog oru\u017eja s OBARA\u010cEM I ALATKOM ZA MEHANIZAM ZATVARA\u010cA, premium zamjenskom komponentom dizajniranom za pobolj\u0161anje povla\u010denja obara\u010da i ukupnog do\u017eivljaja pucanja. Izra\u0111ena od visokokvalitetnih materijala, ova garnitura pinova dizajnirana je kako bi osigurala gladak i dosljedan rad obara\u010da, pru\u017eaju\u0107i bolju preciznost i kontrolu.<\/p>\n<p>Zahvaljuju\u0107i precizno strojnom dizajnu, OBARA\u010c I ALATKA ZA MEHANIZAM ZATVARA\u010cA osiguravaju savr\u0161en pristanak u va\u0161em vatrenom oru\u017eju, smanjuju\u0107i zazor i pobolj\u0161avaju\u0107i odziv obara\u010da. Njihova izdr\u017eljiva konstrukcija izra\u0111ena je kako bi izdr\u017eala napore \u010deste uporabe, pru\u017eaju\u0107i dugotrajnu pouzdanost i izvedbu.<\/p>\n<p>Dizajnirani kao zamjenski dijelovi koji se lako ugra\u0111uju, OBARA\u010c I ALATKA ZA MEHANIZAM ZATVARA\u010cA jednostavni su za instalaciju, omogu\u0107uju\u0107i vam brzo i lako nadogradnju va\u0161eg vatrenog oru\u017eja bez potrebe za specijalnim alatima ili opse\u017enim preinakama. Bilo da ste natjecateljski strijelac, takti\u010dki operativac ili strastveni hobist, ova garnitura pinova podignut \u0107e va\u0161e sposobnosti pucanja i podi\u0107i performanse va\u0161eg vatrenog oru\u017eja na novu razinu.<\/p>\n<p>Za KMR oru\u017eja, poput:<br \/>\nKMR L-02 EMIQ<br \/>\nKMR L-02 EMIQ (OR)<br \/>\nKMR L-02 ORCA OD 2024<br \/>\nKMR L-02 ORCA DO 2023<br \/>\nKMR L-02 SPECTRA OD 2024<br \/>\nKMR L-02 SPECTRA DO 2023<br \/>\nKMR L-02 UMBRA OD 2024<br \/>\nKMR L-02 UMBRA DO 2023<br \/>\nKMR S-01 LANCE (OR)<br \/>\nKMR S-02 OD 2024<br \/>\nKMR S-02 DO 2023<br \/>\nKMR W-02 CUDA OD 2024<br \/>\nKMR W-02 CUDA DO 2023<br \/>\nKMR W-02 UMBRA<br \/>\nKMR W-02 UMBRA (OR)<\/p>\n","protected":false},"excerpt":{"rendered":"<p>Visokokvalitetna okida\u010dka i zatvara\u010dka osovina za pi\u0161tolje KMR, precizno in\u017eenjerstvo.<\/p>\n","protected":false},"featured_media":720192,"template":"","meta":{"_acf_changed":false},"product_brand":[11491],"product_cat":[13519],"product_tag":[],"class_list":{"0":"post-695138","1":"product","2":"type-product","3":"status-publish","4":"has-post-thumbnail","6":"product_brand-kmr-precision","7":"product_cat-kmr-dijelovi","9":"first","10":"instock","11":"taxable","12":"shipping-taxable","13":"product-type-simple"},"acf":[],"_links":{"self":[{"href":"https:\/\/nbg.eu\/hr\/wp-json\/wp\/v2\/product\/695138","targetHints":{"allow":["GET"]}}],"collection":[{"href":"https:\/\/nbg.eu\/hr\/wp-json\/wp\/v2\/product"}],"about":[{"href":"https:\/\/nbg.eu\/hr\/wp-json\/wp\/v2\/types\/product"}],"wp:featuredmedia":[{"embeddable":true,"href":"https:\/\/nbg.eu\/hr\/wp-json\/wp\/v2\/media\/720192"}],"wp:attachment":[{"href":"https:\/\/nbg.eu\/hr\/wp-json\/wp\/v2\/media?parent=695138"}],"wp:term":[{"taxonomy":"product_brand","embeddable":true,"href":"https:\/\/nbg.eu\/hr\/wp-json\/wp\/v2\/product_brand?post=695138"},{"taxonomy":"product_cat","embeddable":true,"href":"https:\/\/nbg.eu\/hr\/wp-json\/wp\/v2\/product_cat?post=695138"},{"taxonomy":"product_tag","embeddable":true,"href":"https:\/\/nbg.eu\/hr\/wp-json\/wp\/v2\/product_tag?post=695138"}],"curies":[{"name":"wp","href":"https:\/\/api.w.org\/{rel}","templated":true}]}}