{"id":695189,"date":"2024-08-16T23:16:32","date_gmt":"2024-08-16T20:16:32","guid":{"rendered":"https:\/\/nbg.eu\/product\/trigger-pin-kmr\/"},"modified":"2026-05-13T16:03:22","modified_gmt":"2026-05-13T13:03:22","slug":"trigger-pin-kmr","status":"publish","type":"product","link":"https:\/\/nbg.eu\/hr\/proizvod\/trigger-pin-kmr\/","title":{"rendered":"KMR Os Obara\u010da"},"content":{"rendered":"<h2>Precizni okida\u010d za KMR pi\u0161tolje<\/h2>\n<p>Otklju\u010dajte puni potencijal va\u0161eg KMR pi\u0161tolja s na\u0161im premium Trigger Pin. Izra\u0111en od kaljenog alatnog \u010delika i s precizno glatkom povr\u0161inskom obradom, ova komponenta pru\u017ea stabilnu, niskofrikcijsku osovinu okida\u010da potrebnu za besprijekorno rotiranje okida\u010da. Za razliku od tvorni\u010dki dijelova, na\u0161 Trigger Pin eliminira bo\u010dno &#8220;kolebanje&#8221;, osiguravaju\u0107i dosljedan i ponovljiv povla\u010denje okida\u010da te sprje\u010davanje habanja okvira tijekom tisu\u0107a ciklusa.<\/p>\n<p>In\u017eenjerski konstruiran prema preciznim KMR tolerancijama, na\u0161 Trigger Pin savr\u0161eno pristaje, besprijekorno se integriraju\u0107i s tvorni\u010dkim sklopom okida\u010da va\u0161eg pi\u0161tolja. Ovaj izdr\u017eljivi dizajn visoke \u010dvrsto\u0107e optimizira kriti\u010dno su\u010delje izme\u0111u va\u0161eg prsta i mehanizma za paljenje, prevodiv\u0161i se na pobolj\u0161anu to\u010dnost, preciznost i kontrolu tijekom svakog pucnja.<\/p>\n<p>Bilo da ste natjecateljski strijelac koji tra\u017ei fino uga\u0111anje svoje postave ili rekreativni korisnik koji \u017eeli nadograditi svoj KMR, na\u0161 Trigger Pin je nedostaju\u0107i element za otklju\u010davanje punog potencijala va\u0161eg vatrenog oru\u017eja. Osjetite razliku koju istinski precizna, niskofrikcijska osovina okida\u010da mo\u017ee napraviti u va\u0161oj izvedbi i pouzdanosti.<\/p>\n","protected":false},"excerpt":{"rendered":"<p>Precizna osovina okretne osi za sklop okida\u010da. Precizno bru\u0161ena, kaljeni alatni \u010delik, ultra glatka povr\u0161ina i to\u010dno prilago\u0111eni promjer za KMR tvorni\u010dke tolerancije. Osigurava stabilnu, niskofrikcijsku os potrebnu za glatko okretanje okida\u010da; visoko\u010dvrsta konstrukcija eliminira bo\u010dno &#8220;njihanje&#8221; osiguravaju\u0107i dosljednu, ponovljivu funkciju okida\u010da i sprje\u010davaju\u0107i tro\u0161enje okvira nakon tisu\u0107a ciklusa.<\/p>\n","protected":false},"featured_media":23725,"template":"","meta":{"_acf_changed":false},"product_brand":[11491],"product_cat":[13519],"product_tag":[],"class_list":{"0":"post-695189","1":"product","2":"type-product","3":"status-publish","4":"has-post-thumbnail","6":"product_brand-kmr-precision","7":"product_cat-kmr-dijelovi","9":"first","10":"instock","11":"taxable","12":"shipping-taxable","13":"product-type-simple"},"acf":[],"_links":{"self":[{"href":"https:\/\/nbg.eu\/hr\/wp-json\/wp\/v2\/product\/695189","targetHints":{"allow":["GET"]}}],"collection":[{"href":"https:\/\/nbg.eu\/hr\/wp-json\/wp\/v2\/product"}],"about":[{"href":"https:\/\/nbg.eu\/hr\/wp-json\/wp\/v2\/types\/product"}],"wp:featuredmedia":[{"embeddable":true,"href":"https:\/\/nbg.eu\/hr\/wp-json\/wp\/v2\/media\/23725"}],"wp:attachment":[{"href":"https:\/\/nbg.eu\/hr\/wp-json\/wp\/v2\/media?parent=695189"}],"wp:term":[{"taxonomy":"product_brand","embeddable":true,"href":"https:\/\/nbg.eu\/hr\/wp-json\/wp\/v2\/product_brand?post=695189"},{"taxonomy":"product_cat","embeddable":true,"href":"https:\/\/nbg.eu\/hr\/wp-json\/wp\/v2\/product_cat?post=695189"},{"taxonomy":"product_tag","embeddable":true,"href":"https:\/\/nbg.eu\/hr\/wp-json\/wp\/v2\/product_tag?post=695189"}],"curies":[{"name":"wp","href":"https:\/\/api.w.org\/{rel}","templated":true}]}}