{"id":695218,"date":"2024-09-18T13:32:40","date_gmt":"2024-09-18T10:32:40","guid":{"rendered":"https:\/\/nbg.eu\/product\/trigger-spring-sa-kmr\/"},"modified":"2026-05-13T16:03:09","modified_gmt":"2026-05-13T13:03:09","slug":"trigger-spring-sa-kmr","status":"publish","type":"product","link":"https:\/\/nbg.eu\/hr\/proizvod\/trigger-spring-sa-kmr\/","title":{"rendered":"KMR Opruga Obara\u010da SA"},"content":{"rendered":"<h2>Nadogradnja visokih performansi za oru\u017eje KMR<\/h2>\n<p>Podigni performanse svog oru\u017eja KMR pomo\u0107u okida\u010da, precizno konstruiranog zamjenskog dijela dizajniranog za besprijekornu kompatibilnost. Izra\u0111en od kvalitetnih materijala, ova opruga okida\u010da pru\u017ea gladak i konzistentan povla\u010denje okida\u010da za pobolj\u0161anu preciznost i kontrolu prilikom pucanja.<\/p>\n<p>Konstruirana s pa\u017eljivim pristupom u svakom detalju, opruga okida\u010da ima pa\u017eljivo kalibriranu oprugu koja osigurava o\u0161tar i predvidljiv odziv okida\u010da. Ova nadogradnja pobolj\u0161ava kontrolu okida\u010da, omogu\u0107avaju\u0107i precizniju pogodbu cilja i br\u017eu akviziciju mete.<\/p>\n<p>Izra\u0111ena od izdr\u017eljivih, visokokvalitetnih materijala, opruga okida\u010da izgra\u0111ena je da izdr\u017ei napore \u010deste upotrebe. Njezin robusni dizajn i pouzdane performanse \u010dine je klju\u010dnom nadogradnjom za svakog tko tra\u017ei podizanje sposobnosti svog oru\u017eja KMR.<\/p>\n<p>Bilo da ste natjecateljski strijelac, takti\u010dki operater ili rekreativni entuzijast, opruga okida\u010da savr\u0161en je izbor za pobolj\u0161anje performansi va\u0161eg vatrenog oru\u017eja KMR. Do\u017eivite razliku koju mo\u017ee u\u010diniti kvalitetna opruga okida\u010da i povedite svoje pucanje na nove visine.<\/p>\n","protected":false},"excerpt":{"rendered":"<p>Zamjenski okida\u010dki opruga za KMR modele oru\u017eja L-02 EMIQ i ORCA (do 2023.).<\/p>\n","protected":false},"featured_media":24585,"template":"","meta":{"_acf_changed":false},"product_brand":[11491],"product_cat":[13519,14732,15040],"product_tag":[],"class_list":{"0":"post-695218","1":"product","2":"type-product","3":"status-publish","4":"has-post-thumbnail","6":"product_brand-kmr-precision","7":"product_cat-kmr-dijelovi","8":"product_cat-opruge","9":"product_cat-trigger-springs-hr-2","11":"first","12":"instock","13":"taxable","14":"shipping-taxable","15":"product-type-simple"},"acf":[],"_links":{"self":[{"href":"https:\/\/nbg.eu\/hr\/wp-json\/wp\/v2\/product\/695218","targetHints":{"allow":["GET"]}}],"collection":[{"href":"https:\/\/nbg.eu\/hr\/wp-json\/wp\/v2\/product"}],"about":[{"href":"https:\/\/nbg.eu\/hr\/wp-json\/wp\/v2\/types\/product"}],"wp:featuredmedia":[{"embeddable":true,"href":"https:\/\/nbg.eu\/hr\/wp-json\/wp\/v2\/media\/24585"}],"wp:attachment":[{"href":"https:\/\/nbg.eu\/hr\/wp-json\/wp\/v2\/media?parent=695218"}],"wp:term":[{"taxonomy":"product_brand","embeddable":true,"href":"https:\/\/nbg.eu\/hr\/wp-json\/wp\/v2\/product_brand?post=695218"},{"taxonomy":"product_cat","embeddable":true,"href":"https:\/\/nbg.eu\/hr\/wp-json\/wp\/v2\/product_cat?post=695218"},{"taxonomy":"product_tag","embeddable":true,"href":"https:\/\/nbg.eu\/hr\/wp-json\/wp\/v2\/product_tag?post=695218"}],"curies":[{"name":"wp","href":"https:\/\/api.w.org\/{rel}","templated":true}]}}