{"id":695224,"date":"2024-08-17T17:20:46","date_gmt":"2024-08-17T14:20:46","guid":{"rendered":"https:\/\/nbg.eu\/product\/trigger-spring-sa-da-kmr\/"},"modified":"2026-05-13T16:03:41","modified_gmt":"2026-05-13T13:03:41","slug":"trigger-spring-sa-da-kmr","status":"publish","type":"product","link":"https:\/\/nbg.eu\/hr\/proizvod\/trigger-spring-sa-da-kmr\/","title":{"rendered":"KMR Opruga Obara\u010da SA\/DA"},"content":{"rendered":"<h2>Okida\u010d opruga SA\/DA KMR: Pobolj\u0161anje performansi oru\u017eja na vi\u0161e platformi<\/h2>\n<p>Okida\u010d opruga SA\/DA KMR je vi\u0161enamjenski i pouzdan dodatak dizajniran za pobolj\u0161anje funkcionalnosti razli\u010ditih oru\u017eja u KMR seriji. Kompatibilan s \u0161irokim rasponom modela, ovaj sklop okida\u010dke opruge osigurava besprijekornu integraciju i pobolj\u0161ane performanse va\u0161eg vatrenog oru\u017eja.<\/p>\n<p>Bez obzira jeste li natjecateljski strijelac, takti\u010dki entuzijast ili odgovoran vlasnik vatrenog oru\u017eja, Okida\u010d opruga SA\/DA KMR je neophodan dodatak za optimizaciju performansi va\u0161eg oru\u017eja. Unaprijedite svoje iskustvo ga\u0111anja s pomo\u0107u ove pouzdane i vi\u0161enamjenske komponente.<\/p>\n<p>Za oru\u017eja KMR:<\/p>\n<p>KMR L-02 SPECTRA OD 2024.<\/p>\n<p>KMR L-02 SPECTRA DO 2023.<\/p>\n<p>KMR L-02 UMBRA (OR) SR<\/p>\n<p>KMR S-01 LANCE (OR)<\/p>\n<p>KMR S-02 OD 2024.<\/p>\n<p>KMR S-02 DO 2023.<\/p>\n<p>KMR W-02 CUDA (OR)<\/p>\n<p>KMR W-02 UMBRA<\/p>\n<p>KMR W-02 UMBRA (OR)<\/p>\n","protected":false},"excerpt":{"rendered":"<p>Okida\u010dki oprugasti SA\/DA KMR za KMR L-02 SPECTRA, S-01 LANCE, S-02, W-02 CUDA\/UMBRA oru\u017eje.<\/p>\n","protected":false},"featured_media":24585,"template":"","meta":{"_acf_changed":false},"product_brand":[11491],"product_cat":[13519,14732,15040],"product_tag":[],"class_list":{"0":"post-695224","1":"product","2":"type-product","3":"status-publish","4":"has-post-thumbnail","6":"product_brand-kmr-precision","7":"product_cat-kmr-dijelovi","8":"product_cat-opruge","9":"product_cat-trigger-springs-hr-2","11":"first","12":"instock","13":"taxable","14":"shipping-taxable","15":"product-type-simple"},"acf":[],"_links":{"self":[{"href":"https:\/\/nbg.eu\/hr\/wp-json\/wp\/v2\/product\/695224","targetHints":{"allow":["GET"]}}],"collection":[{"href":"https:\/\/nbg.eu\/hr\/wp-json\/wp\/v2\/product"}],"about":[{"href":"https:\/\/nbg.eu\/hr\/wp-json\/wp\/v2\/types\/product"}],"wp:featuredmedia":[{"embeddable":true,"href":"https:\/\/nbg.eu\/hr\/wp-json\/wp\/v2\/media\/24585"}],"wp:attachment":[{"href":"https:\/\/nbg.eu\/hr\/wp-json\/wp\/v2\/media?parent=695224"}],"wp:term":[{"taxonomy":"product_brand","embeddable":true,"href":"https:\/\/nbg.eu\/hr\/wp-json\/wp\/v2\/product_brand?post=695224"},{"taxonomy":"product_cat","embeddable":true,"href":"https:\/\/nbg.eu\/hr\/wp-json\/wp\/v2\/product_cat?post=695224"},{"taxonomy":"product_tag","embeddable":true,"href":"https:\/\/nbg.eu\/hr\/wp-json\/wp\/v2\/product_tag?post=695224"}],"curies":[{"name":"wp","href":"https:\/\/api.w.org\/{rel}","templated":true}]}}