{"id":695295,"date":"2024-09-18T20:47:10","date_gmt":"2024-09-18T17:47:10","guid":{"rendered":"https:\/\/nbg.eu\/product\/weaver-r-n-for-benelli-argo\/"},"modified":"2026-05-13T16:03:02","modified_gmt":"2026-05-13T13:03:02","slug":"weaver-r-n-for-benelli-argo","status":"publish","type":"product","link":"https:\/\/nbg.eu\/hr\/proizvod\/weaver-r-n-for-benelli-argo\/","title":{"rendered":"Weaver R\/N for Benelli ARGO"},"content":{"rendered":"<h2>Weaver tra\u010dnica za Benelli ARGO (R\/N): Rock-Solid monta\u017ea optike za va\u0161 Benelli ARGO<\/h2>\n<p>Pobolj\u0161ajte u\u010dinkovitost va\u0161eg Benelli ARGO-a s Weaver tra\u010dnicom za Benelli ARGO (R\/N). Izra\u0111ena od \u010delika visoke \u010dvrsto\u0107e i sa Weaver\/Picatinny standardom, ova tra\u010dnica je dizajnirana da pru\u017ei stabilnu i otpornu na povratni udar osnovu za montiranje opti\u010dkih ciljnika, red ta\u010daka i drugih opti\u010dkih pomagala.<\/p>\n<p>&#8220;R\/N&#8221; (zaobljena\/negativna) povr\u0161ina tra\u010dnice savr\u0161eno odgovara zakrivljenosti Benelli ARGO le\u017ei\u0161ta, osiguravaju\u0107i 100% povr\u0161insko-povr\u0161insko prianjanje. Ova precizna konstrukcija sprje\u010dava pomicanje ili labavljenje tra\u010dnice, \u010dak i tijekom brzog ciklusa paljenja magnum kalibara.<\/p>\n<p>Sa mat crnom zavr\u0161nom obradom, Weaver tra\u010dnica za Benelli ARGO (R\/N) se besprijekorno uklapa u estetiku va\u0161eg oru\u017eja, pru\u017eaju\u0107i pri tom stabilnost i pouzdanost potrebnu za precizno ga\u0111anje na velike udaljenosti. Pobolj\u0161ajte u\u010dinkovitost va\u0161eg Benelli ARGO-a i uzdignite svoje iskustvo ga\u0111anja na novu razinu s ovom kvalitetnom Weaver tra\u010dnicom.<\/p>\n","protected":false},"excerpt":{"rendered":"<p>Weaver nosa\u010d za Benelli ARGO (R\/N) nudi visoku stabilnost za monta\u017eu optike na va\u0161 poluautomatski pu\u0161ka.<\/p>\n","protected":false},"featured_media":64699,"template":"","meta":{"_acf_changed":false},"product_brand":[],"product_cat":[14905,13520],"product_tag":[],"class_list":{"0":"post-695295","1":"product","2":"type-product","3":"status-publish","4":"has-post-thumbnail","6":"product_cat-mounts-hr","7":"product_cat-nisanjenje","9":"first","10":"outofstock","11":"taxable","12":"shipping-taxable","13":"purchasable","14":"product-type-simple"},"acf":[],"_links":{"self":[{"href":"https:\/\/nbg.eu\/hr\/wp-json\/wp\/v2\/product\/695295","targetHints":{"allow":["GET"]}}],"collection":[{"href":"https:\/\/nbg.eu\/hr\/wp-json\/wp\/v2\/product"}],"about":[{"href":"https:\/\/nbg.eu\/hr\/wp-json\/wp\/v2\/types\/product"}],"wp:featuredmedia":[{"embeddable":true,"href":"https:\/\/nbg.eu\/hr\/wp-json\/wp\/v2\/media\/64699"}],"wp:attachment":[{"href":"https:\/\/nbg.eu\/hr\/wp-json\/wp\/v2\/media?parent=695295"}],"wp:term":[{"taxonomy":"product_brand","embeddable":true,"href":"https:\/\/nbg.eu\/hr\/wp-json\/wp\/v2\/product_brand?post=695295"},{"taxonomy":"product_cat","embeddable":true,"href":"https:\/\/nbg.eu\/hr\/wp-json\/wp\/v2\/product_cat?post=695295"},{"taxonomy":"product_tag","embeddable":true,"href":"https:\/\/nbg.eu\/hr\/wp-json\/wp\/v2\/product_tag?post=695295"}],"curies":[{"name":"wp","href":"https:\/\/api.w.org\/{rel}","templated":true}]}}