{"id":696309,"date":"2025-12-22T17:18:06","date_gmt":"2025-12-22T14:18:06","guid":{"rendered":"https:\/\/nbg.eu\/product\/atlas-duffel-bag\/"},"modified":"2026-04-15T14:09:58","modified_gmt":"2026-04-15T11:09:58","slug":"atlas-duffel-bag","status":"publish","type":"product","link":"https:\/\/nbg.eu\/hr\/proizvod\/atlas-duffel-bag\/","title":{"rendered":"Eberlestock Torba Atlas"},"content":{"rendered":"<h2>Atlas torba za no\u0161enje: No\u0161enje va\u0161e opreme s elegancijom i lako\u0107om<\/h2>\n<p>Atlas torba za no\u0161enje je mla\u0111i brat na\u0161e popularne Hercules torbe za no\u0161enje, nude\u0107i sve iste zna\u010dajke koje ljudi vole. S velikim glavnim odjeljkom, jastu\u010dastim pregradama, \u0161est vanjskih patentnih d\u017eepova i tvrdim donjim odjeljkom, ova izdr\u017eljiva torba za no\u0161enje dizajnirana je kako bi va\u0161a oprema bila organizirana i za\u0161ti\u0107ena.<\/p>\n<p>Osigurana zaklju\u010davaju\u0107im YKK patentnim zatvara\u010dima, Atlas torba za no\u0161enje osigurava da su va\u0161e stvari sigurne, \u010dak i u najgorima uvjetima. Uklju\u010deni ki\u0161ni pokrov pru\u017ea dodatni sloj za\u0161tite, \u0161tite\u0107i va\u0161u opremu od vlage i pra\u0161ine.<\/p>\n<p>S impresivnim dimenzijama od 29.5 in\u010da visine x 16 in\u010da \u0161irine x 16 in\u010da dubine, s volumenom od 5.844 kubi\u010dnih in\u010da \/ 95,77 litara i te\u017einom od 12 funti i 12 unca, Atlas torba za no\u0161enje nudi dovoljno prostora za smje\u0161taj svih va\u0161ih osnovnih stvari. 4-in\u010dni duboki donji odjeljak pru\u017ea zgodan prostor za pohranu predmeta kojima trebate brzo pristupiti.<\/p>\n<p>Izra\u0111ena s tvrdim dnom i funkcionalnim kota\u010di\u0107ima, Atlas torba za no\u0161enje napravljena je da izdr\u017ei napore putovanja. Njeni unutarnji d\u017eepovi i podesive \u010di\u010dak trake omogu\u0107uju vam prilagodbu organizacije va\u0161im specifi\u010dnim potrebama, \u010dine\u0107i je savr\u0161enim pratiteljem na va\u0161im avanturama.<\/p>\n","protected":false},"excerpt":{"rendered":"<p>Atlasduffelka je prostrana i vi\u0161enamjenska torba s tvrdom podlogom, jastu\u010dastim pregradama i ki\u0161nom navlakom za za\u0161titu od svih vremenskih uvjeta.<\/p>\n","protected":false},"featured_media":696362,"template":"","meta":{"_acf_changed":false},"product_brand":[15140],"product_cat":[13509],"product_tag":[],"class_list":{"0":"post-696309","1":"product","2":"type-product","3":"status-publish","4":"has-post-thumbnail","6":"product_brand-eberlestock","7":"product_cat-torbe-za-streljanu","9":"first","10":"instock","11":"taxable","12":"shipping-taxable","13":"purchasable","14":"product-type-variable","15":"wvs-archive-product-wrapper"},"acf":[],"_links":{"self":[{"href":"https:\/\/nbg.eu\/hr\/wp-json\/wp\/v2\/product\/696309","targetHints":{"allow":["GET"]}}],"collection":[{"href":"https:\/\/nbg.eu\/hr\/wp-json\/wp\/v2\/product"}],"about":[{"href":"https:\/\/nbg.eu\/hr\/wp-json\/wp\/v2\/types\/product"}],"wp:featuredmedia":[{"embeddable":true,"href":"https:\/\/nbg.eu\/hr\/wp-json\/wp\/v2\/media\/696362"}],"wp:attachment":[{"href":"https:\/\/nbg.eu\/hr\/wp-json\/wp\/v2\/media?parent=696309"}],"wp:term":[{"taxonomy":"product_brand","embeddable":true,"href":"https:\/\/nbg.eu\/hr\/wp-json\/wp\/v2\/product_brand?post=696309"},{"taxonomy":"product_cat","embeddable":true,"href":"https:\/\/nbg.eu\/hr\/wp-json\/wp\/v2\/product_cat?post=696309"},{"taxonomy":"product_tag","embeddable":true,"href":"https:\/\/nbg.eu\/hr\/wp-json\/wp\/v2\/product_tag?post=696309"}],"curies":[{"name":"wp","href":"https:\/\/api.w.org\/{rel}","templated":true}]}}