{"id":696676,"date":"2025-12-22T15:43:37","date_gmt":"2025-12-22T12:43:37","guid":{"rendered":"https:\/\/nbg.eu\/product\/borbeni-ranac-multicam\/"},"modified":"2026-04-15T14:10:12","modified_gmt":"2026-04-15T11:10:12","slug":"borbeni-ranac-multicam","status":"publish","type":"product","link":"https:\/\/nbg.eu\/hr\/proizvod\/borbeni-ranac-multicam\/","title":{"rendered":"Eberlestock Juri\u0161ni Ruksak Mission &#8211; Multicam"},"content":{"rendered":"<h2>Mission Assault Pack &#8211; Multicam<\/h2>\n<p>Konstruiran od temelja kako bi bio kod ku\u0107e u nagomilavanju, Assault Pack se kombinira s Mission Frameom za sustav no\u0161enja optere\u0107enja sa smanjenim obrisima. S mno\u0161tvom organizacijskih zna\u010dajki, sigurnom i prilagodljivom prilagodbom te brzim pristupom unutra\u0161njosti, Assault Pack vas dr\u017ei na meti. Mogu\u0107nost daljnjeg dodavanja dodataka i zna\u010dajki putem Mission EMOD sustava samo pove\u0107ava sposobnosti ovog paketa.<\/p>\n<p>Te\u017eak 1 funtu 12 unci, Assault Pack je izra\u0111en od izdr\u017eljivog 500D materijala s vo\u0161tanom oblogom i nudi velikodu\u0161an kapacitet od 2.000 kubi\u010dnih in\u010da za smje\u0161taj va\u0161e nu\u017ene opreme.<\/p>\n","protected":false},"excerpt":{"rendered":"<p>Vi\u0161enamjenska, modularna napadna torba s organizacijskim zna\u010dajkama i EMOD kompatibilnosti.<\/p>\n","protected":false},"featured_media":696701,"template":"","meta":{"_acf_changed":false},"product_brand":[15140],"product_cat":[13513],"product_tag":[],"class_list":{"0":"post-696676","1":"product","2":"type-product","3":"status-publish","4":"has-post-thumbnail","6":"product_brand-eberlestock","7":"product_cat-ruksaci","9":"first","10":"outofstock","11":"taxable","12":"shipping-taxable","13":"purchasable","14":"product-type-variable","15":"wvs-archive-product-wrapper"},"acf":[],"_links":{"self":[{"href":"https:\/\/nbg.eu\/hr\/wp-json\/wp\/v2\/product\/696676","targetHints":{"allow":["GET"]}}],"collection":[{"href":"https:\/\/nbg.eu\/hr\/wp-json\/wp\/v2\/product"}],"about":[{"href":"https:\/\/nbg.eu\/hr\/wp-json\/wp\/v2\/types\/product"}],"wp:featuredmedia":[{"embeddable":true,"href":"https:\/\/nbg.eu\/hr\/wp-json\/wp\/v2\/media\/696701"}],"wp:attachment":[{"href":"https:\/\/nbg.eu\/hr\/wp-json\/wp\/v2\/media?parent=696676"}],"wp:term":[{"taxonomy":"product_brand","embeddable":true,"href":"https:\/\/nbg.eu\/hr\/wp-json\/wp\/v2\/product_brand?post=696676"},{"taxonomy":"product_cat","embeddable":true,"href":"https:\/\/nbg.eu\/hr\/wp-json\/wp\/v2\/product_cat?post=696676"},{"taxonomy":"product_tag","embeddable":true,"href":"https:\/\/nbg.eu\/hr\/wp-json\/wp\/v2\/product_tag?post=696676"}],"curies":[{"name":"wp","href":"https:\/\/api.w.org\/{rel}","templated":true}]}}