{"id":696840,"date":"2025-12-22T15:47:55","date_gmt":"2025-12-22T12:47:55","guid":{"rendered":"https:\/\/nbg.eu\/product\/misija-arc-multicam\/"},"modified":"2026-04-15T14:10:09","modified_gmt":"2026-04-15T11:10:09","slug":"misija-arc-multicam","status":"publish","type":"product","link":"https:\/\/nbg.eu\/hr\/proizvod\/misija-arc-multicam\/","title":{"rendered":"Eberlestock Mission ARC &#8211; Multicam"},"content":{"rendered":"<h2>Mission ARC-Multicam: Optimizirana nosa\u010dka opreme za operativnu u\u010dinkovitost<\/h2>\n<p>Mission Adjustable Rifle Carrier (ARC) je funkcionalni resurs za profesionalce koji trebaju nositi dodatnu imovinu na terenu. ARC pove\u0107ava operativni kapacitet i in\u017eenjerski je dizajniran za povezivanje s Mission EMOD okvirom i Mission Zipper pro\u0161irenjem. U\u010dvr\u0161\u0107ivanjem na stra\u017enji dio Mission okvira putem MOLLE traka, ARC funkcionira kao nosa\u010d za precizne pu\u0161ke, platforme sli\u010dene AR-u i mo\u017ee prevoziti drugu misijsku opremu.<\/p>\n<p>Uspjeh misije ovisi o preciznom vremenu, to\u010dnosti i u\u010dinkovitom raspore\u0111ivanju raspolo\u017eivih resursa. ARC je izra\u0111en kako bi podr\u017eao zahtjeve za opremom u bilo kojem okru\u017eenju. S tekstilom od 500D, prilagodljivom bazom, MOLLE trakama, sigurnosnim remenima i oja\u010danom Hypalon bazom, Mission ARC-Multicam dizajniran je za optimizaciju organizacije i dostupnosti opreme na terenu.<\/p>\n<p>Dimenzije: 15&#8243;H x 3&#8243;W<\/p>\n","protected":false},"excerpt":{"rendered":"<p>Misija ARC-Multicam je funkcionalni, prilagodljivi nosa\u010d pu\u0161ke koji se pri\u010dvr\u0161\u0107uje na okvir Mission EMOD, omogu\u0107uju\u0107i prijevoz preciznih pu\u0161aka, AR-platformi i klju\u010dne opreme za misiju.<\/p>\n","protected":false},"featured_media":696869,"template":"","meta":{"_acf_changed":false},"product_brand":[15140],"product_cat":[13513],"product_tag":[],"class_list":{"0":"post-696840","1":"product","2":"type-product","3":"status-publish","4":"has-post-thumbnail","6":"product_brand-eberlestock","7":"product_cat-ruksaci","9":"first","10":"instock","11":"taxable","12":"shipping-taxable","13":"purchasable","14":"product-type-variable","15":"wvs-archive-product-wrapper"},"acf":[],"_links":{"self":[{"href":"https:\/\/nbg.eu\/hr\/wp-json\/wp\/v2\/product\/696840","targetHints":{"allow":["GET"]}}],"collection":[{"href":"https:\/\/nbg.eu\/hr\/wp-json\/wp\/v2\/product"}],"about":[{"href":"https:\/\/nbg.eu\/hr\/wp-json\/wp\/v2\/types\/product"}],"wp:featuredmedia":[{"embeddable":true,"href":"https:\/\/nbg.eu\/hr\/wp-json\/wp\/v2\/media\/696869"}],"wp:attachment":[{"href":"https:\/\/nbg.eu\/hr\/wp-json\/wp\/v2\/media?parent=696840"}],"wp:term":[{"taxonomy":"product_brand","embeddable":true,"href":"https:\/\/nbg.eu\/hr\/wp-json\/wp\/v2\/product_brand?post=696840"},{"taxonomy":"product_cat","embeddable":true,"href":"https:\/\/nbg.eu\/hr\/wp-json\/wp\/v2\/product_cat?post=696840"},{"taxonomy":"product_tag","embeddable":true,"href":"https:\/\/nbg.eu\/hr\/wp-json\/wp\/v2\/product_tag?post=696840"}],"curies":[{"name":"wp","href":"https:\/\/api.w.org\/{rel}","templated":true}]}}