{"id":697076,"date":"2025-12-22T16:18:10","date_gmt":"2025-12-22T13:18:10","guid":{"rendered":"https:\/\/nbg.eu\/product\/misija-zipper-extension-multicam\/"},"modified":"2026-04-15T14:10:05","modified_gmt":"2026-04-15T11:10:05","slug":"misija-zipper-extension-multicam","status":"publish","type":"product","link":"https:\/\/nbg.eu\/hr\/proizvod\/misija-zipper-extension-multicam\/","title":{"rendered":"Eberlestock Produ\u017eetak sa Patentom Mission EMOD &#8211; Multicam"},"content":{"rendered":"<h2>Mission Zipper Extension-Multicam<\/h2>\n<p>Misija Zipper Extension kombinira svrhu i korisnost za operatera. Zipper Extension priklju\u010duje se na prednju stranu okvira Mission EMOD i dizajniran je za kori\u0161tenje s Mission ARC-om i Mission Pack-om kako bi pove\u0107ali va\u0161 kapacitet opreme i svestranost. Mre\u017easti MOLLE i dvostruka lamina od 500D konstrukcije osiguravaju vam potrebne zna\u010dajke za u\u010dinkovito upravljanje kabelima, usmjeravanje antena i pri\u010dvr\u0161\u0107ivanje turniketa. Mission Zipper Extension slu\u017ei kao vitalni dodatak za ja\u010danje va\u0161eg u\u010dinka na terenu.<\/p>\n<h2>Dimenzije<\/h2>\n<p>Dimenzije: 15&#8243; x 3&#8243;<\/p>\n<h2>Zna\u010dajke<\/h2>\n<ul>\n<li>Tkanina 500D<\/li>\n<li>YKK zatvara\u010di<\/li>\n<li>Dvostruka laminatna konstrukcija<\/li>\n<\/ul>\n","protected":false},"excerpt":{"rendered":"<p>Pro\u0161iriva\u010d na patent Misija-Multicam pove\u0107ava kapacitet opreme s MOLLE oplatom i konstrukcijom od 500D laminata za upravljanje kabelima i usmjeravanje antena.<\/p>\n","protected":false},"featured_media":697098,"template":"","meta":{"_acf_changed":false},"product_brand":[15140],"product_cat":[13513],"product_tag":[],"class_list":{"0":"post-697076","1":"product","2":"type-product","3":"status-publish","4":"has-post-thumbnail","6":"product_brand-eberlestock","7":"product_cat-ruksaci","9":"first","10":"instock","11":"taxable","12":"shipping-taxable","13":"purchasable","14":"product-type-variable","15":"wvs-archive-product-wrapper"},"acf":[],"_links":{"self":[{"href":"https:\/\/nbg.eu\/hr\/wp-json\/wp\/v2\/product\/697076","targetHints":{"allow":["GET"]}}],"collection":[{"href":"https:\/\/nbg.eu\/hr\/wp-json\/wp\/v2\/product"}],"about":[{"href":"https:\/\/nbg.eu\/hr\/wp-json\/wp\/v2\/types\/product"}],"wp:featuredmedia":[{"embeddable":true,"href":"https:\/\/nbg.eu\/hr\/wp-json\/wp\/v2\/media\/697098"}],"wp:attachment":[{"href":"https:\/\/nbg.eu\/hr\/wp-json\/wp\/v2\/media?parent=697076"}],"wp:term":[{"taxonomy":"product_brand","embeddable":true,"href":"https:\/\/nbg.eu\/hr\/wp-json\/wp\/v2\/product_brand?post=697076"},{"taxonomy":"product_cat","embeddable":true,"href":"https:\/\/nbg.eu\/hr\/wp-json\/wp\/v2\/product_cat?post=697076"},{"taxonomy":"product_tag","embeddable":true,"href":"https:\/\/nbg.eu\/hr\/wp-json\/wp\/v2\/product_tag?post=697076"}],"curies":[{"name":"wp","href":"https:\/\/api.w.org\/{rel}","templated":true}]}}