{"id":697212,"date":"2025-12-22T16:34:07","date_gmt":"2025-12-22T13:34:07","guid":{"rendered":"https:\/\/nbg.eu\/product\/misija-okvir-emod-multicam\/"},"modified":"2026-04-15T14:10:01","modified_gmt":"2026-04-15T11:10:01","slug":"misija-okvir-emod-multicam","status":"publish","type":"product","link":"https:\/\/nbg.eu\/hr\/proizvod\/misija-okvir-emod-multicam\/","title":{"rendered":"Eberlestock Okvir Mission EMOD &#8211; Multicam"},"content":{"rendered":"<h2>Mission Frame- EMOD -Multicam<\/h2>\n<p>Osnova Mission EMOD-a, Mission Frame, pru\u017ea izdr\u017eljiv, modularan i kompaktan polazni to\u010dku za va\u0161u novu opremu. Uz nebrojene sate testiranja i razvoja uz specijalce iz svih grana, ovaj je okvir dizajniran da se savr\u0161eno uklapa i funkcionira uz va\u0161u opremu, na vama i oko vas.<\/p>\n<p>Dimenzije: 2 LB 15 OZ<\/p>\n","protected":false},"excerpt":{"rendered":"<p>Okvir za misiju &#8211; EMOD &#8211; Multicam: \u010dvrsta, modularna i kompaktna polazna to\u010dka za va\u0161 tovar, dizajnirana za SOF operatere.<\/p>\n","protected":false},"featured_media":697328,"template":"","meta":{"_acf_changed":false},"product_brand":[15140],"product_cat":[13513],"product_tag":[],"class_list":{"0":"post-697212","1":"product","2":"type-product","3":"status-publish","4":"has-post-thumbnail","6":"product_brand-eberlestock","7":"product_cat-ruksaci","9":"first","10":"instock","11":"taxable","12":"shipping-taxable","13":"purchasable","14":"product-type-variable","15":"wvs-archive-product-wrapper"},"acf":[],"_links":{"self":[{"href":"https:\/\/nbg.eu\/hr\/wp-json\/wp\/v2\/product\/697212","targetHints":{"allow":["GET"]}}],"collection":[{"href":"https:\/\/nbg.eu\/hr\/wp-json\/wp\/v2\/product"}],"about":[{"href":"https:\/\/nbg.eu\/hr\/wp-json\/wp\/v2\/types\/product"}],"wp:featuredmedia":[{"embeddable":true,"href":"https:\/\/nbg.eu\/hr\/wp-json\/wp\/v2\/media\/697328"}],"wp:attachment":[{"href":"https:\/\/nbg.eu\/hr\/wp-json\/wp\/v2\/media?parent=697212"}],"wp:term":[{"taxonomy":"product_brand","embeddable":true,"href":"https:\/\/nbg.eu\/hr\/wp-json\/wp\/v2\/product_brand?post=697212"},{"taxonomy":"product_cat","embeddable":true,"href":"https:\/\/nbg.eu\/hr\/wp-json\/wp\/v2\/product_cat?post=697212"},{"taxonomy":"product_tag","embeddable":true,"href":"https:\/\/nbg.eu\/hr\/wp-json\/wp\/v2\/product_tag?post=697212"}],"curies":[{"name":"wp","href":"https:\/\/api.w.org\/{rel}","templated":true}]}}