{"id":697548,"date":"2025-12-22T17:34:47","date_gmt":"2025-12-22T14:34:47","guid":{"rendered":"https:\/\/nbg.eu\/product\/torba-za-streljivo\/"},"modified":"2026-04-15T14:09:54","modified_gmt":"2026-04-15T11:09:54","slug":"torba-za-streljivo","status":"publish","type":"product","link":"https:\/\/nbg.eu\/hr\/proizvod\/torba-za-streljivo\/","title":{"rendered":"Eberlestock Torba za Streljanu Bang-Bang"},"content":{"rendered":"<h2>Bang-Bang torba za streljanu<\/h2>\n<p>Bang Bang\u2122 je razvijen kao kompaktna torba za streljanu kako bi dr\u017eao svu va\u0161u osnovnu opremu i za\u0161titio je od vremenskih uvjeta. Polikarbonatno dno \u010dini torbu nepropusnom na mokro tlo, kamenje, otpad i pra\u0161inu sa streljane.<\/p>\n<p>Glavni pretinac ima podesive, jastu\u010daste pregrade za sigurno i organizirano pohranjivanje medicinskih predmeta, alata, opreme za fotografiranje i opreme za streljanu. Pretinac na dnu savr\u0161en je za pi\u0161tolje, alate ili \u010dak i za kompaktnu karabinu.<\/p>\n<h2>Dimenzije<\/h2>\n<p>Volumen: 2062,5 c.i. \/ 33,80L<br \/>\nTe\u017eina: 4 lbs<br \/>\nDimenzije: 10,25V x 21\u0160 x 10D<br \/>\nSpecifikacije donjeg pretinca: 21,5&#8243; D x 9,5&#8243; \u0160 x 2&#8243; V<\/p>\n<h2>Zna\u010dajke<\/h2>\n<ul>\n<li>Polikarbonatno dno<\/li>\n<li>Jastu\u010dasti prilagodljivi glavni pretinac<\/li>\n<li>Podesivi naramenica<\/li>\n<li>Prilagodljive organizacijske pregrade<\/li>\n<li>Pretinac na dnu za sigurno skladi\u0161tenje<\/li>\n<\/ul>\n","protected":false},"excerpt":{"rendered":"<p>Bang-Bang Sportska Torba dizajnirana je kao kompaktna i izdr\u017eljiva torba s bazom od polikarbonata i podesivim unutra\u0161njim prostorom za za\u0161titu va\u0161eg osnovnog opreme.<\/p>\n","protected":false},"featured_media":697597,"template":"","meta":{"_acf_changed":false},"product_brand":[15140],"product_cat":[13509],"product_tag":[],"class_list":{"0":"post-697548","1":"product","2":"type-product","3":"status-publish","4":"has-post-thumbnail","6":"product_brand-eberlestock","7":"product_cat-torbe-za-streljanu","9":"first","10":"instock","11":"taxable","12":"shipping-taxable","13":"purchasable","14":"product-type-variable","15":"wvs-archive-product-wrapper"},"acf":[],"_links":{"self":[{"href":"https:\/\/nbg.eu\/hr\/wp-json\/wp\/v2\/product\/697548","targetHints":{"allow":["GET"]}}],"collection":[{"href":"https:\/\/nbg.eu\/hr\/wp-json\/wp\/v2\/product"}],"about":[{"href":"https:\/\/nbg.eu\/hr\/wp-json\/wp\/v2\/types\/product"}],"wp:featuredmedia":[{"embeddable":true,"href":"https:\/\/nbg.eu\/hr\/wp-json\/wp\/v2\/media\/697597"}],"wp:attachment":[{"href":"https:\/\/nbg.eu\/hr\/wp-json\/wp\/v2\/media?parent=697548"}],"wp:term":[{"taxonomy":"product_brand","embeddable":true,"href":"https:\/\/nbg.eu\/hr\/wp-json\/wp\/v2\/product_brand?post=697548"},{"taxonomy":"product_cat","embeddable":true,"href":"https:\/\/nbg.eu\/hr\/wp-json\/wp\/v2\/product_cat?post=697548"},{"taxonomy":"product_tag","embeddable":true,"href":"https:\/\/nbg.eu\/hr\/wp-json\/wp\/v2\/product_tag?post=697548"}],"curies":[{"name":"wp","href":"https:\/\/api.w.org\/{rel}","templated":true}]}}