{"id":698001,"date":"2025-12-22T17:41:31","date_gmt":"2025-12-22T14:41:31","guid":{"rendered":"https:\/\/nbg.eu\/product\/upranger-pack\/"},"modified":"2026-01-07T13:14:45","modified_gmt":"2026-01-07T10:14:45","slug":"upranger-pack","status":"publish","type":"product","link":"https:\/\/nbg.eu\/hr\/proizvod\/upranger-pack\/","title":{"rendered":"UpRanger Pack"},"content":{"rendered":"<h2>UpRanger paket: Revolucionirajte svoj 3-Gun i vanjski opremu za no\u0161enje<\/h2>\n<p>Inspiriran potrebama 3-Gun prvaka, UpRanger\u2122 paket mijenja pravila igre. Dizajniran je da se spu\u0161ta na svoju izdr\u017eljivu polikarbonatnu vanjsku stranu, a paket se mo\u017ee otvoriti sa strane kop\u010de za brzi pristup opremi bez nepotrebnog habanja ili prljav\u0161tine. Bilo da ga koristite na poligonu, kao izdr\u017eljivi fotoaparat, ili za neku drugu outdoor avanturu, UpRanger ima kapacitet i zna\u010dajke da se nosi sa svime.<\/p>\n<p>S prostornim volumenom od 3260 kubi\u010dnih in\u010da (53,4 L) i te\u017einom od samo 6,45 funti, UpRanger je visoko sposoban, ali lagan paket. Njegova jastu\u010dasta, podesiva naramenica osigurava udoban no\u0161enje, dok prilagodljivi pregradnici omogu\u0107uju vam prilagodbu unutarnjeg rasporeda prema va\u0161im specifi\u010dnim potrebama. Za dodatnu za\u0161titu, paket je kompatibilan s na\u0161om velikim reverzibilnim ki\u0161nim pokriva\u010dem kako bi va\u0161a oprema ostala suha u lo\u0161im vremenskim uvjetima.<\/p>\n<p>Za ultimativnu 3-Gun postavku, uparite UpRanger s na\u0161im Sidewinder pu\u0161kama za cjelokupno rje\u0161enje koje dr\u017ei va\u0161e vatreno oru\u017eje sigurno i lako dostupno. Uklonjivi bo\u010dni krilni paneli pru\u017eaju dodatnu fleksibilnost, omogu\u0107uju\u0107i vam konfiguriranje paketa prema va\u0161im jedinstvenim zahtjevima.<\/p>\n<p>Podignite upravljanje va\u0161om outdoor opremom s inovativnim UpRanger paketom, dizajniranim da pojednostavi va\u0161e aktivnosti i dr\u017ei va\u0161u osnovnu opremu organiziranu i za\u0161ti\u0107enu.<\/p>\n","protected":false},"excerpt":{"rendered":"<p>Vi\u0161enamjenska torbica za 3 pi\u0161tolja s polikarbonatnom podlogom za brzi i \u010disti pristup.<\/p>\n","protected":false},"featured_media":696434,"template":"","meta":{"_acf_changed":false},"product_brand":[15140],"product_cat":[13513],"product_tag":[],"class_list":{"0":"post-698001","1":"product","2":"type-product","3":"status-publish","4":"has-post-thumbnail","6":"product_brand-eberlestock","7":"product_cat-ruksaci","9":"first","10":"instock","11":"taxable","12":"shipping-taxable","13":"purchasable","14":"product-type-variable","15":"wvs-archive-product-wrapper"},"acf":[],"_links":{"self":[{"href":"https:\/\/nbg.eu\/hr\/wp-json\/wp\/v2\/product\/698001","targetHints":{"allow":["GET"]}}],"collection":[{"href":"https:\/\/nbg.eu\/hr\/wp-json\/wp\/v2\/product"}],"about":[{"href":"https:\/\/nbg.eu\/hr\/wp-json\/wp\/v2\/types\/product"}],"wp:featuredmedia":[{"embeddable":true,"href":"https:\/\/nbg.eu\/hr\/wp-json\/wp\/v2\/media\/696434"}],"wp:attachment":[{"href":"https:\/\/nbg.eu\/hr\/wp-json\/wp\/v2\/media?parent=698001"}],"wp:term":[{"taxonomy":"product_brand","embeddable":true,"href":"https:\/\/nbg.eu\/hr\/wp-json\/wp\/v2\/product_brand?post=698001"},{"taxonomy":"product_cat","embeddable":true,"href":"https:\/\/nbg.eu\/hr\/wp-json\/wp\/v2\/product_cat?post=698001"},{"taxonomy":"product_tag","embeddable":true,"href":"https:\/\/nbg.eu\/hr\/wp-json\/wp\/v2\/product_tag?post=698001"}],"curies":[{"name":"wp","href":"https:\/\/api.w.org\/{rel}","templated":true}]}}