{"id":698309,"date":"2025-12-22T17:45:44","date_gmt":"2025-12-22T14:45:44","guid":{"rendered":"https:\/\/nbg.eu\/product\/streljacka-prostirka-za-odmor\/"},"modified":"2026-04-15T14:09:50","modified_gmt":"2026-04-15T11:09:50","slug":"streljacka-prostirka-za-odmor","status":"publish","type":"product","link":"https:\/\/nbg.eu\/hr\/proizvod\/streljacka-prostirka-za-odmor\/","title":{"rendered":"Eberlestock Prostirka za Ga\u0111anje Dirt Nap"},"content":{"rendered":"<h2>Prostirka za streljanje Dirt Nap: Optimizirana za udobnost i prakti\u010dnost u le\u017ee\u0107em polo\u017eaju za pucanje<\/h2>\n<p>Prostirka za streljanje Dirt Nap stru\u010dno je dizajnirana i prioritizirana za le\u017ee\u0107i polo\u017eaj za pucanje. Ona pobolj\u0161ava va\u0161e izlete s boljom udobno\u0161\u0107u i prakti\u010dno\u0161\u0107u, \u010dine\u0107i je nu\u017enim dodatkom va\u0161em setu za dane na streli\u0161tu.<\/p>\n<p>Dirt Nap ima individualno oblo\u017eene \u0107elije koje stvaraju prirodne nabore, omogu\u0107avaju\u0107i jednostavno presavijanje i kompaktno skladi\u0161tenje. S potpunom oblogom u gornjoj polovici i nastavkom na sredini donje polovice, ona pru\u017ea maksimalnu udobnost to\u010dno na mjestu gdje vam je to najpotrebnije.<\/p>\n<p>Mjere\u0107i 94&#8243; du\u017eine x 34&#8243; \u0161irine i savijaju\u0107i se do kompaktne veli\u010dine od 12&#8243; x 17&#8243;, Dirt Nap Prostirka za streljanje te\u017ei samo 4 funte i 13 unca. Njena izdr\u017eljiva 600D PVC oblo\u017eena najlonska konstrukcija, PVC oblo\u017eena donja strana i prakti\u010dna ru\u010dka za no\u0161enje \u010dine je robusnim i prakti\u010dnim izborom za svakog strijelca.<\/p>\n<p>Poklopac za pohranu s 20 mm remenom i kop\u010dama osigurava da va\u0161a Dirt Nap ostane sigurno na mjestu, dok zna\u010dajke promi\u0161ljenog dizajna od nje \u010dine nu\u017ean dio opreme za va\u0161 sljede\u0107i dan na streli\u0161tu.<\/p>\n","protected":false},"excerpt":{"rendered":"<p>Strelja\u010dka podlo\u017enica Dirt Nap &#8211; stru\u010dno dizajnirana za le\u017ee\u0107i polo\u017eaj, pru\u017eaju\u0107i vrhunsku udobnost i prakti\u010dnost.<\/p>\n","protected":false},"featured_media":698410,"template":"","meta":{"_acf_changed":false},"product_brand":[15140],"product_cat":[13577],"product_tag":[],"class_list":{"0":"post-698309","1":"product","2":"type-product","3":"status-publish","4":"has-post-thumbnail","6":"product_brand-eberlestock","7":"product_cat-oprema","9":"first","10":"instock","11":"taxable","12":"shipping-taxable","13":"purchasable","14":"product-type-variable","15":"wvs-archive-product-wrapper"},"acf":[],"_links":{"self":[{"href":"https:\/\/nbg.eu\/hr\/wp-json\/wp\/v2\/product\/698309","targetHints":{"allow":["GET"]}}],"collection":[{"href":"https:\/\/nbg.eu\/hr\/wp-json\/wp\/v2\/product"}],"about":[{"href":"https:\/\/nbg.eu\/hr\/wp-json\/wp\/v2\/types\/product"}],"wp:featuredmedia":[{"embeddable":true,"href":"https:\/\/nbg.eu\/hr\/wp-json\/wp\/v2\/media\/698410"}],"wp:attachment":[{"href":"https:\/\/nbg.eu\/hr\/wp-json\/wp\/v2\/media?parent=698309"}],"wp:term":[{"taxonomy":"product_brand","embeddable":true,"href":"https:\/\/nbg.eu\/hr\/wp-json\/wp\/v2\/product_brand?post=698309"},{"taxonomy":"product_cat","embeddable":true,"href":"https:\/\/nbg.eu\/hr\/wp-json\/wp\/v2\/product_cat?post=698309"},{"taxonomy":"product_tag","embeddable":true,"href":"https:\/\/nbg.eu\/hr\/wp-json\/wp\/v2\/product_tag?post=698309"}],"curies":[{"name":"wp","href":"https:\/\/api.w.org\/{rel}","templated":true}]}}