{"id":698717,"date":"2025-12-22T17:51:28","date_gmt":"2025-12-22T14:51:28","guid":{"rendered":"https:\/\/nbg.eu\/product\/lodrag-ii-pack\/"},"modified":"2026-04-15T14:09:47","modified_gmt":"2026-04-15T11:09:47","slug":"lodrag-ii-pack","status":"publish","type":"product","link":"https:\/\/nbg.eu\/hr\/proizvod\/lodrag-ii-pack\/","title":{"rendered":"Eberlestock Ruksak LoDrag II"},"content":{"rendered":"<h2>X31 LoDrag II\u2122 Takti\u010dka Torba<\/h2>\n<p>Dizajnirana da bude vrlo funkcionalna, lagana takti\u010dka torba, kao i da uklju\u010duje pretinac za takti\u010dko oru\u017eje, X31 LoDrag II\u2122 postao je standard u preciznom pu\u0161\u010darskom svijetu. Unutar glavnog odjeljka, LoDrag II ima preklopnu policu za odvajanje gornjeg i donjeg prostora za punjenje i utor za hidrataciju za na\u0161e sustave hidratacije od 2L i 3L. Bo\u010dni kompresijski remeni imaju HD 25mm kop\u010de za brzo otpu\u0161tanje predmeta poput trono\u017eaca stisnutih uz stranu torbe.<\/p>\n<h2>Dimenzije<\/h2>\n<p>Volumen: 2290 c.i. \/ 37.5L<br \/>\nTe\u017eina: 6.85 lbs<br \/>\nDimenzije: 22.5V x 11\u0160 x 11.75D<br \/>\nDimenzije pretinca: 34&#8243; V x 10&#8243; \u0160 x 3D<\/p>\n<h2>Zna\u010dajke<\/h2>\n<ul>\n<li>Pretinac za takti\u010dko oru\u017eje<\/li>\n<li>Preklopna polica za odvajanje gornjeg i donjeg prostora za punjenje<\/li>\n<li>Uklju\u010den ki\u0161ni pokrov<\/li>\n<li>Utor za hidrataciju<\/li>\n<\/ul>\n","protected":false},"excerpt":{"rendered":"<p>Lagani takti\u010dki ruksak s pretincem za oru\u017eje, preklopivom police i odjeljkom za hidrataciju.<\/p>\n","protected":false},"featured_media":698764,"template":"","meta":{"_acf_changed":false},"product_brand":[15140],"product_cat":[13513],"product_tag":[],"class_list":{"0":"post-698717","1":"product","2":"type-product","3":"status-publish","4":"has-post-thumbnail","6":"product_brand-eberlestock","7":"product_cat-ruksaci","9":"first","10":"instock","11":"taxable","12":"shipping-taxable","13":"purchasable","14":"product-type-variable","15":"wvs-archive-product-wrapper"},"acf":[],"_links":{"self":[{"href":"https:\/\/nbg.eu\/hr\/wp-json\/wp\/v2\/product\/698717","targetHints":{"allow":["GET"]}}],"collection":[{"href":"https:\/\/nbg.eu\/hr\/wp-json\/wp\/v2\/product"}],"about":[{"href":"https:\/\/nbg.eu\/hr\/wp-json\/wp\/v2\/types\/product"}],"wp:featuredmedia":[{"embeddable":true,"href":"https:\/\/nbg.eu\/hr\/wp-json\/wp\/v2\/media\/698764"}],"wp:attachment":[{"href":"https:\/\/nbg.eu\/hr\/wp-json\/wp\/v2\/media?parent=698717"}],"wp:term":[{"taxonomy":"product_brand","embeddable":true,"href":"https:\/\/nbg.eu\/hr\/wp-json\/wp\/v2\/product_brand?post=698717"},{"taxonomy":"product_cat","embeddable":true,"href":"https:\/\/nbg.eu\/hr\/wp-json\/wp\/v2\/product_cat?post=698717"},{"taxonomy":"product_tag","embeddable":true,"href":"https:\/\/nbg.eu\/hr\/wp-json\/wp\/v2\/product_tag?post=698717"}],"curies":[{"name":"wp","href":"https:\/\/api.w.org\/{rel}","templated":true}]}}